{"id":140354,"date":"2025-05-18T23:09:40","date_gmt":"2025-05-18T23:09:40","guid":{"rendered":"https:\/\/staging2.stylingagenten.com\/fi\/produkt\/kokie-soft-gradient-blush-delight\/"},"modified":"2025-11-29T15:02:54","modified_gmt":"2025-11-29T15:02:54","slug":"kokie-soft-gradient-blush-delight","status":"publish","type":"product","link":"https:\/\/stylingagenten.com\/fi\/tuote\/kokie-soft-gradient-blush-delight\/","title":{"rendered":"Kokie Soft Gradient Blush &#8211; Delight"},"content":{"rendered":"<p>Jokaisessa Kokien Soft Gradient -poskipunassa on ombre-vaikutelma, jossa v\u00e4rit sekoittuvat yhteen t\u00e4ydellisen imartelevan lopputuloksen saavuttamiseksi. Pigmentoitu koostumus on rakennettavissa, joten voit saavuttaa kaiken pehme\u00e4st\u00e4 poskipunasta korostettuun poskipunaan.<\/p>\n<p>Hienohiottu, ylellinen ja pehme\u00e4 rakenne<br \/>Loistavat viile\u00e4n ja l\u00e4mpim\u00e4n s\u00e4vyiset poskipunat<br \/>Saatavana mattapintaisena ja hohtavana.<\/p>\n","protected":false},"excerpt":{"rendered":"<p>Jokaisessa Kokien Soft Gradient -poskipunassa on ombre-vaikutelma, jossa v\u00e4rit sekoittuvat yhteen t\u00e4ydellisen imartelevan lopputuloksen saavuttamiseksi. Pigmentoitu koostumus on rakennettavissa, joten voit saavuttaa kaiken pehme\u00e4st\u00e4 poskipunasta korostettuun poskipunaan. Hienohiottu, ylellinen ja pehme\u00e4 rakenneLoistavat viile\u00e4n ja l\u00e4mpim\u00e4n s\u00e4vyiset poskipunatSaatavana mattapintaisena ja hohtavana.<\/p>\n","protected":false},"featured_media":140347,"comment_status":"open","ping_status":"closed","template":"","meta":{"_trash_the_other_posts":false},"product_brand":[],"product_cat":[613],"product_tag":[3168],"berocket_brand":[1198],"class_list":{"0":"post-140354","1":"product","2":"type-product","3":"status-publish","4":"has-post-thumbnail","6":"product_cat-rouge","7":"product_tag-kokie-soft-gradient-blush","8":"pa_brand-kokie-cosmetics","9":"pa_variantti-delight","10":"berocket_brand-kokie-cosmetics","12":"first","13":"instock","14":"sale","15":"taxable","16":"shipping-taxable","17":"purchasable","18":"product-type-simple"},"_links":{"self":[{"href":"https:\/\/stylingagenten.com\/fi\/wp-json\/wp\/v2\/product\/140354","targetHints":{"allow":["GET"]}}],"collection":[{"href":"https:\/\/stylingagenten.com\/fi\/wp-json\/wp\/v2\/product"}],"about":[{"href":"https:\/\/stylingagenten.com\/fi\/wp-json\/wp\/v2\/types\/product"}],"replies":[{"embeddable":true,"href":"https:\/\/stylingagenten.com\/fi\/wp-json\/wp\/v2\/comments?post=140354"}],"version-history":[{"count":0,"href":"https:\/\/stylingagenten.com\/fi\/wp-json\/wp\/v2\/product\/140354\/revisions"}],"wp:featuredmedia":[{"embeddable":true,"href":"https:\/\/stylingagenten.com\/fi\/wp-json\/wp\/v2\/media\/140347"}],"wp:attachment":[{"href":"https:\/\/stylingagenten.com\/fi\/wp-json\/wp\/v2\/media?parent=140354"}],"wp:term":[{"taxonomy":"product_brand","embeddable":true,"href":"https:\/\/stylingagenten.com\/fi\/wp-json\/wp\/v2\/product_brand?post=140354"},{"taxonomy":"product_cat","embeddable":true,"href":"https:\/\/stylingagenten.com\/fi\/wp-json\/wp\/v2\/product_cat?post=140354"},{"taxonomy":"product_tag","embeddable":true,"href":"https:\/\/stylingagenten.com\/fi\/wp-json\/wp\/v2\/product_tag?post=140354"},{"taxonomy":"berocket_brand","embeddable":true,"href":"https:\/\/stylingagenten.com\/fi\/wp-json\/wp\/v2\/berocket_brand?post=140354"}],"curies":[{"name":"wp","href":"https:\/\/api.w.org\/{rel}","templated":true}]}}