{"id":140350,"date":"2025-05-18T23:09:39","date_gmt":"2025-05-18T23:09:39","guid":{"rendered":"https:\/\/staging2.stylingagenten.com\/fi\/produkt\/max-factor-creme-puff-blush-10-nude-mauve-1-5g\/"},"modified":"2026-04-13T06:37:33","modified_gmt":"2026-04-13T06:37:33","slug":"max-factor-creme-puff-blush-10-nude-mauve-1-5g","status":"publish","type":"product","link":"https:\/\/stylingagenten.com\/fi\/tuote\/max-factor-creme-puff-blush-10-nude-mauve-1-5g\/","title":{"rendered":"Max Factor Creme Puff Blush 10 Nude Mauve 1.5g"},"content":{"rendered":"<p>Max Factor Creme Puff Blush 10 Nude Mauve 1,5 g<br \/>Max Factor Creme Puff Blushilla saat t\u00e4ydellisen, s\u00e4teilev\u00e4n ihon koko p\u00e4iv\u00e4n. Kermainen koostumus tekee siit\u00e4 helpon levityksen, ei tahraa ja j\u00e4tt\u00e4\u00e4 raikkaan lopputuloksen kaikille ihotyypeille. Puuteria voidaan k\u00e4ytt\u00e4\u00e4 kosteusvoiteen p\u00e4\u00e4ll\u00e4 tai meikkivoiteen viimeistelyn\u00e4.<\/p>\n","protected":false},"excerpt":{"rendered":"<p>Max Factor Creme Puff Blush 10 Nude Mauve 1,5 gMax Factor Creme Puff Blushilla saat t\u00e4ydellisen, s\u00e4teilev\u00e4n ihon koko p\u00e4iv\u00e4n. Kermainen koostumus tekee siit\u00e4 helpon levityksen, ei tahraa ja j\u00e4tt\u00e4\u00e4 raikkaan lopputuloksen kaikille ihotyypeille. Puuteria voidaan k\u00e4ytt\u00e4\u00e4 kosteusvoiteen p\u00e4\u00e4ll\u00e4 tai meikkivoiteen viimeistelyn\u00e4.<\/p>\n","protected":false},"featured_media":140344,"comment_status":"open","ping_status":"closed","template":"","meta":{"_trash_the_other_posts":false},"product_brand":[],"product_cat":[613],"product_tag":[3473],"berocket_brand":[1013],"class_list":{"0":"post-140350","1":"product","2":"type-product","3":"status-publish","4":"has-post-thumbnail","6":"product_cat-rouge","7":"product_tag-max-factor-creme-puff-blush","8":"pa_brand-max-factor","9":"pa_variantti-10-nude-mauve","10":"berocket_brand-max-factor","12":"first","13":"instock","14":"sale","15":"taxable","16":"shipping-taxable","17":"purchasable","18":"product-type-simple"},"_links":{"self":[{"href":"https:\/\/stylingagenten.com\/fi\/wp-json\/wp\/v2\/product\/140350","targetHints":{"allow":["GET"]}}],"collection":[{"href":"https:\/\/stylingagenten.com\/fi\/wp-json\/wp\/v2\/product"}],"about":[{"href":"https:\/\/stylingagenten.com\/fi\/wp-json\/wp\/v2\/types\/product"}],"replies":[{"embeddable":true,"href":"https:\/\/stylingagenten.com\/fi\/wp-json\/wp\/v2\/comments?post=140350"}],"version-history":[{"count":0,"href":"https:\/\/stylingagenten.com\/fi\/wp-json\/wp\/v2\/product\/140350\/revisions"}],"wp:featuredmedia":[{"embeddable":true,"href":"https:\/\/stylingagenten.com\/fi\/wp-json\/wp\/v2\/media\/140344"}],"wp:attachment":[{"href":"https:\/\/stylingagenten.com\/fi\/wp-json\/wp\/v2\/media?parent=140350"}],"wp:term":[{"taxonomy":"product_brand","embeddable":true,"href":"https:\/\/stylingagenten.com\/fi\/wp-json\/wp\/v2\/product_brand?post=140350"},{"taxonomy":"product_cat","embeddable":true,"href":"https:\/\/stylingagenten.com\/fi\/wp-json\/wp\/v2\/product_cat?post=140350"},{"taxonomy":"product_tag","embeddable":true,"href":"https:\/\/stylingagenten.com\/fi\/wp-json\/wp\/v2\/product_tag?post=140350"},{"taxonomy":"berocket_brand","embeddable":true,"href":"https:\/\/stylingagenten.com\/fi\/wp-json\/wp\/v2\/berocket_brand?post=140350"}],"curies":[{"name":"wp","href":"https:\/\/api.w.org\/{rel}","templated":true}]}}