{"id":140311,"date":"2025-05-18T23:09:33","date_gmt":"2025-05-18T23:09:33","guid":{"rendered":"https:\/\/staging2.stylingagenten.com\/fi\/produkt\/bareminerals-gen-nude-highlighting-blush-rose-glow\/"},"modified":"2026-02-03T11:36:42","modified_gmt":"2026-02-03T11:36:42","slug":"bareminerals-gen-nude-highlighting-blush-rose-glow","status":"publish","type":"product","link":"https:\/\/stylingagenten.com\/fi\/tuote\/bareminerals-gen-nude-highlighting-blush-rose-glow\/","title":{"rendered":"BareMinerals Gen Nude Highlighting Blush Rose Glow"},"content":{"rendered":"<p>BareMinerals Gen Nude Highlighting Blush on 2-in-1 hybrid poskipuna ja highlighter, joka yhdist\u00e4\u00e4 poskipunan roosan s\u00e4vyn ja highlighterin &#8221;hehkun&#8221; \u2013 vain yhdess\u00e4 vaiheessa.<br \/>Saavuta luonnollisesti kiilt\u00e4v\u00e4, roosainen hehku t\u00e4ll\u00e4 silkkisell\u00e4, painottomalla koostumuksella. Hienoksi jauhetut, valoa heijastavat helmet sulautuvat ihoon ja antavat kauniin raikkaan ja kevyen hehkun, joka n\u00e4ytt\u00e4\u00e4 tulevan sis\u00e4lt\u00e4p\u00e4in.<\/p>\n<p>MIT\u00c4 SE TEKEE:<br \/>-Silkkiset, sumentavat mineraalimikrosf\u00e4\u00e4rit sulautuvat vaivattomasti ihoon tasoittaen huokosia ja ep\u00e4tasaisuuksia.<br \/>-Poskipuna + highlighter -hybridi, jossa on silkkinen koostumus, joka sulautuu saumattomasti ihoon ja antaa hehkun, joka sulautuu meikkiisi.<br \/>-Tasoittaa ihon ep\u00e4tasaisuuksia.<br \/>-Pit\u00e4\u00e4 koko p\u00e4iv\u00e4n.<\/p>\n<p>KULUTTAJATESTATTU:<br \/>-97 % sanoo, ett\u00e4 se tuntuu pehme\u00e4lt\u00e4 ja painottomalta iholla*.<br \/>-83 % koki, ett\u00e4 heid\u00e4n ihonsa sai terveen hehkun*.<br \/>*Perustuu kliiniseen tutkimukseen 1 viikon ajalta 30 osallistujalla.<\/p>\n<p>SIIT\u00c4 PID\u00c4T:<br \/>-Dermatologisesti testattu.<br \/>-Vegaaninen.<br \/>-Talkiton + gluteeniton, synteettinen tuoksu, PEG ja muita aineita ei sis\u00e4ll\u00e4.<\/p>\n<p>V\u00e4ri: Rose Glow<\/p>\n","protected":false},"excerpt":{"rendered":"<p>BareMinerals Gen Nude Highlighting Blush on 2-in-1 hybrid poskipuna ja highlighter, joka yhdist\u00e4\u00e4 poskipunan roosan s\u00e4vyn ja highlighterin &#8221;hehkun&#8221; \u2013 vain yhdess\u00e4 vaiheessa.Saavuta luonnollisesti kiilt\u00e4v\u00e4, roosainen hehku t\u00e4ll\u00e4 silkkisell\u00e4, painottomalla koostumuksella. Hienoksi jauhetut, valoa heijastavat helmet sulautuvat ihoon ja antavat kauniin raikkaan ja kevyen hehkun, joka n\u00e4ytt\u00e4\u00e4 tulevan sis\u00e4lt\u00e4p\u00e4in. MIT\u00c4 SE TEKEE:-Silkkiset, sumentavat mineraalimikrosf\u00e4\u00e4rit sulautuvat [&hellip;]<\/p>\n","protected":false},"featured_media":140280,"comment_status":"open","ping_status":"closed","template":"","meta":{"_trash_the_other_posts":false},"product_brand":[],"product_cat":[613],"product_tag":[2476],"berocket_brand":[1256],"class_list":{"0":"post-140311","1":"product","2":"type-product","3":"status-publish","4":"has-post-thumbnail","6":"product_cat-rouge","7":"product_tag-bareminerals-gen-nude-highlighting-blush","8":"pa_brand-bareminerals","9":"pa_variantti-rose-glow","10":"berocket_brand-bareminerals","12":"first","13":"instock","14":"sale","15":"taxable","16":"shipping-taxable","17":"purchasable","18":"product-type-simple"},"_links":{"self":[{"href":"https:\/\/stylingagenten.com\/fi\/wp-json\/wp\/v2\/product\/140311","targetHints":{"allow":["GET"]}}],"collection":[{"href":"https:\/\/stylingagenten.com\/fi\/wp-json\/wp\/v2\/product"}],"about":[{"href":"https:\/\/stylingagenten.com\/fi\/wp-json\/wp\/v2\/types\/product"}],"replies":[{"embeddable":true,"href":"https:\/\/stylingagenten.com\/fi\/wp-json\/wp\/v2\/comments?post=140311"}],"version-history":[{"count":0,"href":"https:\/\/stylingagenten.com\/fi\/wp-json\/wp\/v2\/product\/140311\/revisions"}],"wp:featuredmedia":[{"embeddable":true,"href":"https:\/\/stylingagenten.com\/fi\/wp-json\/wp\/v2\/media\/140280"}],"wp:attachment":[{"href":"https:\/\/stylingagenten.com\/fi\/wp-json\/wp\/v2\/media?parent=140311"}],"wp:term":[{"taxonomy":"product_brand","embeddable":true,"href":"https:\/\/stylingagenten.com\/fi\/wp-json\/wp\/v2\/product_brand?post=140311"},{"taxonomy":"product_cat","embeddable":true,"href":"https:\/\/stylingagenten.com\/fi\/wp-json\/wp\/v2\/product_cat?post=140311"},{"taxonomy":"product_tag","embeddable":true,"href":"https:\/\/stylingagenten.com\/fi\/wp-json\/wp\/v2\/product_tag?post=140311"},{"taxonomy":"berocket_brand","embeddable":true,"href":"https:\/\/stylingagenten.com\/fi\/wp-json\/wp\/v2\/berocket_brand?post=140311"}],"curies":[{"name":"wp","href":"https:\/\/api.w.org\/{rel}","templated":true}]}}