{"id":140269,"date":"2025-05-18T23:09:26","date_gmt":"2025-05-18T23:09:26","guid":{"rendered":"https:\/\/staging2.stylingagenten.com\/fi\/produkt\/travalo-classic-refillable-perfume-spray-silver-5ml\/"},"modified":"2026-04-06T09:21:07","modified_gmt":"2026-04-06T09:21:07","slug":"travalo-classic-refillable-perfume-spray-silver-5ml","status":"publish","type":"product","link":"https:\/\/stylingagenten.com\/fi\/tuote\/travalo-classic-refillable-perfume-spray-silver-5ml\/","title":{"rendered":"Travalo Classic Refillable Perfume Spray Silver 5ml"},"content":{"rendered":"<p>Ota suosikkihajuvesi mukaan minne ikin\u00e4 menetkin Travalo Classic HD Atomiser -suihkepullon avulla.<br \/>Pullo voidaan t\u00e4ytt\u00e4\u00e4 uudelleen; suoraan tavallisesta hajuvesipullosta Travalon patentoidun teknologian avulla.<br \/> Hajuvesi on k\u00e4ytt\u00f6valmis ja k\u00e4tev\u00e4 kuljettaa mukana nesteess\u00e4. Pulloon mahtuu 5 ml hajuvett\u00e4, noin 65 suihketta tuoksuasi.<br \/>Tasoilmaisinikkunan ansiosta n\u00e4et aina, kuinka paljon pullossa on j\u00e4ljell\u00e4. <br \/>D&aring; tuote on t\u00e4ysin lasiton, se vuotaa ja on hyv\u00e4ksytty mukaasi. lentokone.<\/p>\n","protected":false},"excerpt":{"rendered":"<p>Ota suosikkihajuvesi mukaan minne ikin\u00e4 menetkin Travalo Classic HD Atomiser -suihkepullon avulla.Pullo voidaan t\u00e4ytt\u00e4\u00e4 uudelleen; suoraan tavallisesta hajuvesipullosta Travalon patentoidun teknologian avulla. Hajuvesi on k\u00e4ytt\u00f6valmis ja k\u00e4tev\u00e4 kuljettaa mukana nesteess\u00e4. Pulloon mahtuu 5 ml hajuvett\u00e4, noin 65 suihketta tuoksuasi.Tasoilmaisinikkunan ansiosta n\u00e4et aina, kuinka paljon pullossa on j\u00e4ljell\u00e4. D&aring; tuote on t\u00e4ysin lasiton, se vuotaa ja [&hellip;]<\/p>\n","protected":false},"featured_media":140261,"comment_status":"open","ping_status":"closed","template":"","meta":{"_trash_the_other_posts":false},"product_brand":[],"product_cat":[633],"product_tag":[4027],"berocket_brand":[1133],"class_list":{"0":"post-140269","1":"product","2":"type-product","3":"status-publish","4":"has-post-thumbnail","6":"product_cat-matkapakkaus","7":"product_tag-travalo-classic-refillable-perfume-spray-5ml","8":"pa_brand-travalo","9":"pa_variantti-silver","10":"berocket_brand-travalo","12":"first","13":"instock","14":"sale","15":"taxable","16":"shipping-taxable","17":"purchasable","18":"product-type-simple"},"_links":{"self":[{"href":"https:\/\/stylingagenten.com\/fi\/wp-json\/wp\/v2\/product\/140269","targetHints":{"allow":["GET"]}}],"collection":[{"href":"https:\/\/stylingagenten.com\/fi\/wp-json\/wp\/v2\/product"}],"about":[{"href":"https:\/\/stylingagenten.com\/fi\/wp-json\/wp\/v2\/types\/product"}],"replies":[{"embeddable":true,"href":"https:\/\/stylingagenten.com\/fi\/wp-json\/wp\/v2\/comments?post=140269"}],"version-history":[{"count":0,"href":"https:\/\/stylingagenten.com\/fi\/wp-json\/wp\/v2\/product\/140269\/revisions"}],"wp:featuredmedia":[{"embeddable":true,"href":"https:\/\/stylingagenten.com\/fi\/wp-json\/wp\/v2\/media\/140261"}],"wp:attachment":[{"href":"https:\/\/stylingagenten.com\/fi\/wp-json\/wp\/v2\/media?parent=140269"}],"wp:term":[{"taxonomy":"product_brand","embeddable":true,"href":"https:\/\/stylingagenten.com\/fi\/wp-json\/wp\/v2\/product_brand?post=140269"},{"taxonomy":"product_cat","embeddable":true,"href":"https:\/\/stylingagenten.com\/fi\/wp-json\/wp\/v2\/product_cat?post=140269"},{"taxonomy":"product_tag","embeddable":true,"href":"https:\/\/stylingagenten.com\/fi\/wp-json\/wp\/v2\/product_tag?post=140269"},{"taxonomy":"berocket_brand","embeddable":true,"href":"https:\/\/stylingagenten.com\/fi\/wp-json\/wp\/v2\/berocket_brand?post=140269"}],"curies":[{"name":"wp","href":"https:\/\/api.w.org\/{rel}","templated":true}]}}