{"id":140233,"date":"2025-05-18T23:09:14","date_gmt":"2025-05-18T23:09:14","guid":{"rendered":"https:\/\/staging2.stylingagenten.com\/fi\/produkt\/max-factor-creme-puff-075-golden\/"},"modified":"2026-04-12T09:58:34","modified_gmt":"2026-04-12T09:58:34","slug":"max-factor-creme-puff-075-golden","status":"publish","type":"product","link":"https:\/\/stylingagenten.com\/fi\/tuote\/max-factor-creme-puff-075-golden\/","title":{"rendered":"Max Factor Creme Puff 075 Golden"},"content":{"rendered":"<p>Glamour-iho on helppo saavuttaa; t\u00e4m\u00e4n jauheen kanssa. Max Factor Creme Puff antaa ylellisen t\u00e4yden peitt\u00e4v\u00e4n tuloksen. Se sopii t\u00e4ydellisesti kaikille ihotyypeille ja antaa virheett\u00f6m\u00e4n lopputuloksen pehme\u00e4ll\u00e4, huomaamattomalla kiilteell\u00e4 miljoonien valoa heijastavien hiukkasten ansiosta.<\/p>\n<p><strong>K\u00e4ytt\u00f6:<\/strong> Make -up the -vinkkej\u00e4 taiteilija; Creme Puffia voidaan k\u00e4ytt\u00e4\u00e4 sek\u00e4 tavallisen meikkivoiteen erikoismatta mattana; hyvin kosteutettu iho tai &#8211; sit\u00e4 pit\u00e4v\u00e4lle &#8211; harjattu p\u00e4\u00e4lle; meikkivoide peitt\u00e4v\u00e4n\u00e4 jauheena.<\/p>\n","protected":false},"excerpt":{"rendered":"<p>Glamour-iho on helppo saavuttaa; t\u00e4m\u00e4n jauheen kanssa. Max Factor Creme Puff antaa ylellisen t\u00e4yden peitt\u00e4v\u00e4n tuloksen. Se sopii t\u00e4ydellisesti kaikille ihotyypeille ja antaa virheett\u00f6m\u00e4n lopputuloksen pehme\u00e4ll\u00e4, huomaamattomalla kiilteell\u00e4 miljoonien valoa heijastavien hiukkasten ansiosta. K\u00e4ytt\u00f6: Make -up the -vinkkej\u00e4 taiteilija; Creme Puffia voidaan k\u00e4ytt\u00e4\u00e4 sek\u00e4 tavallisen meikkivoiteen erikoismatta mattana; hyvin kosteutettu iho tai &#8211; sit\u00e4 pit\u00e4v\u00e4lle [&hellip;]<\/p>\n","protected":false},"featured_media":140228,"comment_status":"open","ping_status":"closed","template":"","meta":{"_trash_the_other_posts":false},"product_brand":[],"product_cat":[606],"product_tag":[3472],"berocket_brand":[1013],"class_list":{"0":"post-140233","1":"product","2":"type-product","3":"status-publish","4":"has-post-thumbnail","6":"product_cat-jauhe","7":"product_tag-max-factor-creme-puff","8":"pa_brand-max-factor","9":"pa_variantti-075-golden","10":"berocket_brand-max-factor","12":"first","13":"instock","14":"sale","15":"taxable","16":"shipping-taxable","17":"purchasable","18":"product-type-simple"},"_links":{"self":[{"href":"https:\/\/stylingagenten.com\/fi\/wp-json\/wp\/v2\/product\/140233","targetHints":{"allow":["GET"]}}],"collection":[{"href":"https:\/\/stylingagenten.com\/fi\/wp-json\/wp\/v2\/product"}],"about":[{"href":"https:\/\/stylingagenten.com\/fi\/wp-json\/wp\/v2\/types\/product"}],"replies":[{"embeddable":true,"href":"https:\/\/stylingagenten.com\/fi\/wp-json\/wp\/v2\/comments?post=140233"}],"version-history":[{"count":0,"href":"https:\/\/stylingagenten.com\/fi\/wp-json\/wp\/v2\/product\/140233\/revisions"}],"wp:featuredmedia":[{"embeddable":true,"href":"https:\/\/stylingagenten.com\/fi\/wp-json\/wp\/v2\/media\/140228"}],"wp:attachment":[{"href":"https:\/\/stylingagenten.com\/fi\/wp-json\/wp\/v2\/media?parent=140233"}],"wp:term":[{"taxonomy":"product_brand","embeddable":true,"href":"https:\/\/stylingagenten.com\/fi\/wp-json\/wp\/v2\/product_brand?post=140233"},{"taxonomy":"product_cat","embeddable":true,"href":"https:\/\/stylingagenten.com\/fi\/wp-json\/wp\/v2\/product_cat?post=140233"},{"taxonomy":"product_tag","embeddable":true,"href":"https:\/\/stylingagenten.com\/fi\/wp-json\/wp\/v2\/product_tag?post=140233"},{"taxonomy":"berocket_brand","embeddable":true,"href":"https:\/\/stylingagenten.com\/fi\/wp-json\/wp\/v2\/berocket_brand?post=140233"}],"curies":[{"name":"wp","href":"https:\/\/api.w.org\/{rel}","templated":true}]}}