{"id":140198,"date":"2025-05-18T23:09:04","date_gmt":"2025-05-18T23:09:04","guid":{"rendered":"https:\/\/staging2.stylingagenten.com\/fi\/produkt\/makeup-revolution-banana-baking-powder\/"},"modified":"2026-04-11T03:38:32","modified_gmt":"2026-04-11T03:38:32","slug":"makeup-revolution-banana-baking-powder","status":"publish","type":"product","link":"https:\/\/stylingagenten.com\/fi\/tuote\/makeup-revolution-banana-baking-powder\/","title":{"rendered":"Makeup Revolution Banana Baking Powder"},"content":{"rendered":"<p>Yksi \u200b\u200bMakeup Revolutionin myydyimmist\u00e4!&nbsp;<\/p>\n<p>Viimeistele meikkirutiini Banana Baking Powderilla. Nahkapuuteri, joka antaa iholle l\u00e4mp\u00f6\u00e4 ja v\u00e4rin vivahteen avulla viimeistelet meikkivoiteen, v\u00e4henn\u00e4t kiiltoa sek\u00e4 korjaat punoitusta ja vaaleanpunaisia \u200b\u200bs\u00e4vyj\u00e4.&nbsp;<\/p>\n<p>Ravista pulloa ennen k\u00e4ytt\u00f6\u00e4. ;loppu.&nbsp;<\/p>\n<p><\/p>\n","protected":false},"excerpt":{"rendered":"<p>Yksi \u200b\u200bMakeup Revolutionin myydyimmist\u00e4!&nbsp; Viimeistele meikkirutiini Banana Baking Powderilla. Nahkapuuteri, joka antaa iholle l\u00e4mp\u00f6\u00e4 ja v\u00e4rin vivahteen avulla viimeistelet meikkivoiteen, v\u00e4henn\u00e4t kiiltoa sek\u00e4 korjaat punoitusta ja vaaleanpunaisia \u200b\u200bs\u00e4vyj\u00e4.&nbsp; Ravista pulloa ennen k\u00e4ytt\u00f6\u00e4. ;loppu.&nbsp;<\/p>\n","protected":false},"featured_media":140190,"comment_status":"open","ping_status":"closed","template":"","meta":{"_trash_the_other_posts":false},"product_brand":[],"product_cat":[606],"product_tag":[3288],"berocket_brand":[1050],"class_list":{"0":"post-140198","1":"product","2":"type-product","3":"status-publish","4":"has-post-thumbnail","6":"product_cat-jauhe","7":"product_tag-makeup-revolution-baking-powder","8":"pa_brand-makeup-revolution","9":"pa_variantti-banana","10":"berocket_brand-makeup-revolution","12":"first","13":"instock","14":"sale","15":"taxable","16":"shipping-taxable","17":"purchasable","18":"product-type-simple"},"_links":{"self":[{"href":"https:\/\/stylingagenten.com\/fi\/wp-json\/wp\/v2\/product\/140198","targetHints":{"allow":["GET"]}}],"collection":[{"href":"https:\/\/stylingagenten.com\/fi\/wp-json\/wp\/v2\/product"}],"about":[{"href":"https:\/\/stylingagenten.com\/fi\/wp-json\/wp\/v2\/types\/product"}],"replies":[{"embeddable":true,"href":"https:\/\/stylingagenten.com\/fi\/wp-json\/wp\/v2\/comments?post=140198"}],"version-history":[{"count":0,"href":"https:\/\/stylingagenten.com\/fi\/wp-json\/wp\/v2\/product\/140198\/revisions"}],"wp:featuredmedia":[{"embeddable":true,"href":"https:\/\/stylingagenten.com\/fi\/wp-json\/wp\/v2\/media\/140190"}],"wp:attachment":[{"href":"https:\/\/stylingagenten.com\/fi\/wp-json\/wp\/v2\/media?parent=140198"}],"wp:term":[{"taxonomy":"product_brand","embeddable":true,"href":"https:\/\/stylingagenten.com\/fi\/wp-json\/wp\/v2\/product_brand?post=140198"},{"taxonomy":"product_cat","embeddable":true,"href":"https:\/\/stylingagenten.com\/fi\/wp-json\/wp\/v2\/product_cat?post=140198"},{"taxonomy":"product_tag","embeddable":true,"href":"https:\/\/stylingagenten.com\/fi\/wp-json\/wp\/v2\/product_tag?post=140198"},{"taxonomy":"berocket_brand","embeddable":true,"href":"https:\/\/stylingagenten.com\/fi\/wp-json\/wp\/v2\/berocket_brand?post=140198"}],"curies":[{"name":"wp","href":"https:\/\/api.w.org\/{rel}","templated":true}]}}