{"id":140175,"date":"2025-05-18T23:08:58","date_gmt":"2025-05-18T23:08:58","guid":{"rendered":"https:\/\/staging2.stylingagenten.com\/fi\/produkt\/beauty-uk-new-face-powder-compact-no-1\/"},"modified":"2026-03-30T03:28:27","modified_gmt":"2026-03-30T03:28:27","slug":"beauty-uk-new-face-powder-compact-no-1","status":"publish","type":"product","link":"https:\/\/stylingagenten.com\/fi\/tuote\/beauty-uk-new-face-powder-compact-no-1\/","title":{"rendered":"Beauty UK NEW Face Powder Compact No.1"},"content":{"rendered":"<p>Beauty UK UUSI Face Powder Compact No.1 &#8211; Kevyt puuteri, joka on ehdottomasti oltava k\u00e4silaukussasi. Tarjoaa paremman peitt\u00e4vyyden ja upeita tuloksia. Pakattu kauniiseen kiilt\u00e4v\u00e4\u00e4n mustaan \u200b\u200bkoteloon, jossa on l\u00e4pp\u00e4kansi, iso peili ja puhvi levityst\u00e4 varten.<\/p>\n","protected":false},"excerpt":{"rendered":"<p>Beauty UK UUSI Face Powder Compact No.1 &#8211; Kevyt puuteri, joka on ehdottomasti oltava k\u00e4silaukussasi. Tarjoaa paremman peitt\u00e4vyyden ja upeita tuloksia. Pakattu kauniiseen kiilt\u00e4v\u00e4\u00e4n mustaan \u200b\u200bkoteloon, jossa on l\u00e4pp\u00e4kansi, iso peili ja puhvi levityst\u00e4 varten.<\/p>\n","protected":false},"featured_media":140174,"comment_status":"open","ping_status":"closed","template":"","meta":{"_trash_the_other_posts":false},"product_brand":[],"product_cat":[606],"product_tag":[2517],"berocket_brand":[1059],"class_list":{"0":"post-140175","1":"product","2":"type-product","3":"status-publish","4":"has-post-thumbnail","6":"product_cat-jauhe","7":"product_tag-beauty-uk-new-face-powder-compact","8":"pa_brand-beautyuk","9":"pa_variantti-no-1","10":"berocket_brand-beautyuk","12":"first","13":"instock","14":"sale","15":"taxable","16":"shipping-taxable","17":"purchasable","18":"product-type-simple"},"_links":{"self":[{"href":"https:\/\/stylingagenten.com\/fi\/wp-json\/wp\/v2\/product\/140175","targetHints":{"allow":["GET"]}}],"collection":[{"href":"https:\/\/stylingagenten.com\/fi\/wp-json\/wp\/v2\/product"}],"about":[{"href":"https:\/\/stylingagenten.com\/fi\/wp-json\/wp\/v2\/types\/product"}],"replies":[{"embeddable":true,"href":"https:\/\/stylingagenten.com\/fi\/wp-json\/wp\/v2\/comments?post=140175"}],"version-history":[{"count":0,"href":"https:\/\/stylingagenten.com\/fi\/wp-json\/wp\/v2\/product\/140175\/revisions"}],"wp:featuredmedia":[{"embeddable":true,"href":"https:\/\/stylingagenten.com\/fi\/wp-json\/wp\/v2\/media\/140174"}],"wp:attachment":[{"href":"https:\/\/stylingagenten.com\/fi\/wp-json\/wp\/v2\/media?parent=140175"}],"wp:term":[{"taxonomy":"product_brand","embeddable":true,"href":"https:\/\/stylingagenten.com\/fi\/wp-json\/wp\/v2\/product_brand?post=140175"},{"taxonomy":"product_cat","embeddable":true,"href":"https:\/\/stylingagenten.com\/fi\/wp-json\/wp\/v2\/product_cat?post=140175"},{"taxonomy":"product_tag","embeddable":true,"href":"https:\/\/stylingagenten.com\/fi\/wp-json\/wp\/v2\/product_tag?post=140175"},{"taxonomy":"berocket_brand","embeddable":true,"href":"https:\/\/stylingagenten.com\/fi\/wp-json\/wp\/v2\/berocket_brand?post=140175"}],"curies":[{"name":"wp","href":"https:\/\/api.w.org\/{rel}","templated":true}]}}