{"id":140097,"date":"2025-05-18T23:08:38","date_gmt":"2025-05-18T23:08:38","guid":{"rendered":"https:\/\/staging2.stylingagenten.com\/fi\/produkt\/makeup-revolution-bake-blot-beige\/"},"modified":"2025-11-19T11:29:26","modified_gmt":"2025-11-19T11:29:26","slug":"makeup-revolution-bake-blot-beige","status":"publish","type":"product","link":"https:\/\/stylingagenten.com\/fi\/tuote\/makeup-revolution-bake-blot-beige\/","title":{"rendered":"Makeup Revolution Bake &amp; Blot &#8211; Beige"},"content":{"rendered":"<p>Makeup Revolution Bake &amp; Blot on kompakti puuteri, joka pit\u00e4\u00e4 ihon mattana koko p\u00e4iv\u00e4n. Se v\u00e4hent\u00e4\u00e4 n\u00e4kyvi\u00e4 huokosia, ei-toivottua kiiltoa ja hienoja juonteita. <br \/>T\u00e4m\u00e4 puristettu puuteri sopii sinulle, joka haluat enemm\u00e4n kontrolloida ihosi peitt\u00e4vyytt\u00e4. sinun meikkisi. Sopii kaikille ihotyypeille.<\/p>\n<p>Beige &ndash; l\u00e4mpimille, keskikokoisille ihon s\u00e4vyille<\/p>\n<p><\/p>\n","protected":false},"excerpt":{"rendered":"<p>Makeup Revolution Bake &amp; Blot on kompakti puuteri, joka pit\u00e4\u00e4 ihon mattana koko p\u00e4iv\u00e4n. Se v\u00e4hent\u00e4\u00e4 n\u00e4kyvi\u00e4 huokosia, ei-toivottua kiiltoa ja hienoja juonteita. T\u00e4m\u00e4 puristettu puuteri sopii sinulle, joka haluat enemm\u00e4n kontrolloida ihosi peitt\u00e4vyytt\u00e4. sinun meikkisi. Sopii kaikille ihotyypeille. Beige &ndash; l\u00e4mpimille, keskikokoisille ihon s\u00e4vyille<\/p>\n","protected":false},"featured_media":140086,"comment_status":"open","ping_status":"closed","template":"","meta":{"_trash_the_other_posts":false},"product_brand":[],"product_cat":[606],"product_tag":[3287],"berocket_brand":[1050],"class_list":{"0":"post-140097","1":"product","2":"type-product","3":"status-publish","4":"has-post-thumbnail","6":"product_cat-jauhe","7":"product_tag-makeup-revolution-bake-blot-powder","8":"pa_brand-makeup-revolution","9":"pa_variantti-beige","10":"berocket_brand-makeup-revolution","12":"first","13":"instock","14":"sale","15":"taxable","16":"shipping-taxable","17":"purchasable","18":"product-type-simple"},"_links":{"self":[{"href":"https:\/\/stylingagenten.com\/fi\/wp-json\/wp\/v2\/product\/140097","targetHints":{"allow":["GET"]}}],"collection":[{"href":"https:\/\/stylingagenten.com\/fi\/wp-json\/wp\/v2\/product"}],"about":[{"href":"https:\/\/stylingagenten.com\/fi\/wp-json\/wp\/v2\/types\/product"}],"replies":[{"embeddable":true,"href":"https:\/\/stylingagenten.com\/fi\/wp-json\/wp\/v2\/comments?post=140097"}],"version-history":[{"count":0,"href":"https:\/\/stylingagenten.com\/fi\/wp-json\/wp\/v2\/product\/140097\/revisions"}],"wp:featuredmedia":[{"embeddable":true,"href":"https:\/\/stylingagenten.com\/fi\/wp-json\/wp\/v2\/media\/140086"}],"wp:attachment":[{"href":"https:\/\/stylingagenten.com\/fi\/wp-json\/wp\/v2\/media?parent=140097"}],"wp:term":[{"taxonomy":"product_brand","embeddable":true,"href":"https:\/\/stylingagenten.com\/fi\/wp-json\/wp\/v2\/product_brand?post=140097"},{"taxonomy":"product_cat","embeddable":true,"href":"https:\/\/stylingagenten.com\/fi\/wp-json\/wp\/v2\/product_cat?post=140097"},{"taxonomy":"product_tag","embeddable":true,"href":"https:\/\/stylingagenten.com\/fi\/wp-json\/wp\/v2\/product_tag?post=140097"},{"taxonomy":"berocket_brand","embeddable":true,"href":"https:\/\/stylingagenten.com\/fi\/wp-json\/wp\/v2\/berocket_brand?post=140097"}],"curies":[{"name":"wp","href":"https:\/\/api.w.org\/{rel}","templated":true}]}}