{"id":140081,"date":"2025-05-18T23:08:34","date_gmt":"2025-05-18T23:08:34","guid":{"rendered":"https:\/\/staging2.stylingagenten.com\/fi\/produkt\/max-factor-miracle-veil-radiant-loose-powder-4g\/"},"modified":"2026-03-16T10:47:31","modified_gmt":"2026-03-16T10:47:31","slug":"max-factor-miracle-veil-radiant-loose-powder-4g","status":"publish","type":"product","link":"https:\/\/stylingagenten.com\/fi\/tuote\/max-factor-miracle-veil-radiant-loose-powder-4g\/","title":{"rendered":"Max Factor Miracle Veil Radiant Loose Powder 4g"},"content":{"rendered":"<p>Max Factor Miracle Veil on valoa heijastava puuteri, joka antaa kiiltoa, kiinnitt\u00e4\u00e4 meikin ja imee \u00f6ljy\u00e4 ettei iho tuntuisi el\u00e4vilt\u00e4. Minimoi huokosia, hienoja juonteita ja ryppyj\u00e4 sile\u00e4n ja nuorekkaan tuloksen saavuttamiseksi. Puuteri hallitsee kiiltoa ja istuu mukavasti koko p\u00e4iv\u00e4n kuivattamatta ihoa.<\/p>\n","protected":false},"excerpt":{"rendered":"<p>Max Factor Miracle Veil on valoa heijastava puuteri, joka antaa kiiltoa, kiinnitt\u00e4\u00e4 meikin ja imee \u00f6ljy\u00e4 ettei iho tuntuisi el\u00e4vilt\u00e4. Minimoi huokosia, hienoja juonteita ja ryppyj\u00e4 sile\u00e4n ja nuorekkaan tuloksen saavuttamiseksi. Puuteri hallitsee kiiltoa ja istuu mukavasti koko p\u00e4iv\u00e4n kuivattamatta ihoa.<\/p>\n","protected":false},"featured_media":140078,"comment_status":"open","ping_status":"closed","template":"","meta":{"_trash_the_other_posts":false},"product_brand":[],"product_cat":[606],"product_tag":[],"berocket_brand":[1013],"class_list":{"0":"post-140081","1":"product","2":"type-product","3":"status-publish","4":"has-post-thumbnail","6":"product_cat-jauhe","7":"pa_brand-max-factor","8":"berocket_brand-max-factor","10":"first","11":"instock","12":"sale","13":"taxable","14":"shipping-taxable","15":"purchasable","16":"product-type-simple"},"_links":{"self":[{"href":"https:\/\/stylingagenten.com\/fi\/wp-json\/wp\/v2\/product\/140081","targetHints":{"allow":["GET"]}}],"collection":[{"href":"https:\/\/stylingagenten.com\/fi\/wp-json\/wp\/v2\/product"}],"about":[{"href":"https:\/\/stylingagenten.com\/fi\/wp-json\/wp\/v2\/types\/product"}],"replies":[{"embeddable":true,"href":"https:\/\/stylingagenten.com\/fi\/wp-json\/wp\/v2\/comments?post=140081"}],"version-history":[{"count":0,"href":"https:\/\/stylingagenten.com\/fi\/wp-json\/wp\/v2\/product\/140081\/revisions"}],"wp:featuredmedia":[{"embeddable":true,"href":"https:\/\/stylingagenten.com\/fi\/wp-json\/wp\/v2\/media\/140078"}],"wp:attachment":[{"href":"https:\/\/stylingagenten.com\/fi\/wp-json\/wp\/v2\/media?parent=140081"}],"wp:term":[{"taxonomy":"product_brand","embeddable":true,"href":"https:\/\/stylingagenten.com\/fi\/wp-json\/wp\/v2\/product_brand?post=140081"},{"taxonomy":"product_cat","embeddable":true,"href":"https:\/\/stylingagenten.com\/fi\/wp-json\/wp\/v2\/product_cat?post=140081"},{"taxonomy":"product_tag","embeddable":true,"href":"https:\/\/stylingagenten.com\/fi\/wp-json\/wp\/v2\/product_tag?post=140081"},{"taxonomy":"berocket_brand","embeddable":true,"href":"https:\/\/stylingagenten.com\/fi\/wp-json\/wp\/v2\/berocket_brand?post=140081"}],"curies":[{"name":"wp","href":"https:\/\/api.w.org\/{rel}","templated":true}]}}