{"id":140076,"date":"2025-05-18T23:08:33","date_gmt":"2025-05-18T23:08:33","guid":{"rendered":"https:\/\/staging2.stylingagenten.com\/fi\/produkt\/max-factor-creme-puff-50-natural\/"},"modified":"2026-03-25T08:48:28","modified_gmt":"2026-03-25T08:48:28","slug":"max-factor-creme-puff-50-natural","status":"publish","type":"product","link":"https:\/\/stylingagenten.com\/fi\/tuote\/max-factor-creme-puff-50-natural\/","title":{"rendered":"Max Factor Creme Puff 50 Natural"},"content":{"rendered":"<p>T\u00e4ll\u00e4 puuterilla on helppo saavuttaa hohdokas iho. Max Factor Creme Puff 50 tarjoaa ylellisen t\u00e4yden peitt\u00e4v\u00e4n tuloksen. Se sopii t\u00e4ydellisesti kaikille ihotyypeille ja antaa virheett\u00f6m\u00e4n lopputuloksen pehme\u00e4ll\u00e4, huomaamattomalla kiillolla miljoonien valoa heijastavien hiukkasten ansiosta.<\/p>\n<p><strong>K\u00e4ytt\u00f6:<\/strong> Meikkitaiteilijan vinkkej\u00e4; Creme Puffia voidaan k\u00e4ytt\u00e4\u00e4 sek\u00e4 tavallisen meikkivoiteen extramatta versiona hyvin kosteutetulle iholle tai &#8211; sit\u00e4 pit\u00e4v\u00e4t &#8211; meikkivoiteen p\u00e4\u00e4lle sivellin\u00e4 peitt\u00e4v\u00e4ksi puuteriksi.<\/p>\n","protected":false},"excerpt":{"rendered":"<p>T\u00e4ll\u00e4 puuterilla on helppo saavuttaa hohdokas iho. Max Factor Creme Puff 50 tarjoaa ylellisen t\u00e4yden peitt\u00e4v\u00e4n tuloksen. Se sopii t\u00e4ydellisesti kaikille ihotyypeille ja antaa virheett\u00f6m\u00e4n lopputuloksen pehme\u00e4ll\u00e4, huomaamattomalla kiillolla miljoonien valoa heijastavien hiukkasten ansiosta. K\u00e4ytt\u00f6: Meikkitaiteilijan vinkkej\u00e4; Creme Puffia voidaan k\u00e4ytt\u00e4\u00e4 sek\u00e4 tavallisen meikkivoiteen extramatta versiona hyvin kosteutetulle iholle tai &#8211; sit\u00e4 pit\u00e4v\u00e4t &#8211; meikkivoiteen [&hellip;]<\/p>\n","protected":false},"featured_media":140070,"comment_status":"open","ping_status":"closed","template":"","meta":{"_trash_the_other_posts":false},"product_brand":[],"product_cat":[606],"product_tag":[3472],"berocket_brand":[1013],"class_list":{"0":"post-140076","1":"product","2":"type-product","3":"status-publish","4":"has-post-thumbnail","6":"product_cat-jauhe","7":"product_tag-max-factor-creme-puff","8":"pa_brand-max-factor","9":"pa_variantti-50-natural","10":"berocket_brand-max-factor","12":"first","13":"outofstock","14":"sale","15":"taxable","16":"shipping-taxable","17":"purchasable","18":"product-type-simple"},"_links":{"self":[{"href":"https:\/\/stylingagenten.com\/fi\/wp-json\/wp\/v2\/product\/140076","targetHints":{"allow":["GET"]}}],"collection":[{"href":"https:\/\/stylingagenten.com\/fi\/wp-json\/wp\/v2\/product"}],"about":[{"href":"https:\/\/stylingagenten.com\/fi\/wp-json\/wp\/v2\/types\/product"}],"replies":[{"embeddable":true,"href":"https:\/\/stylingagenten.com\/fi\/wp-json\/wp\/v2\/comments?post=140076"}],"version-history":[{"count":0,"href":"https:\/\/stylingagenten.com\/fi\/wp-json\/wp\/v2\/product\/140076\/revisions"}],"wp:featuredmedia":[{"embeddable":true,"href":"https:\/\/stylingagenten.com\/fi\/wp-json\/wp\/v2\/media\/140070"}],"wp:attachment":[{"href":"https:\/\/stylingagenten.com\/fi\/wp-json\/wp\/v2\/media?parent=140076"}],"wp:term":[{"taxonomy":"product_brand","embeddable":true,"href":"https:\/\/stylingagenten.com\/fi\/wp-json\/wp\/v2\/product_brand?post=140076"},{"taxonomy":"product_cat","embeddable":true,"href":"https:\/\/stylingagenten.com\/fi\/wp-json\/wp\/v2\/product_cat?post=140076"},{"taxonomy":"product_tag","embeddable":true,"href":"https:\/\/stylingagenten.com\/fi\/wp-json\/wp\/v2\/product_tag?post=140076"},{"taxonomy":"berocket_brand","embeddable":true,"href":"https:\/\/stylingagenten.com\/fi\/wp-json\/wp\/v2\/berocket_brand?post=140076"}],"curies":[{"name":"wp","href":"https:\/\/api.w.org\/{rel}","templated":true}]}}