{"id":140036,"date":"2025-05-18T23:08:23","date_gmt":"2025-05-18T23:08:23","guid":{"rendered":"https:\/\/staging2.stylingagenten.com\/fi\/produkt\/nyx-prof-makeup-cant-stop-wont-stop-mattifying-pressed-powder-light\/"},"modified":"2025-11-19T11:59:58","modified_gmt":"2025-11-19T11:59:58","slug":"nyx-prof-makeup-cant-stop-wont-stop-mattifying-pressed-powder-light","status":"publish","type":"product","link":"https:\/\/stylingagenten.com\/fi\/tuote\/nyx-prof-makeup-cant-stop-wont-stop-mattifying-pressed-powder-light\/","title":{"rendered":"NYX PROF. MAKEUP Can&#8217;t Stop Won&#8217;t Stop Mattifying Pressed Powder &#8211; Light"},"content":{"rendered":"<p>Tutustu Nyxin ensimm\u00e4iseen mattapuuteriin, joka kest\u00e4\u00e4 koko p\u00e4iv\u00e4n \u00f6ljy\u00e4 imev\u00e4n riisijauheen kanssa. T\u00e4m\u00e4 mattapintainen puristettu puuteri tarjoaa sile\u00e4n, mattapintaisen lopputuloksen koko p\u00e4iv\u00e4ksi. Ei tahroja eik\u00e4 sotkua. Kevyt peitto, kuivaamaton ja tuhkaton lopputulos kaikille ihon s\u00e4vyille. Kevyt ja mukava ja tietysti vegaaninen.<\/p>\n","protected":false},"excerpt":{"rendered":"<p>Tutustu Nyxin ensimm\u00e4iseen mattapuuteriin, joka kest\u00e4\u00e4 koko p\u00e4iv\u00e4n \u00f6ljy\u00e4 imev\u00e4n riisijauheen kanssa. T\u00e4m\u00e4 mattapintainen puristettu puuteri tarjoaa sile\u00e4n, mattapintaisen lopputuloksen koko p\u00e4iv\u00e4ksi. Ei tahroja eik\u00e4 sotkua. Kevyt peitto, kuivaamaton ja tuhkaton lopputulos kaikille ihon s\u00e4vyille. Kevyt ja mukava ja tietysti vegaaninen.<\/p>\n","protected":false},"featured_media":140035,"comment_status":"open","ping_status":"closed","template":"","meta":{"_trash_the_other_posts":false},"product_brand":[],"product_cat":[606],"product_tag":[3660],"berocket_brand":[1025],"class_list":{"0":"post-140036","1":"product","2":"type-product","3":"status-publish","4":"has-post-thumbnail","6":"product_cat-jauhe","7":"product_tag-nyx-prof-makeup-cant-stop-wont-stop-mattifying-pressed-powder","8":"pa_brand-nyx","9":"pa_variantti-light","10":"berocket_brand-nyx","12":"first","13":"instock","14":"sale","15":"taxable","16":"shipping-taxable","17":"purchasable","18":"product-type-simple"},"_links":{"self":[{"href":"https:\/\/stylingagenten.com\/fi\/wp-json\/wp\/v2\/product\/140036","targetHints":{"allow":["GET"]}}],"collection":[{"href":"https:\/\/stylingagenten.com\/fi\/wp-json\/wp\/v2\/product"}],"about":[{"href":"https:\/\/stylingagenten.com\/fi\/wp-json\/wp\/v2\/types\/product"}],"replies":[{"embeddable":true,"href":"https:\/\/stylingagenten.com\/fi\/wp-json\/wp\/v2\/comments?post=140036"}],"version-history":[{"count":0,"href":"https:\/\/stylingagenten.com\/fi\/wp-json\/wp\/v2\/product\/140036\/revisions"}],"wp:featuredmedia":[{"embeddable":true,"href":"https:\/\/stylingagenten.com\/fi\/wp-json\/wp\/v2\/media\/140035"}],"wp:attachment":[{"href":"https:\/\/stylingagenten.com\/fi\/wp-json\/wp\/v2\/media?parent=140036"}],"wp:term":[{"taxonomy":"product_brand","embeddable":true,"href":"https:\/\/stylingagenten.com\/fi\/wp-json\/wp\/v2\/product_brand?post=140036"},{"taxonomy":"product_cat","embeddable":true,"href":"https:\/\/stylingagenten.com\/fi\/wp-json\/wp\/v2\/product_cat?post=140036"},{"taxonomy":"product_tag","embeddable":true,"href":"https:\/\/stylingagenten.com\/fi\/wp-json\/wp\/v2\/product_tag?post=140036"},{"taxonomy":"berocket_brand","embeddable":true,"href":"https:\/\/stylingagenten.com\/fi\/wp-json\/wp\/v2\/berocket_brand?post=140036"}],"curies":[{"name":"wp","href":"https:\/\/api.w.org\/{rel}","templated":true}]}}