{"id":140019,"date":"2025-05-18T23:08:17","date_gmt":"2025-05-18T23:08:17","guid":{"rendered":"https:\/\/staging2.stylingagenten.com\/fi\/produkt\/maybelline-fit-me-matte-poreless-powder-105-natural-ivory\/"},"modified":"2026-03-14T15:57:55","modified_gmt":"2026-03-14T15:57:55","slug":"maybelline-fit-me-matte-poreless-powder-105-natural-ivory","status":"publish","type":"product","link":"https:\/\/stylingagenten.com\/fi\/tuote\/maybelline-fit-me-matte-poreless-powder-105-natural-ivory\/","title":{"rendered":"Maybelline Fit Me Matte + Poreless Powder &#8211; 105 Natural Ivory"},"content":{"rendered":"<p>Maybelline Fit Me Matte + Poreless Pressed Powder sekoitetaan parhaiten ihoa ja antaa sinulle kauniin luonnollisen mattapinnan.<br \/>K\u00e4yt\u00e4 yksin tai p\u00e4\u00e4lle; meikkivoide, sile\u00e4 puuteri tasoittaa ja matistaa ihon s\u00e4vy\u00e4 ja kasvojen rakennetta. kasvot.<br \/>Sis\u00e4lt\u00e4\u00e4 perliittimineraaliteknologiaa, joka imee \u00f6ljy\u00e4 ja piilottaa huokosesi ja antaa sinulle mattapintaisen pinnan jopa 19 tunniksi.<\/p>\n","protected":false},"excerpt":{"rendered":"<p>Maybelline Fit Me Matte + Poreless Pressed Powder sekoitetaan parhaiten ihoa ja antaa sinulle kauniin luonnollisen mattapinnan.K\u00e4yt\u00e4 yksin tai p\u00e4\u00e4lle; meikkivoide, sile\u00e4 puuteri tasoittaa ja matistaa ihon s\u00e4vy\u00e4 ja kasvojen rakennetta. kasvot.Sis\u00e4lt\u00e4\u00e4 perliittimineraaliteknologiaa, joka imee \u00f6ljy\u00e4 ja piilottaa huokosesi ja antaa sinulle mattapintaisen pinnan jopa 19 tunniksi.<\/p>\n","protected":false},"featured_media":140018,"comment_status":"open","ping_status":"closed","template":"","meta":{"_trash_the_other_posts":false},"product_brand":[],"product_cat":[606],"product_tag":[3503],"berocket_brand":[1016],"class_list":{"0":"post-140019","1":"product","2":"type-product","3":"status-publish","4":"has-post-thumbnail","6":"product_cat-jauhe","7":"product_tag-maybelline-fit-me-matte-poreless-powder","8":"pa_brand-maybelline","9":"pa_variantti-105-natural-ivory","10":"berocket_brand-maybelline","12":"first","13":"instock","14":"sale","15":"taxable","16":"shipping-taxable","17":"purchasable","18":"product-type-simple"},"_links":{"self":[{"href":"https:\/\/stylingagenten.com\/fi\/wp-json\/wp\/v2\/product\/140019","targetHints":{"allow":["GET"]}}],"collection":[{"href":"https:\/\/stylingagenten.com\/fi\/wp-json\/wp\/v2\/product"}],"about":[{"href":"https:\/\/stylingagenten.com\/fi\/wp-json\/wp\/v2\/types\/product"}],"replies":[{"embeddable":true,"href":"https:\/\/stylingagenten.com\/fi\/wp-json\/wp\/v2\/comments?post=140019"}],"version-history":[{"count":0,"href":"https:\/\/stylingagenten.com\/fi\/wp-json\/wp\/v2\/product\/140019\/revisions"}],"wp:featuredmedia":[{"embeddable":true,"href":"https:\/\/stylingagenten.com\/fi\/wp-json\/wp\/v2\/media\/140018"}],"wp:attachment":[{"href":"https:\/\/stylingagenten.com\/fi\/wp-json\/wp\/v2\/media?parent=140019"}],"wp:term":[{"taxonomy":"product_brand","embeddable":true,"href":"https:\/\/stylingagenten.com\/fi\/wp-json\/wp\/v2\/product_brand?post=140019"},{"taxonomy":"product_cat","embeddable":true,"href":"https:\/\/stylingagenten.com\/fi\/wp-json\/wp\/v2\/product_cat?post=140019"},{"taxonomy":"product_tag","embeddable":true,"href":"https:\/\/stylingagenten.com\/fi\/wp-json\/wp\/v2\/product_tag?post=140019"},{"taxonomy":"berocket_brand","embeddable":true,"href":"https:\/\/stylingagenten.com\/fi\/wp-json\/wp\/v2\/berocket_brand?post=140019"}],"curies":[{"name":"wp","href":"https:\/\/api.w.org\/{rel}","templated":true}]}}