{"id":140015,"date":"2025-05-18T23:08:16","date_gmt":"2025-05-18T23:08:16","guid":{"rendered":"https:\/\/staging2.stylingagenten.com\/fi\/produkt\/nyx-prof-makeup-high-definition-finishing-powder-03-mint-green\/"},"modified":"2025-11-19T10:58:19","modified_gmt":"2025-11-19T10:58:19","slug":"nyx-prof-makeup-high-definition-finishing-powder-03-mint-green","status":"publish","type":"product","link":"https:\/\/stylingagenten.com\/fi\/tuote\/nyx-prof-makeup-high-definition-finishing-powder-03-mint-green\/","title":{"rendered":"NYX PROF. MAKEUP High Definition Finishing Powder &#8211; 03 Mint"},"content":{"rendered":"<p>NYX PROFESSIONAL MAKEUP High Definition Finishing Powder &#8211; 03 Mint Green on l\u00e4pin\u00e4kyv\u00e4, silkkisesti puristettu mineraalipuuteri. T\u00e4m\u00e4 upea puuteri auttaa mattapintaisesti ihoa ja piilottaa hienot juonteet ja huokoset. Puuteria on saatavana kolmessa s\u00e4vyss\u00e4, katso alta l\u00f6yt\u00e4\u00e4ksesi sinulle parhaiten sopivan.<\/p>\n<p>L\u00e4pin\u00e4kyv\u00e4 &#8211; Mattaa<br \/>Banaani &#8211; Keltainen korjaa ihon kiiltoa<br \/>Mintunvihre\u00e4 &#8211; Korjaa punaista ihoa<br \/> &gt;<br \/>Tilavuus: 8 g<\/p>\n","protected":false},"excerpt":{"rendered":"<p>NYX PROFESSIONAL MAKEUP High Definition Finishing Powder &#8211; 03 Mint Green on l\u00e4pin\u00e4kyv\u00e4, silkkisesti puristettu mineraalipuuteri. T\u00e4m\u00e4 upea puuteri auttaa mattapintaisesti ihoa ja piilottaa hienot juonteet ja huokoset. Puuteria on saatavana kolmessa s\u00e4vyss\u00e4, katso alta l\u00f6yt\u00e4\u00e4ksesi sinulle parhaiten sopivan. L\u00e4pin\u00e4kyv\u00e4 &#8211; MattaaBanaani &#8211; Keltainen korjaa ihon kiiltoaMintunvihre\u00e4 &#8211; Korjaa punaista ihoa &gt;Tilavuus: 8 g<\/p>\n","protected":false},"featured_media":140014,"comment_status":"open","ping_status":"closed","template":"","meta":{"_trash_the_other_posts":false},"product_brand":[],"product_cat":[606,1005],"product_tag":[3675],"berocket_brand":[1025],"class_list":{"0":"post-140015","1":"product","2":"type-product","3":"status-publish","4":"has-post-thumbnail","6":"product_cat-jauhe","7":"product_cat-outlet","8":"product_tag-nyx-prof-makeup-high-definition-finishing-powder","9":"pa_brand-nyx","10":"pa_variantti-03-mint-green","11":"berocket_brand-nyx","13":"first","14":"instock","15":"sale","16":"taxable","17":"shipping-taxable","18":"purchasable","19":"product-type-simple"},"_links":{"self":[{"href":"https:\/\/stylingagenten.com\/fi\/wp-json\/wp\/v2\/product\/140015","targetHints":{"allow":["GET"]}}],"collection":[{"href":"https:\/\/stylingagenten.com\/fi\/wp-json\/wp\/v2\/product"}],"about":[{"href":"https:\/\/stylingagenten.com\/fi\/wp-json\/wp\/v2\/types\/product"}],"replies":[{"embeddable":true,"href":"https:\/\/stylingagenten.com\/fi\/wp-json\/wp\/v2\/comments?post=140015"}],"version-history":[{"count":0,"href":"https:\/\/stylingagenten.com\/fi\/wp-json\/wp\/v2\/product\/140015\/revisions"}],"wp:featuredmedia":[{"embeddable":true,"href":"https:\/\/stylingagenten.com\/fi\/wp-json\/wp\/v2\/media\/140014"}],"wp:attachment":[{"href":"https:\/\/stylingagenten.com\/fi\/wp-json\/wp\/v2\/media?parent=140015"}],"wp:term":[{"taxonomy":"product_brand","embeddable":true,"href":"https:\/\/stylingagenten.com\/fi\/wp-json\/wp\/v2\/product_brand?post=140015"},{"taxonomy":"product_cat","embeddable":true,"href":"https:\/\/stylingagenten.com\/fi\/wp-json\/wp\/v2\/product_cat?post=140015"},{"taxonomy":"product_tag","embeddable":true,"href":"https:\/\/stylingagenten.com\/fi\/wp-json\/wp\/v2\/product_tag?post=140015"},{"taxonomy":"berocket_brand","embeddable":true,"href":"https:\/\/stylingagenten.com\/fi\/wp-json\/wp\/v2\/berocket_brand?post=140015"}],"curies":[{"name":"wp","href":"https:\/\/api.w.org\/{rel}","templated":true}]}}