{"id":139996,"date":"2025-05-18T23:08:10","date_gmt":"2025-05-18T23:08:10","guid":{"rendered":"https:\/\/staging2.stylingagenten.com\/fi\/produkt\/lumene-nordic-chic-sheer-finish-loose-powder-8g\/"},"modified":"2025-11-19T12:14:09","modified_gmt":"2025-11-19T12:14:09","slug":"lumene-nordic-chic-sheer-finish-loose-powder-8g","status":"publish","type":"product","link":"https:\/\/stylingagenten.com\/fi\/tuote\/lumene-nordic-chic-sheer-finish-loose-powder-8g\/","title":{"rendered":"Lumene Nordic Chic Sheer Finish Loose Powder 8g"},"content":{"rendered":"<p>S\u00e4ilyt\u00e4 mattapintainen ulkon\u00e4k\u00f6 Sheer Finish Loose Powderilla! T\u00e4m\u00e4 eritt\u00e4in pehme\u00e4, hieno irtopuuteri on \u00e4\u00e4rimm\u00e4inen ratkaisu kiiltottomaan, pitk\u00e4kestoiseen lookiin. Puuteri on eritt\u00e4in pehme\u00e4\u00e4 ja hienoksi jauhettua, jotta se antaa mahdollisimman luonnollisen lopputuloksen ja my\u00f6t\u00e4vaikuttaa miellytt\u00e4v\u00e4\u00e4n tunteeseen. Sheer Finish Loose Powder auttaa h\u00e4m\u00e4rt\u00e4m\u00e4\u00e4n ep\u00e4t\u00e4ydellisyyksi\u00e4 ja pehment\u00e4m\u00e4\u00e4n hienoja juonteita samalla, kun se toimii talia imev\u00e4n\u00e4 mattapinnan saavuttamiseksi. <\/p>\n<p>Sis\u00e4lt\u00f6: 8 g<\/p>\n","protected":false},"excerpt":{"rendered":"<p>S\u00e4ilyt\u00e4 mattapintainen ulkon\u00e4k\u00f6 Sheer Finish Loose Powderilla! T\u00e4m\u00e4 eritt\u00e4in pehme\u00e4, hieno irtopuuteri on \u00e4\u00e4rimm\u00e4inen ratkaisu kiiltottomaan, pitk\u00e4kestoiseen lookiin. Puuteri on eritt\u00e4in pehme\u00e4\u00e4 ja hienoksi jauhettua, jotta se antaa mahdollisimman luonnollisen lopputuloksen ja my\u00f6t\u00e4vaikuttaa miellytt\u00e4v\u00e4\u00e4n tunteeseen. Sheer Finish Loose Powder auttaa h\u00e4m\u00e4rt\u00e4m\u00e4\u00e4n ep\u00e4t\u00e4ydellisyyksi\u00e4 ja pehment\u00e4m\u00e4\u00e4n hienoja juonteita samalla, kun se toimii talia imev\u00e4n\u00e4 mattapinnan saavuttamiseksi. Sis\u00e4lt\u00f6: [&hellip;]<\/p>\n","protected":false},"featured_media":139995,"comment_status":"open","ping_status":"closed","template":"","meta":{"_trash_the_other_posts":false},"product_brand":[],"product_cat":[606],"product_tag":[],"berocket_brand":[1063],"class_list":{"0":"post-139996","1":"product","2":"type-product","3":"status-publish","4":"has-post-thumbnail","6":"product_cat-jauhe","7":"pa_brand-lumene","8":"berocket_brand-lumene","10":"first","11":"outofstock","12":"sale","13":"taxable","14":"shipping-taxable","15":"purchasable","16":"product-type-simple"},"_links":{"self":[{"href":"https:\/\/stylingagenten.com\/fi\/wp-json\/wp\/v2\/product\/139996","targetHints":{"allow":["GET"]}}],"collection":[{"href":"https:\/\/stylingagenten.com\/fi\/wp-json\/wp\/v2\/product"}],"about":[{"href":"https:\/\/stylingagenten.com\/fi\/wp-json\/wp\/v2\/types\/product"}],"replies":[{"embeddable":true,"href":"https:\/\/stylingagenten.com\/fi\/wp-json\/wp\/v2\/comments?post=139996"}],"version-history":[{"count":0,"href":"https:\/\/stylingagenten.com\/fi\/wp-json\/wp\/v2\/product\/139996\/revisions"}],"wp:featuredmedia":[{"embeddable":true,"href":"https:\/\/stylingagenten.com\/fi\/wp-json\/wp\/v2\/media\/139995"}],"wp:attachment":[{"href":"https:\/\/stylingagenten.com\/fi\/wp-json\/wp\/v2\/media?parent=139996"}],"wp:term":[{"taxonomy":"product_brand","embeddable":true,"href":"https:\/\/stylingagenten.com\/fi\/wp-json\/wp\/v2\/product_brand?post=139996"},{"taxonomy":"product_cat","embeddable":true,"href":"https:\/\/stylingagenten.com\/fi\/wp-json\/wp\/v2\/product_cat?post=139996"},{"taxonomy":"product_tag","embeddable":true,"href":"https:\/\/stylingagenten.com\/fi\/wp-json\/wp\/v2\/product_tag?post=139996"},{"taxonomy":"berocket_brand","embeddable":true,"href":"https:\/\/stylingagenten.com\/fi\/wp-json\/wp\/v2\/berocket_brand?post=139996"}],"curies":[{"name":"wp","href":"https:\/\/api.w.org\/{rel}","templated":true}]}}