{"id":139965,"date":"2025-05-18T23:08:01","date_gmt":"2025-05-18T23:08:01","guid":{"rendered":"https:\/\/staging2.stylingagenten.com\/fi\/produkt\/artdeco-no-color-setting-powder-1-transparent-12g\/"},"modified":"2025-11-20T09:57:23","modified_gmt":"2025-11-20T09:57:23","slug":"artdeco-no-color-setting-powder-1-transparent-12g","status":"publish","type":"product","link":"https:\/\/stylingagenten.com\/fi\/tuote\/artdeco-no-color-setting-powder-1-transparent-12g\/","title":{"rendered":"Artdeco No Color Setting Powder 1 Transparent 12g"},"content":{"rendered":"<p>Artdeco No Color Setting Powder 1 Transparent 12g<br \/>L\u00e4pin\u00e4kyv\u00e4 ja valoa heijastava puuteri kaikille ihon s\u00e4vyille. Kiinnitt\u00e4\u00e4 meikin, antaa mattapintaisen lopputuloksen ja pitk\u00e4kestoisen lopputuloksen. Ainutlaatuisten ainesosien ja teknologian ansiosta puuteri mukautuu kaikenlaiseen valoon, jotta iho hehkuu kaikissa tilanteissa! Kermainen koostumus mikrohienolla jauheella sis\u00e4lt\u00e4\u00e4 my\u00f6s ihonhoitoaineita: irlantilaista sammalta, mineraalipitoista merivett\u00e4 ja skvalaania.<br \/>\u2022 L\u00e4pin\u00e4kyv\u00e4 puuteri kaikille ihon s\u00e4vyille<br \/>\u2022 Valoa heijastava ja pitk\u00e4kestoinen tulos<br \/>\u2022 Iho hoitoaineet<br \/>\u2022 Vegaaninen<\/p>\n","protected":false},"excerpt":{"rendered":"<p>Artdeco No Color Setting Powder 1 Transparent 12gL\u00e4pin\u00e4kyv\u00e4 ja valoa heijastava puuteri kaikille ihon s\u00e4vyille. Kiinnitt\u00e4\u00e4 meikin, antaa mattapintaisen lopputuloksen ja pitk\u00e4kestoisen lopputuloksen. Ainutlaatuisten ainesosien ja teknologian ansiosta puuteri mukautuu kaikenlaiseen valoon, jotta iho hehkuu kaikissa tilanteissa! Kermainen koostumus mikrohienolla jauheella sis\u00e4lt\u00e4\u00e4 my\u00f6s ihonhoitoaineita: irlantilaista sammalta, mineraalipitoista merivett\u00e4 ja skvalaania.\u2022 L\u00e4pin\u00e4kyv\u00e4 puuteri kaikille ihon s\u00e4vyille\u2022 [&hellip;]<\/p>\n","protected":false},"featured_media":139962,"comment_status":"open","ping_status":"closed","template":"","meta":{"_trash_the_other_posts":false},"product_brand":[],"product_cat":[606,1005],"product_tag":[],"berocket_brand":[1385],"class_list":{"0":"post-139965","1":"product","2":"type-product","3":"status-publish","4":"has-post-thumbnail","6":"product_cat-jauhe","7":"product_cat-outlet","8":"pa_brand-artdeco","9":"berocket_brand-artdeco","11":"first","12":"instock","13":"sale","14":"taxable","15":"shipping-taxable","16":"purchasable","17":"product-type-simple"},"_links":{"self":[{"href":"https:\/\/stylingagenten.com\/fi\/wp-json\/wp\/v2\/product\/139965","targetHints":{"allow":["GET"]}}],"collection":[{"href":"https:\/\/stylingagenten.com\/fi\/wp-json\/wp\/v2\/product"}],"about":[{"href":"https:\/\/stylingagenten.com\/fi\/wp-json\/wp\/v2\/types\/product"}],"replies":[{"embeddable":true,"href":"https:\/\/stylingagenten.com\/fi\/wp-json\/wp\/v2\/comments?post=139965"}],"version-history":[{"count":0,"href":"https:\/\/stylingagenten.com\/fi\/wp-json\/wp\/v2\/product\/139965\/revisions"}],"wp:featuredmedia":[{"embeddable":true,"href":"https:\/\/stylingagenten.com\/fi\/wp-json\/wp\/v2\/media\/139962"}],"wp:attachment":[{"href":"https:\/\/stylingagenten.com\/fi\/wp-json\/wp\/v2\/media?parent=139965"}],"wp:term":[{"taxonomy":"product_brand","embeddable":true,"href":"https:\/\/stylingagenten.com\/fi\/wp-json\/wp\/v2\/product_brand?post=139965"},{"taxonomy":"product_cat","embeddable":true,"href":"https:\/\/stylingagenten.com\/fi\/wp-json\/wp\/v2\/product_cat?post=139965"},{"taxonomy":"product_tag","embeddable":true,"href":"https:\/\/stylingagenten.com\/fi\/wp-json\/wp\/v2\/product_tag?post=139965"},{"taxonomy":"berocket_brand","embeddable":true,"href":"https:\/\/stylingagenten.com\/fi\/wp-json\/wp\/v2\/berocket_brand?post=139965"}],"curies":[{"name":"wp","href":"https:\/\/api.w.org\/{rel}","templated":true}]}}