{"id":139953,"date":"2025-05-18T23:07:59","date_gmt":"2025-05-18T23:07:59","guid":{"rendered":"https:\/\/staging2.stylingagenten.com\/fi\/produkt\/max-factor-creme-puff-40-creamy-ivory\/"},"modified":"2026-02-19T08:46:49","modified_gmt":"2026-02-19T08:46:49","slug":"max-factor-creme-puff-40-creamy-ivory","status":"publish","type":"product","link":"https:\/\/stylingagenten.com\/fi\/tuote\/max-factor-creme-puff-40-creamy-ivory\/","title":{"rendered":"Max Factor Creme Puff 40 Creamy Ivory"},"content":{"rendered":"<p>Max Factor Creme Puff 40 Creamy Ivory<br \/>T\u00e4m\u00e4n keskipeitt\u00e4v\u00e4n kompaktipuuterin ylellisell\u00e4 viimeistelyll\u00e4 on helppo saavuttaa hohdokas iho. Max Factor Creme Puff Pressed Compact Powder on klassinen puristettu puuteri, jota voidaan k\u00e4ytt\u00e4\u00e4 my\u00f6s meikkivoiteena Max Factor Creme Puff Pressed Compact Powder antaa sinulle sek\u00e4 hyv\u00e4n peitt\u00e4vyyden ett\u00e4 kauniin mattapintaisen lopputuloksen, koska koostumus imee itseens\u00e4 ylim\u00e4\u00e4r\u00e4iset \u00f6ljyt. Sopii kaikille ihotyypeille ja antaa virheett\u00f6m\u00e4n ilmeen pehme\u00e4ll\u00e4, hienovaraisella hehkulla tuotteessa olevien miljoonien ihmevaloa heijastavien hiukkasten ansiosta. Monipuolinen all-in-one-puuteri, joka sopii kaikkiin tilanteisiin.<\/p>\n","protected":false},"excerpt":{"rendered":"<p>Max Factor Creme Puff 40 Creamy IvoryT\u00e4m\u00e4n keskipeitt\u00e4v\u00e4n kompaktipuuterin ylellisell\u00e4 viimeistelyll\u00e4 on helppo saavuttaa hohdokas iho. Max Factor Creme Puff Pressed Compact Powder on klassinen puristettu puuteri, jota voidaan k\u00e4ytt\u00e4\u00e4 my\u00f6s meikkivoiteena Max Factor Creme Puff Pressed Compact Powder antaa sinulle sek\u00e4 hyv\u00e4n peitt\u00e4vyyden ett\u00e4 kauniin mattapintaisen lopputuloksen, koska koostumus imee itseens\u00e4 ylim\u00e4\u00e4r\u00e4iset \u00f6ljyt. Sopii [&hellip;]<\/p>\n","protected":false},"featured_media":139952,"comment_status":"open","ping_status":"closed","template":"","meta":{"_trash_the_other_posts":false},"product_brand":[],"product_cat":[606],"product_tag":[3472],"berocket_brand":[1013],"class_list":{"0":"post-139953","1":"product","2":"type-product","3":"status-publish","4":"has-post-thumbnail","6":"product_cat-jauhe","7":"product_tag-max-factor-creme-puff","8":"pa_brand-max-factor","9":"pa_variantti-40-creamy-ivory","10":"berocket_brand-max-factor","12":"first","13":"instock","14":"sale","15":"taxable","16":"shipping-taxable","17":"purchasable","18":"product-type-simple"},"_links":{"self":[{"href":"https:\/\/stylingagenten.com\/fi\/wp-json\/wp\/v2\/product\/139953","targetHints":{"allow":["GET"]}}],"collection":[{"href":"https:\/\/stylingagenten.com\/fi\/wp-json\/wp\/v2\/product"}],"about":[{"href":"https:\/\/stylingagenten.com\/fi\/wp-json\/wp\/v2\/types\/product"}],"replies":[{"embeddable":true,"href":"https:\/\/stylingagenten.com\/fi\/wp-json\/wp\/v2\/comments?post=139953"}],"version-history":[{"count":0,"href":"https:\/\/stylingagenten.com\/fi\/wp-json\/wp\/v2\/product\/139953\/revisions"}],"wp:featuredmedia":[{"embeddable":true,"href":"https:\/\/stylingagenten.com\/fi\/wp-json\/wp\/v2\/media\/139952"}],"wp:attachment":[{"href":"https:\/\/stylingagenten.com\/fi\/wp-json\/wp\/v2\/media?parent=139953"}],"wp:term":[{"taxonomy":"product_brand","embeddable":true,"href":"https:\/\/stylingagenten.com\/fi\/wp-json\/wp\/v2\/product_brand?post=139953"},{"taxonomy":"product_cat","embeddable":true,"href":"https:\/\/stylingagenten.com\/fi\/wp-json\/wp\/v2\/product_cat?post=139953"},{"taxonomy":"product_tag","embeddable":true,"href":"https:\/\/stylingagenten.com\/fi\/wp-json\/wp\/v2\/product_tag?post=139953"},{"taxonomy":"berocket_brand","embeddable":true,"href":"https:\/\/stylingagenten.com\/fi\/wp-json\/wp\/v2\/berocket_brand?post=139953"}],"curies":[{"name":"wp","href":"https:\/\/api.w.org\/{rel}","templated":true}]}}