{"id":139944,"date":"2025-05-18T23:07:55","date_gmt":"2025-05-18T23:07:55","guid":{"rendered":"https:\/\/staging2.stylingagenten.com\/fi\/produkt\/makeup-revolution-pro-cc-perfecting-pressed-powder-ivory\/"},"modified":"2025-11-19T12:36:16","modified_gmt":"2025-11-19T12:36:16","slug":"makeup-revolution-pro-cc-perfecting-pressed-powder-ivory","status":"publish","type":"product","link":"https:\/\/stylingagenten.com\/fi\/tuote\/makeup-revolution-pro-cc-perfecting-pressed-powder-ivory\/","title":{"rendered":"Makeup Revolution PRO CC Perfecting Pressed Powder &#8211; Ivory"},"content":{"rendered":"<p>Pro CC Perfecting Pressed Powder kosteuttavalla hyaluronihapolla ja ravitsevilla antioksidanteilla antaa ihollesi ihanan tunteen. Hieno puuteri sulaa ihoon ja antaa kevyen peitt\u00e4vyyden, kun taas meikki pysyy kiinte\u00e4n\u00e4.<\/p>\n","protected":false},"excerpt":{"rendered":"<p>Pro CC Perfecting Pressed Powder kosteuttavalla hyaluronihapolla ja ravitsevilla antioksidanteilla antaa ihollesi ihanan tunteen. Hieno puuteri sulaa ihoon ja antaa kevyen peitt\u00e4vyyden, kun taas meikki pysyy kiinte\u00e4n\u00e4.<\/p>\n","protected":false},"featured_media":139941,"comment_status":"open","ping_status":"closed","template":"","meta":{"_trash_the_other_posts":false},"product_brand":[],"product_cat":[606],"product_tag":[3342],"berocket_brand":[1050],"class_list":{"0":"post-139944","1":"product","2":"type-product","3":"status-publish","4":"has-post-thumbnail","6":"product_cat-jauhe","7":"product_tag-makeup-revolution-pro-cc-perfecting-pressed-powder","8":"pa_brand-makeup-revolution","9":"pa_variantti-ivory","10":"berocket_brand-makeup-revolution","12":"first","13":"instock","14":"sale","15":"taxable","16":"shipping-taxable","17":"purchasable","18":"product-type-simple"},"_links":{"self":[{"href":"https:\/\/stylingagenten.com\/fi\/wp-json\/wp\/v2\/product\/139944","targetHints":{"allow":["GET"]}}],"collection":[{"href":"https:\/\/stylingagenten.com\/fi\/wp-json\/wp\/v2\/product"}],"about":[{"href":"https:\/\/stylingagenten.com\/fi\/wp-json\/wp\/v2\/types\/product"}],"replies":[{"embeddable":true,"href":"https:\/\/stylingagenten.com\/fi\/wp-json\/wp\/v2\/comments?post=139944"}],"version-history":[{"count":0,"href":"https:\/\/stylingagenten.com\/fi\/wp-json\/wp\/v2\/product\/139944\/revisions"}],"wp:featuredmedia":[{"embeddable":true,"href":"https:\/\/stylingagenten.com\/fi\/wp-json\/wp\/v2\/media\/139941"}],"wp:attachment":[{"href":"https:\/\/stylingagenten.com\/fi\/wp-json\/wp\/v2\/media?parent=139944"}],"wp:term":[{"taxonomy":"product_brand","embeddable":true,"href":"https:\/\/stylingagenten.com\/fi\/wp-json\/wp\/v2\/product_brand?post=139944"},{"taxonomy":"product_cat","embeddable":true,"href":"https:\/\/stylingagenten.com\/fi\/wp-json\/wp\/v2\/product_cat?post=139944"},{"taxonomy":"product_tag","embeddable":true,"href":"https:\/\/stylingagenten.com\/fi\/wp-json\/wp\/v2\/product_tag?post=139944"},{"taxonomy":"berocket_brand","embeddable":true,"href":"https:\/\/stylingagenten.com\/fi\/wp-json\/wp\/v2\/berocket_brand?post=139944"}],"curies":[{"name":"wp","href":"https:\/\/api.w.org\/{rel}","templated":true}]}}