{"id":139926,"date":"2025-05-18T23:07:52","date_gmt":"2025-05-18T23:07:52","guid":{"rendered":"https:\/\/staging2.stylingagenten.com\/fi\/produkt\/artdeco-translucent-loose-powder-refill-02-light-8g\/"},"modified":"2026-02-20T11:26:31","modified_gmt":"2026-02-20T11:26:31","slug":"artdeco-translucent-loose-powder-refill-02-light-8g","status":"publish","type":"product","link":"https:\/\/stylingagenten.com\/fi\/tuote\/artdeco-translucent-loose-powder-refill-02-light-8g\/","title":{"rendered":"Artdeco Translucent Loose Powder Refill 02 Light 8g"},"content":{"rendered":"<p>Translucent Loose Powder l\u00e4pikuultava irtopuuteri kiinnitt\u00e4\u00e4 meikin n\u00e4kym\u00e4tt\u00f6m\u00e4ll\u00e4 kerroksella ja j\u00e4tt\u00e4\u00e4 ihon sile\u00e4ksi ja raikkaaksi koko p\u00e4iv\u00e4ksi. Puuteri peitt\u00e4\u00e4 koko meikin helposti ja tasaisesti rasittamatta sit\u00e4 ja v\u00e4\u00e4rist\u00e4m\u00e4tt\u00e4 ihoa. Koostumus ei sis\u00e4ll\u00e4 talkkia, sulaa ja pysyy iholla pitk\u00e4\u00e4n. Lis\u00e4ksi l\u00e4pin\u00e4kyv\u00e4 irtojauhe voidaan korvata varatarjottimella. Irtopuuterin komponentit antavat iholle tyylikk\u00e4\u00e4n ja s\u00e4teilev\u00e4n lopputuloksen. Luonnollinen kiille antaa iholle silkinpehme\u00e4n mattavaikutelman ja kiinnittyy ihoon optimaalisesti. Riisit\u00e4rkkelyksell\u00e4 on talia imevi\u00e4 ominaisuuksia. Sis\u00e4lt\u00e4\u00e4 E-vitamiinia.<\/p>\n","protected":false},"excerpt":{"rendered":"<p>Translucent Loose Powder l\u00e4pikuultava irtopuuteri kiinnitt\u00e4\u00e4 meikin n\u00e4kym\u00e4tt\u00f6m\u00e4ll\u00e4 kerroksella ja j\u00e4tt\u00e4\u00e4 ihon sile\u00e4ksi ja raikkaaksi koko p\u00e4iv\u00e4ksi. Puuteri peitt\u00e4\u00e4 koko meikin helposti ja tasaisesti rasittamatta sit\u00e4 ja v\u00e4\u00e4rist\u00e4m\u00e4tt\u00e4 ihoa. Koostumus ei sis\u00e4ll\u00e4 talkkia, sulaa ja pysyy iholla pitk\u00e4\u00e4n. Lis\u00e4ksi l\u00e4pin\u00e4kyv\u00e4 irtojauhe voidaan korvata varatarjottimella. Irtopuuterin komponentit antavat iholle tyylikk\u00e4\u00e4n ja s\u00e4teilev\u00e4n lopputuloksen. Luonnollinen kiille antaa [&hellip;]<\/p>\n","protected":false},"featured_media":139920,"comment_status":"open","ping_status":"closed","template":"","meta":{"_trash_the_other_posts":false},"product_brand":[],"product_cat":[606,1005],"product_tag":[],"berocket_brand":[1385],"class_list":{"0":"post-139926","1":"product","2":"type-product","3":"status-publish","4":"has-post-thumbnail","6":"product_cat-jauhe","7":"product_cat-outlet","8":"pa_brand-artdeco","9":"berocket_brand-artdeco","11":"first","12":"instock","13":"sale","14":"taxable","15":"shipping-taxable","16":"purchasable","17":"product-type-simple"},"_links":{"self":[{"href":"https:\/\/stylingagenten.com\/fi\/wp-json\/wp\/v2\/product\/139926","targetHints":{"allow":["GET"]}}],"collection":[{"href":"https:\/\/stylingagenten.com\/fi\/wp-json\/wp\/v2\/product"}],"about":[{"href":"https:\/\/stylingagenten.com\/fi\/wp-json\/wp\/v2\/types\/product"}],"replies":[{"embeddable":true,"href":"https:\/\/stylingagenten.com\/fi\/wp-json\/wp\/v2\/comments?post=139926"}],"version-history":[{"count":0,"href":"https:\/\/stylingagenten.com\/fi\/wp-json\/wp\/v2\/product\/139926\/revisions"}],"wp:featuredmedia":[{"embeddable":true,"href":"https:\/\/stylingagenten.com\/fi\/wp-json\/wp\/v2\/media\/139920"}],"wp:attachment":[{"href":"https:\/\/stylingagenten.com\/fi\/wp-json\/wp\/v2\/media?parent=139926"}],"wp:term":[{"taxonomy":"product_brand","embeddable":true,"href":"https:\/\/stylingagenten.com\/fi\/wp-json\/wp\/v2\/product_brand?post=139926"},{"taxonomy":"product_cat","embeddable":true,"href":"https:\/\/stylingagenten.com\/fi\/wp-json\/wp\/v2\/product_cat?post=139926"},{"taxonomy":"product_tag","embeddable":true,"href":"https:\/\/stylingagenten.com\/fi\/wp-json\/wp\/v2\/product_tag?post=139926"},{"taxonomy":"berocket_brand","embeddable":true,"href":"https:\/\/stylingagenten.com\/fi\/wp-json\/wp\/v2\/berocket_brand?post=139926"}],"curies":[{"name":"wp","href":"https:\/\/api.w.org\/{rel}","templated":true}]}}