{"id":139915,"date":"2025-05-18T23:07:49","date_gmt":"2025-05-18T23:07:49","guid":{"rendered":"https:\/\/staging2.stylingagenten.com\/fi\/produkt\/artdeco-high-definition-compact-powder-22-medium-honey-beige-10g\/"},"modified":"2026-03-24T16:37:48","modified_gmt":"2026-03-24T16:37:48","slug":"artdeco-high-definition-compact-powder-22-medium-honey-beige-10g","status":"publish","type":"product","link":"https:\/\/stylingagenten.com\/fi\/tuote\/artdeco-high-definition-compact-powder-22-medium-honey-beige-10g\/","title":{"rendered":"Artdeco High Definition Compact Powder 22 Medium Honey Beige 10g"},"content":{"rendered":"<p>High Definition Compact Powderissa on silkkinen rakenne, joka sulautuu ihoon, sit\u00e4 tuskin huomaa edes l\u00e4helt\u00e4! Pehme\u00e4 ja kevyt koostumus on helppo levitt\u00e4\u00e4, ja iho pysyy mattana \u00f6ljy\u00e4 imevien ominaisuuksien ansiosta. Tummat silm\u00e4nalusit, rypyt ja ep\u00e4tasaisuudet piilotetaan valoa heijastavien pigmenttien ansiosta.<\/p>\n<p>\u2022 Silkkinen rakenne, joka sulautuu ihoon<br \/>\u2022 \u00d6ljy\u00e4 imev\u00e4t ominaisuudet samealle iholle<br \/>\u2022 Valoa heijastavat pigmentit peitt\u00e4v\u00e4t tumman ympyr\u00f6it\u00e4, ryppyj\u00e4 ja ep\u00e4tasaisuuksia<br \/>\u2022 Vegaaninen<\/p>\n","protected":false},"excerpt":{"rendered":"<p>High Definition Compact Powderissa on silkkinen rakenne, joka sulautuu ihoon, sit\u00e4 tuskin huomaa edes l\u00e4helt\u00e4! Pehme\u00e4 ja kevyt koostumus on helppo levitt\u00e4\u00e4, ja iho pysyy mattana \u00f6ljy\u00e4 imevien ominaisuuksien ansiosta. Tummat silm\u00e4nalusit, rypyt ja ep\u00e4tasaisuudet piilotetaan valoa heijastavien pigmenttien ansiosta. \u2022 Silkkinen rakenne, joka sulautuu ihoon\u2022 \u00d6ljy\u00e4 imev\u00e4t ominaisuudet samealle iholle\u2022 Valoa heijastavat pigmentit peitt\u00e4v\u00e4t [&hellip;]<\/p>\n","protected":false},"featured_media":139910,"comment_status":"open","ping_status":"closed","template":"","meta":{"_trash_the_other_posts":false},"product_brand":[],"product_cat":[606,1005],"product_tag":[2438],"berocket_brand":[1385],"class_list":{"0":"post-139915","1":"product","2":"type-product","3":"status-publish","4":"has-post-thumbnail","6":"product_cat-jauhe","7":"product_cat-outlet","8":"product_tag-artdeco-high-definition-compact-powder-10g","9":"pa_brand-artdeco","10":"pa_variantti-22-medium-honey-beige","11":"berocket_brand-artdeco","13":"first","14":"outofstock","15":"sale","16":"taxable","17":"shipping-taxable","18":"purchasable","19":"product-type-simple"},"_links":{"self":[{"href":"https:\/\/stylingagenten.com\/fi\/wp-json\/wp\/v2\/product\/139915","targetHints":{"allow":["GET"]}}],"collection":[{"href":"https:\/\/stylingagenten.com\/fi\/wp-json\/wp\/v2\/product"}],"about":[{"href":"https:\/\/stylingagenten.com\/fi\/wp-json\/wp\/v2\/types\/product"}],"replies":[{"embeddable":true,"href":"https:\/\/stylingagenten.com\/fi\/wp-json\/wp\/v2\/comments?post=139915"}],"version-history":[{"count":0,"href":"https:\/\/stylingagenten.com\/fi\/wp-json\/wp\/v2\/product\/139915\/revisions"}],"wp:featuredmedia":[{"embeddable":true,"href":"https:\/\/stylingagenten.com\/fi\/wp-json\/wp\/v2\/media\/139910"}],"wp:attachment":[{"href":"https:\/\/stylingagenten.com\/fi\/wp-json\/wp\/v2\/media?parent=139915"}],"wp:term":[{"taxonomy":"product_brand","embeddable":true,"href":"https:\/\/stylingagenten.com\/fi\/wp-json\/wp\/v2\/product_brand?post=139915"},{"taxonomy":"product_cat","embeddable":true,"href":"https:\/\/stylingagenten.com\/fi\/wp-json\/wp\/v2\/product_cat?post=139915"},{"taxonomy":"product_tag","embeddable":true,"href":"https:\/\/stylingagenten.com\/fi\/wp-json\/wp\/v2\/product_tag?post=139915"},{"taxonomy":"berocket_brand","embeddable":true,"href":"https:\/\/stylingagenten.com\/fi\/wp-json\/wp\/v2\/berocket_brand?post=139915"}],"curies":[{"name":"wp","href":"https:\/\/api.w.org\/{rel}","templated":true}]}}