{"id":139880,"date":"2025-05-18T23:07:40","date_gmt":"2025-05-18T23:07:40","guid":{"rendered":"https:\/\/staging2.stylingagenten.com\/fi\/produkt\/max-factor-creme-puff-14-golden-beige\/"},"modified":"2026-03-24T06:27:49","modified_gmt":"2026-03-24T06:27:49","slug":"max-factor-creme-puff-14-golden-beige","status":"publish","type":"product","link":"https:\/\/stylingagenten.com\/fi\/tuote\/max-factor-creme-puff-14-golden-beige\/","title":{"rendered":"Max Factor Creme Puff 14 Golden Beige"},"content":{"rendered":"<p>Glamor\u00f6\u00f6sinen iho on helppo saavuttaa t\u00e4m\u00e4n puuterin avulla. Max Factor Creme Puff 14 Golden Beige tarjoaa ylellisen t\u00e4ydellisen peitt\u00e4v\u00e4n lopputuloksen. Se on t\u00e4ydellinen kaikille ihon tyypeille ja antaa virheett\u00f6m\u00e4n tuloksen pehme\u00e4ll\u00e4, hienovaraisella hehkulla miljoonien valoa heijastavien hiukkasten ansiosta.<\/p>\n<p>K\u00e4ytt\u00f6ohjeet: Vinkit meikkitaiteilijalta; Creme Puffia voi k\u00e4ytt\u00e4\u00e4 sek\u00e4 ylim\u00e4\u00e4r\u00e4isen\u00e4 mattaversiona normaalille meikkivoiteelle hyvin kosteutetulla iholla, tai \u2013 niille, jotka mieluummin sit\u00e4 haluavat \u2013 sipaistuna meikkivoiteen p\u00e4\u00e4lle peitt\u00e4v\u00e4n\u00e4 puuterina.<\/p>\n","protected":false},"excerpt":{"rendered":"<p>Glamor\u00f6\u00f6sinen iho on helppo saavuttaa t\u00e4m\u00e4n puuterin avulla. Max Factor Creme Puff 14 Golden Beige tarjoaa ylellisen t\u00e4ydellisen peitt\u00e4v\u00e4n lopputuloksen. Se on t\u00e4ydellinen kaikille ihon tyypeille ja antaa virheett\u00f6m\u00e4n tuloksen pehme\u00e4ll\u00e4, hienovaraisella hehkulla miljoonien valoa heijastavien hiukkasten ansiosta. K\u00e4ytt\u00f6ohjeet: Vinkit meikkitaiteilijalta; Creme Puffia voi k\u00e4ytt\u00e4\u00e4 sek\u00e4 ylim\u00e4\u00e4r\u00e4isen\u00e4 mattaversiona normaalille meikkivoiteelle hyvin kosteutetulla iholla, tai \u2013 [&hellip;]<\/p>\n","protected":false},"featured_media":139875,"comment_status":"open","ping_status":"closed","template":"","meta":{"_trash_the_other_posts":false},"product_brand":[],"product_cat":[606],"product_tag":[3472],"berocket_brand":[1013],"class_list":{"0":"post-139880","1":"product","2":"type-product","3":"status-publish","4":"has-post-thumbnail","6":"product_cat-jauhe","7":"product_tag-max-factor-creme-puff","8":"pa_brand-max-factor","9":"pa_variantti-14-golden-beige","10":"berocket_brand-max-factor","12":"first","13":"instock","14":"sale","15":"taxable","16":"shipping-taxable","17":"purchasable","18":"product-type-simple"},"_links":{"self":[{"href":"https:\/\/stylingagenten.com\/fi\/wp-json\/wp\/v2\/product\/139880","targetHints":{"allow":["GET"]}}],"collection":[{"href":"https:\/\/stylingagenten.com\/fi\/wp-json\/wp\/v2\/product"}],"about":[{"href":"https:\/\/stylingagenten.com\/fi\/wp-json\/wp\/v2\/types\/product"}],"replies":[{"embeddable":true,"href":"https:\/\/stylingagenten.com\/fi\/wp-json\/wp\/v2\/comments?post=139880"}],"version-history":[{"count":0,"href":"https:\/\/stylingagenten.com\/fi\/wp-json\/wp\/v2\/product\/139880\/revisions"}],"wp:featuredmedia":[{"embeddable":true,"href":"https:\/\/stylingagenten.com\/fi\/wp-json\/wp\/v2\/media\/139875"}],"wp:attachment":[{"href":"https:\/\/stylingagenten.com\/fi\/wp-json\/wp\/v2\/media?parent=139880"}],"wp:term":[{"taxonomy":"product_brand","embeddable":true,"href":"https:\/\/stylingagenten.com\/fi\/wp-json\/wp\/v2\/product_brand?post=139880"},{"taxonomy":"product_cat","embeddable":true,"href":"https:\/\/stylingagenten.com\/fi\/wp-json\/wp\/v2\/product_cat?post=139880"},{"taxonomy":"product_tag","embeddable":true,"href":"https:\/\/stylingagenten.com\/fi\/wp-json\/wp\/v2\/product_tag?post=139880"},{"taxonomy":"berocket_brand","embeddable":true,"href":"https:\/\/stylingagenten.com\/fi\/wp-json\/wp\/v2\/berocket_brand?post=139880"}],"curies":[{"name":"wp","href":"https:\/\/api.w.org\/{rel}","templated":true}]}}