{"id":139854,"date":"2025-05-18T23:07:35","date_gmt":"2025-05-18T23:07:35","guid":{"rendered":"https:\/\/staging2.stylingagenten.com\/fi\/produkt\/wet-n-wild-photo-focus-loose-setting-powder-translucent-20g\/"},"modified":"2026-01-28T01:26:34","modified_gmt":"2026-01-28T01:26:34","slug":"wet-n-wild-photo-focus-loose-setting-powder-translucent-20g","status":"publish","type":"product","link":"https:\/\/stylingagenten.com\/fi\/tuote\/wet-n-wild-photo-focus-loose-setting-powder-translucent-20g\/","title":{"rendered":"Wet n Wild Photo Focus Loose Setting Powder Translucent 20g"},"content":{"rendered":"<p>Wet n Wild Photo Focus Loose Setting Powder Translucent on silkkinen ja painoton kiinnityspuuteri, jota voidaan k\u00e4ytt\u00e4\u00e4 ihon mattapinnan saamiseen, \u00f6ljyn imemiseen, meikin &#8221;leipomiseen&#8221; ja sen paikoillaan pit\u00e4miseen. Levit\u00e4 meikkivoiteen j\u00e4lkeen saadaksesi soft focus -efektin ja h\u00e4ivytt\u00e4\u00e4ksesi juonteita ja ep\u00e4tasaisuuksia.<\/p>\n<p>20 g<\/p>\n","protected":false},"excerpt":{"rendered":"<p>Wet n Wild Photo Focus Loose Setting Powder Translucent on silkkinen ja painoton kiinnityspuuteri, jota voidaan k\u00e4ytt\u00e4\u00e4 ihon mattapinnan saamiseen, \u00f6ljyn imemiseen, meikin &#8221;leipomiseen&#8221; ja sen paikoillaan pit\u00e4miseen. Levit\u00e4 meikkivoiteen j\u00e4lkeen saadaksesi soft focus -efektin ja h\u00e4ivytt\u00e4\u00e4ksesi juonteita ja ep\u00e4tasaisuuksia. 20 g<\/p>\n","protected":false},"featured_media":139851,"comment_status":"open","ping_status":"closed","template":"","meta":{"_trash_the_other_posts":false},"product_brand":[],"product_cat":[606],"product_tag":[4111],"berocket_brand":[1035],"class_list":{"0":"post-139854","1":"product","2":"type-product","3":"status-publish","4":"has-post-thumbnail","6":"product_cat-jauhe","7":"product_tag-wet-n-wild-photo-focus-loose-setting-powder-20g","8":"pa_brand-wet-n-wild","9":"pa_variantti-banana","10":"berocket_brand-wet-n-wild","12":"first","13":"instock","14":"sale","15":"taxable","16":"shipping-taxable","17":"purchasable","18":"product-type-simple"},"_links":{"self":[{"href":"https:\/\/stylingagenten.com\/fi\/wp-json\/wp\/v2\/product\/139854","targetHints":{"allow":["GET"]}}],"collection":[{"href":"https:\/\/stylingagenten.com\/fi\/wp-json\/wp\/v2\/product"}],"about":[{"href":"https:\/\/stylingagenten.com\/fi\/wp-json\/wp\/v2\/types\/product"}],"replies":[{"embeddable":true,"href":"https:\/\/stylingagenten.com\/fi\/wp-json\/wp\/v2\/comments?post=139854"}],"version-history":[{"count":0,"href":"https:\/\/stylingagenten.com\/fi\/wp-json\/wp\/v2\/product\/139854\/revisions"}],"wp:featuredmedia":[{"embeddable":true,"href":"https:\/\/stylingagenten.com\/fi\/wp-json\/wp\/v2\/media\/139851"}],"wp:attachment":[{"href":"https:\/\/stylingagenten.com\/fi\/wp-json\/wp\/v2\/media?parent=139854"}],"wp:term":[{"taxonomy":"product_brand","embeddable":true,"href":"https:\/\/stylingagenten.com\/fi\/wp-json\/wp\/v2\/product_brand?post=139854"},{"taxonomy":"product_cat","embeddable":true,"href":"https:\/\/stylingagenten.com\/fi\/wp-json\/wp\/v2\/product_cat?post=139854"},{"taxonomy":"product_tag","embeddable":true,"href":"https:\/\/stylingagenten.com\/fi\/wp-json\/wp\/v2\/product_tag?post=139854"},{"taxonomy":"berocket_brand","embeddable":true,"href":"https:\/\/stylingagenten.com\/fi\/wp-json\/wp\/v2\/berocket_brand?post=139854"}],"curies":[{"name":"wp","href":"https:\/\/api.w.org\/{rel}","templated":true}]}}