{"id":139793,"date":"2025-05-18T23:07:17","date_gmt":"2025-05-18T23:07:17","guid":{"rendered":"https:\/\/staging2.stylingagenten.com\/fi\/produkt\/kokie-get-ready-makeup-priming-spray\/"},"modified":"2025-11-19T11:28:08","modified_gmt":"2025-11-19T11:28:08","slug":"kokie-get-ready-makeup-priming-spray","status":"publish","type":"product","link":"https:\/\/stylingagenten.com\/fi\/tuote\/kokie-get-ready-makeup-priming-spray\/","title":{"rendered":"Kokie Get Ready Makeup Priming Spray"},"content":{"rendered":"<p>Valmista ihoasi, v\u00e4henn\u00e4 kiiltoa ja virkisty t\u00e4ll\u00e4 kosteuttavalla, helppok\u00e4ytt\u00f6isell\u00e4 pohjustussuihkeella. <br \/>Seuraavassa n\u00e4kyy kest\u00e4v\u00e4 kehitys meikkivoidetta ja antaa pehme\u00e4n, sile\u00e4n pinnan meikkivoiteen levitt\u00e4miselle. <br \/>Sile\u00e4mpi kuin perinteiset pohjamaalit ja takaa pitk\u00e4kestoisen kosteutuksen.<\/p>\n","protected":false},"excerpt":{"rendered":"<p>Valmista ihoasi, v\u00e4henn\u00e4 kiiltoa ja virkisty t\u00e4ll\u00e4 kosteuttavalla, helppok\u00e4ytt\u00f6isell\u00e4 pohjustussuihkeella. Seuraavassa n\u00e4kyy kest\u00e4v\u00e4 kehitys meikkivoidetta ja antaa pehme\u00e4n, sile\u00e4n pinnan meikkivoiteen levitt\u00e4miselle. Sile\u00e4mpi kuin perinteiset pohjamaalit ja takaa pitk\u00e4kestoisen kosteutuksen.<\/p>\n","protected":false},"featured_media":139790,"comment_status":"open","ping_status":"closed","template":"","meta":{"_trash_the_other_posts":false},"product_brand":[],"product_cat":[598],"product_tag":[],"berocket_brand":[1198],"class_list":{"0":"post-139793","1":"product","2":"type-product","3":"status-publish","4":"has-post-thumbnail","6":"product_cat-primer","7":"pa_brand-kokie-cosmetics","8":"berocket_brand-kokie-cosmetics","10":"first","11":"instock","12":"sale","13":"taxable","14":"shipping-taxable","15":"purchasable","16":"product-type-simple"},"_links":{"self":[{"href":"https:\/\/stylingagenten.com\/fi\/wp-json\/wp\/v2\/product\/139793","targetHints":{"allow":["GET"]}}],"collection":[{"href":"https:\/\/stylingagenten.com\/fi\/wp-json\/wp\/v2\/product"}],"about":[{"href":"https:\/\/stylingagenten.com\/fi\/wp-json\/wp\/v2\/types\/product"}],"replies":[{"embeddable":true,"href":"https:\/\/stylingagenten.com\/fi\/wp-json\/wp\/v2\/comments?post=139793"}],"version-history":[{"count":0,"href":"https:\/\/stylingagenten.com\/fi\/wp-json\/wp\/v2\/product\/139793\/revisions"}],"wp:featuredmedia":[{"embeddable":true,"href":"https:\/\/stylingagenten.com\/fi\/wp-json\/wp\/v2\/media\/139790"}],"wp:attachment":[{"href":"https:\/\/stylingagenten.com\/fi\/wp-json\/wp\/v2\/media?parent=139793"}],"wp:term":[{"taxonomy":"product_brand","embeddable":true,"href":"https:\/\/stylingagenten.com\/fi\/wp-json\/wp\/v2\/product_brand?post=139793"},{"taxonomy":"product_cat","embeddable":true,"href":"https:\/\/stylingagenten.com\/fi\/wp-json\/wp\/v2\/product_cat?post=139793"},{"taxonomy":"product_tag","embeddable":true,"href":"https:\/\/stylingagenten.com\/fi\/wp-json\/wp\/v2\/product_tag?post=139793"},{"taxonomy":"berocket_brand","embeddable":true,"href":"https:\/\/stylingagenten.com\/fi\/wp-json\/wp\/v2\/berocket_brand?post=139793"}],"curies":[{"name":"wp","href":"https:\/\/api.w.org\/{rel}","templated":true}]}}