{"id":139733,"date":"2025-05-18T23:07:00","date_gmt":"2025-05-18T23:07:00","guid":{"rendered":"https:\/\/staging2.stylingagenten.com\/fi\/produkt\/wet-n-wild-prime-focus-primer-serum-30ml\/"},"modified":"2025-11-19T11:41:56","modified_gmt":"2025-11-19T11:41:56","slug":"wet-n-wild-prime-focus-primer-serum-30ml","status":"publish","type":"product","link":"https:\/\/stylingagenten.com\/fi\/tuote\/wet-n-wild-prime-focus-primer-serum-30ml\/","title":{"rendered":"Wet n Wild Prime Focus Primer Serum 30ml"},"content":{"rendered":"<p>Wet n Wild Prime Focus Primer Serum on kevyt, kosteuttava, vesipohjainen seerumi, joka valmistelee ihoa ja antaa kylvyn pitk\u00e4kestoiselle meikille. Seerumi on valmistettu ravitsevista ainesosista, kuten ruusuvedest\u00e4, kamelian lehtiuutteesta ja vihre\u00e4n teen uutteesta, jotka kosteuttavat ja tasoittavat ihoa. Silkkinen, kermainen koostumus luo t\u00e4ydellisen perustan tasaiselle ihos\u00e4vylle ja virheett\u00f6m\u00e4lle lopputulokselle ja hehkuvalle.&nbsp;<\/p>\n","protected":false},"excerpt":{"rendered":"<p>Wet n Wild Prime Focus Primer Serum on kevyt, kosteuttava, vesipohjainen seerumi, joka valmistelee ihoa ja antaa kylvyn pitk\u00e4kestoiselle meikille. Seerumi on valmistettu ravitsevista ainesosista, kuten ruusuvedest\u00e4, kamelian lehtiuutteesta ja vihre\u00e4n teen uutteesta, jotka kosteuttavat ja tasoittavat ihoa. Silkkinen, kermainen koostumus luo t\u00e4ydellisen perustan tasaiselle ihos\u00e4vylle ja virheett\u00f6m\u00e4lle lopputulokselle ja hehkuvalle.&nbsp;<\/p>\n","protected":false},"featured_media":139724,"comment_status":"open","ping_status":"closed","template":"","meta":{"_trash_the_other_posts":false},"product_brand":[],"product_cat":[1005,598],"product_tag":[],"berocket_brand":[1035],"class_list":{"0":"post-139733","1":"product","2":"type-product","3":"status-publish","4":"has-post-thumbnail","6":"product_cat-outlet","7":"product_cat-primer","8":"pa_brand-wet-n-wild","9":"berocket_brand-wet-n-wild","11":"first","12":"instock","13":"sale","14":"taxable","15":"shipping-taxable","16":"purchasable","17":"product-type-simple"},"_links":{"self":[{"href":"https:\/\/stylingagenten.com\/fi\/wp-json\/wp\/v2\/product\/139733","targetHints":{"allow":["GET"]}}],"collection":[{"href":"https:\/\/stylingagenten.com\/fi\/wp-json\/wp\/v2\/product"}],"about":[{"href":"https:\/\/stylingagenten.com\/fi\/wp-json\/wp\/v2\/types\/product"}],"replies":[{"embeddable":true,"href":"https:\/\/stylingagenten.com\/fi\/wp-json\/wp\/v2\/comments?post=139733"}],"version-history":[{"count":0,"href":"https:\/\/stylingagenten.com\/fi\/wp-json\/wp\/v2\/product\/139733\/revisions"}],"wp:featuredmedia":[{"embeddable":true,"href":"https:\/\/stylingagenten.com\/fi\/wp-json\/wp\/v2\/media\/139724"}],"wp:attachment":[{"href":"https:\/\/stylingagenten.com\/fi\/wp-json\/wp\/v2\/media?parent=139733"}],"wp:term":[{"taxonomy":"product_brand","embeddable":true,"href":"https:\/\/stylingagenten.com\/fi\/wp-json\/wp\/v2\/product_brand?post=139733"},{"taxonomy":"product_cat","embeddable":true,"href":"https:\/\/stylingagenten.com\/fi\/wp-json\/wp\/v2\/product_cat?post=139733"},{"taxonomy":"product_tag","embeddable":true,"href":"https:\/\/stylingagenten.com\/fi\/wp-json\/wp\/v2\/product_tag?post=139733"},{"taxonomy":"berocket_brand","embeddable":true,"href":"https:\/\/stylingagenten.com\/fi\/wp-json\/wp\/v2\/berocket_brand?post=139733"}],"curies":[{"name":"wp","href":"https:\/\/api.w.org\/{rel}","templated":true}]}}