{"id":139595,"date":"2025-05-18T23:06:17","date_gmt":"2025-05-18T23:06:17","guid":{"rendered":"https:\/\/staging2.stylingagenten.com\/fi\/produkt\/wet-n-wild-prime-focus-primer-serum-refine-pores-30ml\/"},"modified":"2025-12-02T11:42:27","modified_gmt":"2025-12-02T11:42:27","slug":"wet-n-wild-prime-focus-primer-serum-refine-pores-30ml","status":"publish","type":"product","link":"https:\/\/stylingagenten.com\/fi\/tuote\/wet-n-wild-prime-focus-primer-serum-refine-pores-30ml\/","title":{"rendered":"Wet n Wild Prime Focus Primer Serum &#8211; Refine Pores 30ml"},"content":{"rendered":"<p>Wet n Wild Prime Focus Primer Serum &#8211; Refine Pores on kosteuttava primer, joka minimoi huokoset ja kiinnitt\u00e4\u00e4 meikin. Hienos\u00e4\u00e4t\u00e4\u00e4 ihon rakennetta ja tarjoaa t\u00e4ydellisen pohjan pitk\u00e4kestoisen meikin levitt\u00e4miseen.<\/p>\n<p>30ml<\/p>\n","protected":false},"excerpt":{"rendered":"<p>Wet n Wild Prime Focus Primer Serum &#8211; Refine Pores on kosteuttava primer, joka minimoi huokoset ja kiinnitt\u00e4\u00e4 meikin. Hienos\u00e4\u00e4t\u00e4\u00e4 ihon rakennetta ja tarjoaa t\u00e4ydellisen pohjan pitk\u00e4kestoisen meikin levitt\u00e4miseen. 30ml<\/p>\n","protected":false},"featured_media":139587,"comment_status":"open","ping_status":"closed","template":"","meta":{"_trash_the_other_posts":false},"product_brand":[],"product_cat":[598],"product_tag":[],"berocket_brand":[1035],"class_list":{"0":"post-139595","1":"product","2":"type-product","3":"status-publish","4":"has-post-thumbnail","6":"product_cat-primer","7":"pa_brand-wet-n-wild","8":"berocket_brand-wet-n-wild","10":"first","11":"instock","12":"sale","13":"taxable","14":"shipping-taxable","15":"purchasable","16":"product-type-simple"},"_links":{"self":[{"href":"https:\/\/stylingagenten.com\/fi\/wp-json\/wp\/v2\/product\/139595","targetHints":{"allow":["GET"]}}],"collection":[{"href":"https:\/\/stylingagenten.com\/fi\/wp-json\/wp\/v2\/product"}],"about":[{"href":"https:\/\/stylingagenten.com\/fi\/wp-json\/wp\/v2\/types\/product"}],"replies":[{"embeddable":true,"href":"https:\/\/stylingagenten.com\/fi\/wp-json\/wp\/v2\/comments?post=139595"}],"version-history":[{"count":0,"href":"https:\/\/stylingagenten.com\/fi\/wp-json\/wp\/v2\/product\/139595\/revisions"}],"wp:featuredmedia":[{"embeddable":true,"href":"https:\/\/stylingagenten.com\/fi\/wp-json\/wp\/v2\/media\/139587"}],"wp:attachment":[{"href":"https:\/\/stylingagenten.com\/fi\/wp-json\/wp\/v2\/media?parent=139595"}],"wp:term":[{"taxonomy":"product_brand","embeddable":true,"href":"https:\/\/stylingagenten.com\/fi\/wp-json\/wp\/v2\/product_brand?post=139595"},{"taxonomy":"product_cat","embeddable":true,"href":"https:\/\/stylingagenten.com\/fi\/wp-json\/wp\/v2\/product_cat?post=139595"},{"taxonomy":"product_tag","embeddable":true,"href":"https:\/\/stylingagenten.com\/fi\/wp-json\/wp\/v2\/product_tag?post=139595"},{"taxonomy":"berocket_brand","embeddable":true,"href":"https:\/\/stylingagenten.com\/fi\/wp-json\/wp\/v2\/berocket_brand?post=139595"}],"curies":[{"name":"wp","href":"https:\/\/api.w.org\/{rel}","templated":true}]}}