{"id":139567,"date":"2025-05-18T23:06:06","date_gmt":"2025-05-18T23:06:06","guid":{"rendered":"https:\/\/staging2.stylingagenten.com\/fi\/produkt\/wet-n-wild-5-in-1-essence-primer-liquid-65ml\/"},"modified":"2025-11-19T12:47:23","modified_gmt":"2025-11-19T12:47:23","slug":"wet-n-wild-5-in-1-essence-primer-liquid-65ml","status":"publish","type":"product","link":"https:\/\/stylingagenten.com\/fi\/tuote\/wet-n-wild-5-in-1-essence-primer-liquid-65ml\/","title":{"rendered":"Wet n Wild 5-in-1 Essence Primer Liquid 65ml"},"content":{"rendered":"<p>Wet n Wild 5-in-1 Essence Primer Liquid valmistelee ihosi, jotta meikkisi kest\u00e4\u00e4 koko p\u00e4iv\u00e4n. Se on rikastettu keh\u00e4kukkauutteella, ruusuvedell\u00e4 ja galactomycesilla, jotka v\u00e4hent\u00e4v\u00e4t ihohuokosia ja antavat iholle hehkua ja kosteutusta.<\/p>\n<p>65 ml<\/p>\n","protected":false},"excerpt":{"rendered":"<p>Wet n Wild 5-in-1 Essence Primer Liquid valmistelee ihosi, jotta meikkisi kest\u00e4\u00e4 koko p\u00e4iv\u00e4n. Se on rikastettu keh\u00e4kukkauutteella, ruusuvedell\u00e4 ja galactomycesilla, jotka v\u00e4hent\u00e4v\u00e4t ihohuokosia ja antavat iholle hehkua ja kosteutusta. 65 ml<\/p>\n","protected":false},"featured_media":139563,"comment_status":"open","ping_status":"closed","template":"","meta":{"_trash_the_other_posts":false},"product_brand":[],"product_cat":[598],"product_tag":[],"berocket_brand":[1035],"class_list":{"0":"post-139567","1":"product","2":"type-product","3":"status-publish","4":"has-post-thumbnail","6":"product_cat-primer","7":"pa_brand-wet-n-wild","8":"berocket_brand-wet-n-wild","10":"first","11":"instock","12":"sale","13":"taxable","14":"shipping-taxable","15":"purchasable","16":"product-type-simple"},"_links":{"self":[{"href":"https:\/\/stylingagenten.com\/fi\/wp-json\/wp\/v2\/product\/139567","targetHints":{"allow":["GET"]}}],"collection":[{"href":"https:\/\/stylingagenten.com\/fi\/wp-json\/wp\/v2\/product"}],"about":[{"href":"https:\/\/stylingagenten.com\/fi\/wp-json\/wp\/v2\/types\/product"}],"replies":[{"embeddable":true,"href":"https:\/\/stylingagenten.com\/fi\/wp-json\/wp\/v2\/comments?post=139567"}],"version-history":[{"count":0,"href":"https:\/\/stylingagenten.com\/fi\/wp-json\/wp\/v2\/product\/139567\/revisions"}],"wp:featuredmedia":[{"embeddable":true,"href":"https:\/\/stylingagenten.com\/fi\/wp-json\/wp\/v2\/media\/139563"}],"wp:attachment":[{"href":"https:\/\/stylingagenten.com\/fi\/wp-json\/wp\/v2\/media?parent=139567"}],"wp:term":[{"taxonomy":"product_brand","embeddable":true,"href":"https:\/\/stylingagenten.com\/fi\/wp-json\/wp\/v2\/product_brand?post=139567"},{"taxonomy":"product_cat","embeddable":true,"href":"https:\/\/stylingagenten.com\/fi\/wp-json\/wp\/v2\/product_cat?post=139567"},{"taxonomy":"product_tag","embeddable":true,"href":"https:\/\/stylingagenten.com\/fi\/wp-json\/wp\/v2\/product_tag?post=139567"},{"taxonomy":"berocket_brand","embeddable":true,"href":"https:\/\/stylingagenten.com\/fi\/wp-json\/wp\/v2\/berocket_brand?post=139567"}],"curies":[{"name":"wp","href":"https:\/\/api.w.org\/{rel}","templated":true}]}}