{"id":139529,"date":"2025-05-18T23:05:50","date_gmt":"2025-05-18T23:05:50","guid":{"rendered":"https:\/\/staging2.stylingagenten.com\/fi\/produkt\/remington-pro-sleek-curl\/"},"modified":"2026-03-31T23:18:29","modified_gmt":"2026-03-31T23:18:29","slug":"remington-pro-sleek-curl","status":"publish","type":"product","link":"https:\/\/stylingagenten.com\/fi\/tuote\/remington-pro-sleek-curl\/","title":{"rendered":"Remington PRO-Sleek &amp; Curl"},"content":{"rendered":"<p>Remington PRO-sleek &amp; curlissa on edistyksellinen keraaminen pinnoite turmaliinilla, joka est\u00e4\u00e4 staattista s\u00e4hk\u00f6\u00e4 ja 110 mm pitk\u00e4t levyt liukuvat helposti hiusten l\u00e4pi. Py\u00f6ristetyt reunat helpottavat hiusten kihartamista ja uurrettu alapuoli varmistaa, ett\u00e4 hiukset eiv\u00e4t putoa. <br \/>150-230\u00b0C s\u00e4\u00e4dett\u00e4v\u00e4ll\u00e4 l\u00e4mp\u00f6tilalla voit r\u00e4\u00e4t\u00e4l\u00f6id\u00e4 l\u00e4mm\u00f6n hiustyyppisi mukaan. Digitaalinen n\u00e4ytt\u00f6 n\u00e4ytt\u00e4\u00e4 my\u00f6s asetuksen, joten voit aina hallita sit\u00e4 ja kun olet saavuttanut t\u00e4ydellisen l\u00e4mp\u00f6tilan, on muistitoiminto, joka lukitsee asetuksen, kunnes seuraavan kerran kytket suoristimen p\u00e4\u00e4lle.<\/p>\n<p>Toiminnot<br \/> \u2022Kehittynyt keraaminen ultraturmaliinipinnoite takaa tasaisen liukumisen muotoilun aikana<br \/>\u2022Digitaalinen n\u00e4ytt\u00f6 9 l\u00e4mp\u00f6asetuksella, 150\u2013230\u00b0C<br \/>\u2022Nopea l\u00e4mmitys, 15 sekuntia<br \/>\u2022110 mm pitk\u00e4t joustavat kelluvat levyt nopeaan muotoiluun ja tasainen paine <br \/>\u2022Turbotoiminto ja lukituslaite<br \/>\u2022Muistitoiminto<br \/>\u2022Automaattinen sammutus 60 minuutin kuluttua<br \/>\u2022Yleinen j\u00e4nnitteen s\u00e4\u00e4t\u00f6<br \/>\u2022Kierrett\u00e4v\u00e4 johto<br \/>\u2022L\u00e4mm\u00f6nkest\u00e4v\u00e4 s\u00e4ilytys laukku<\/p>\n","protected":false},"excerpt":{"rendered":"<p>Remington PRO-sleek &amp; curlissa on edistyksellinen keraaminen pinnoite turmaliinilla, joka est\u00e4\u00e4 staattista s\u00e4hk\u00f6\u00e4 ja 110 mm pitk\u00e4t levyt liukuvat helposti hiusten l\u00e4pi. Py\u00f6ristetyt reunat helpottavat hiusten kihartamista ja uurrettu alapuoli varmistaa, ett\u00e4 hiukset eiv\u00e4t putoa. 150-230\u00b0C s\u00e4\u00e4dett\u00e4v\u00e4ll\u00e4 l\u00e4mp\u00f6tilalla voit r\u00e4\u00e4t\u00e4l\u00f6id\u00e4 l\u00e4mm\u00f6n hiustyyppisi mukaan. Digitaalinen n\u00e4ytt\u00f6 n\u00e4ytt\u00e4\u00e4 my\u00f6s asetuksen, joten voit aina hallita sit\u00e4 ja kun [&hellip;]<\/p>\n","protected":false},"featured_media":139525,"comment_status":"open","ping_status":"closed","template":"","meta":{"_trash_the_other_posts":false},"product_brand":[],"product_cat":[589],"product_tag":[],"berocket_brand":[1272],"class_list":{"0":"post-139529","1":"product","2":"type-product","3":"status-publish","4":"has-post-thumbnail","6":"product_cat-tasainen-rauta","7":"pa_brand-remington","8":"berocket_brand-remington","10":"first","11":"outofstock","12":"sale","13":"taxable","14":"shipping-taxable","15":"purchasable","16":"product-type-simple"},"_links":{"self":[{"href":"https:\/\/stylingagenten.com\/fi\/wp-json\/wp\/v2\/product\/139529","targetHints":{"allow":["GET"]}}],"collection":[{"href":"https:\/\/stylingagenten.com\/fi\/wp-json\/wp\/v2\/product"}],"about":[{"href":"https:\/\/stylingagenten.com\/fi\/wp-json\/wp\/v2\/types\/product"}],"replies":[{"embeddable":true,"href":"https:\/\/stylingagenten.com\/fi\/wp-json\/wp\/v2\/comments?post=139529"}],"version-history":[{"count":0,"href":"https:\/\/stylingagenten.com\/fi\/wp-json\/wp\/v2\/product\/139529\/revisions"}],"wp:featuredmedia":[{"embeddable":true,"href":"https:\/\/stylingagenten.com\/fi\/wp-json\/wp\/v2\/media\/139525"}],"wp:attachment":[{"href":"https:\/\/stylingagenten.com\/fi\/wp-json\/wp\/v2\/media?parent=139529"}],"wp:term":[{"taxonomy":"product_brand","embeddable":true,"href":"https:\/\/stylingagenten.com\/fi\/wp-json\/wp\/v2\/product_brand?post=139529"},{"taxonomy":"product_cat","embeddable":true,"href":"https:\/\/stylingagenten.com\/fi\/wp-json\/wp\/v2\/product_cat?post=139529"},{"taxonomy":"product_tag","embeddable":true,"href":"https:\/\/stylingagenten.com\/fi\/wp-json\/wp\/v2\/product_tag?post=139529"},{"taxonomy":"berocket_brand","embeddable":true,"href":"https:\/\/stylingagenten.com\/fi\/wp-json\/wp\/v2\/berocket_brand?post=139529"}],"curies":[{"name":"wp","href":"https:\/\/api.w.org\/{rel}","templated":true}]}}