{"id":139524,"date":"2025-05-18T23:05:48","date_gmt":"2025-05-18T23:05:48","guid":{"rendered":"https:\/\/staging2.stylingagenten.com\/fi\/produkt\/remington-proluxe-straightener\/"},"modified":"2026-03-24T09:37:34","modified_gmt":"2026-03-24T09:37:34","slug":"remington-proluxe-straightener","status":"publish","type":"product","link":"https:\/\/stylingagenten.com\/fi\/tuote\/remington-proluxe-straightener\/","title":{"rendered":"Remington PROluxe Straightener"},"content":{"rendered":"<p>Remington Proluxe suoristin &#8211; Pitk\u00e4kestoiseen muotoiluun<br \/>Keraamilevyiss\u00e4 on pinnoite, joka liukuu helposti hiusten l\u00e4pi ja saa aikaan hiukset, jotka n\u00e4ytt\u00e4v\u00e4t terveilt\u00e4 ja kauniilta. Ohuet ja 110 mm pitk\u00e4t kelluvat levyt varmistavat tasaisen paineen hiuksiin, ja digitaalisen n\u00e4yt\u00f6n avulla voit valita yhdeks\u00e4st\u00e4 l\u00e4mp\u00f6tila-asennosta v\u00e4lill\u00e4 150-230 \u00b0C. PRO+-asetus (185\u00b0c) varmistaa, ett\u00e4 k\u00e4yt\u00e4t optimaalista l\u00e4mp\u00f6tilaa ja OptiHeat-tekniikkaa l\u00e4mp\u00f6tila-anturin kanssa, joka lukee l\u00e4mp\u00f6tilan s\u00e4\u00e4nn\u00f6llisesti ja varmistaa, ett\u00e4 se on valitsemasi l\u00e4mp\u00f6tila ja ett\u00e4 l\u00e4mp\u00f6 jakautuu tasaisesti koko levyjen kesken. .<br \/>L\u00e4mp\u00f6tilalukon avulla voit helposti lukita l\u00e4mp\u00f6tilasi ja ne tehd\u00e4\u00e4n pit\u00e4m\u00e4ll\u00e4 miinuspainiketta painettuna muutaman sekunnin ajan, kunnes n\u00e4yt\u00f6lle tulee riippulukko, poistat l\u00e4mp\u00f6tilalukon pit\u00e4m\u00e4ll\u00e4 miinuspainiketta uudelleen painettuna. Muistitoiminto muistaa viimeksi valitun l\u00e4mp\u00f6tilan.<br \/>Silitysraudassa on 10 sekunnin l\u00e4mmitysaika ja 3m pitk\u00e4 johto py\u00f6riv\u00e4ll\u00e4 johtotelineell\u00e4, j\u00e4nnitteens\u00e4\u00e4t\u00f6 koko maailmalle ja turvallisuutesi vuoksi siin\u00e4 on automaattinen sammutus 60 minuutin kuluttua ja l\u00e4mm\u00f6nkest\u00e4v\u00e4 s\u00e4ilytyspussi.<\/p>\n<p> \u2022 \u00c4lyk\u00e4s OptiHeat-tekniikka tarjoaa l\u00e4mp\u00f6\u00e4 sinne, miss\u00e4 sit\u00e4 eniten tarvitaan pidemp\u00e4\u00e4n kest\u00e4vyyteen**<br \/>\u2022 Salon tulokset kest\u00e4v\u00e4t koko p\u00e4iv\u00e4n<br \/>\u2022 5x parempi liukuminen *<br \/>\u2022 Digitaalinen l\u00e4mp\u00f6tilan\u00e4ytt\u00f6<br \/>\u2022 S\u00e4\u00e4dett\u00e4v\u00e4 l\u00e4mp\u00f6tila v\u00e4lill\u00e4 150\u2013230 \u00b0C<br \/>\u2022 Pro+-asetus \u2013 185 \u00b0C:n alempi l\u00e4mp\u00f6tila hell\u00e4varaisempaan muotoiluun<br \/>\u2022 Nopea l\u00e4mmitys, k\u00e4ytt\u00f6valmis 10:ss\u00e4 sekuntia.<br \/>\u2022 Pidemm\u00e4t levyt, 110 mm<br \/>\u2022 L\u00e4mp\u00f6tilalukko<br \/> \u2022 Lukitse levyt helpommin s\u00e4ilytyst\u00e4 varten<br \/>\u2022 Automaattinen deaktivointi 60 minuutin kuluttua<br \/>\u2022 Ylellinen s\u00e4ilytyspussi<br \/>\u2022 5 vuoden takuu + 1 vuosi rekister\u00f6ityess\u00e4si verkossa<br \/><em>*Verrattuna tavalliseen keraamiseen pinnoitteeseen<br \/>**Verrattuna tavalliseen Remingtonin<\/em> litte\u00e4\u00e4n pihdiin<\/p>\n","protected":false},"excerpt":{"rendered":"<p>Remington Proluxe suoristin &#8211; Pitk\u00e4kestoiseen muotoiluunKeraamilevyiss\u00e4 on pinnoite, joka liukuu helposti hiusten l\u00e4pi ja saa aikaan hiukset, jotka n\u00e4ytt\u00e4v\u00e4t terveilt\u00e4 ja kauniilta. Ohuet ja 110 mm pitk\u00e4t kelluvat levyt varmistavat tasaisen paineen hiuksiin, ja digitaalisen n\u00e4yt\u00f6n avulla voit valita yhdeks\u00e4st\u00e4 l\u00e4mp\u00f6tila-asennosta v\u00e4lill\u00e4 150-230 \u00b0C. PRO+-asetus (185\u00b0c) varmistaa, ett\u00e4 k\u00e4yt\u00e4t optimaalista l\u00e4mp\u00f6tilaa ja OptiHeat-tekniikkaa l\u00e4mp\u00f6tila-anturin kanssa, [&hellip;]<\/p>\n","protected":false},"featured_media":139519,"comment_status":"open","ping_status":"closed","template":"","meta":{"_trash_the_other_posts":false},"product_brand":[],"product_cat":[589],"product_tag":[],"berocket_brand":[1272],"class_list":{"0":"post-139524","1":"product","2":"type-product","3":"status-publish","4":"has-post-thumbnail","6":"product_cat-tasainen-rauta","7":"pa_brand-remington","8":"berocket_brand-remington","10":"first","11":"outofstock","12":"sale","13":"taxable","14":"shipping-taxable","15":"purchasable","16":"product-type-simple"},"_links":{"self":[{"href":"https:\/\/stylingagenten.com\/fi\/wp-json\/wp\/v2\/product\/139524","targetHints":{"allow":["GET"]}}],"collection":[{"href":"https:\/\/stylingagenten.com\/fi\/wp-json\/wp\/v2\/product"}],"about":[{"href":"https:\/\/stylingagenten.com\/fi\/wp-json\/wp\/v2\/types\/product"}],"replies":[{"embeddable":true,"href":"https:\/\/stylingagenten.com\/fi\/wp-json\/wp\/v2\/comments?post=139524"}],"version-history":[{"count":0,"href":"https:\/\/stylingagenten.com\/fi\/wp-json\/wp\/v2\/product\/139524\/revisions"}],"wp:featuredmedia":[{"embeddable":true,"href":"https:\/\/stylingagenten.com\/fi\/wp-json\/wp\/v2\/media\/139519"}],"wp:attachment":[{"href":"https:\/\/stylingagenten.com\/fi\/wp-json\/wp\/v2\/media?parent=139524"}],"wp:term":[{"taxonomy":"product_brand","embeddable":true,"href":"https:\/\/stylingagenten.com\/fi\/wp-json\/wp\/v2\/product_brand?post=139524"},{"taxonomy":"product_cat","embeddable":true,"href":"https:\/\/stylingagenten.com\/fi\/wp-json\/wp\/v2\/product_cat?post=139524"},{"taxonomy":"product_tag","embeddable":true,"href":"https:\/\/stylingagenten.com\/fi\/wp-json\/wp\/v2\/product_tag?post=139524"},{"taxonomy":"berocket_brand","embeddable":true,"href":"https:\/\/stylingagenten.com\/fi\/wp-json\/wp\/v2\/berocket_brand?post=139524"}],"curies":[{"name":"wp","href":"https:\/\/api.w.org\/{rel}","templated":true}]}}