{"id":139518,"date":"2025-05-18T23:05:45","date_gmt":"2025-05-18T23:05:45","guid":{"rendered":"https:\/\/staging2.stylingagenten.com\/fi\/produkt\/remington-ceramic-glide-230\/"},"modified":"2026-03-23T08:27:27","modified_gmt":"2026-03-23T08:27:27","slug":"remington-ceramic-glide-230","status":"publish","type":"product","link":"https:\/\/stylingagenten.com\/fi\/tuote\/remington-ceramic-glide-230\/","title":{"rendered":"Remington Ceramic Glide 230"},"content":{"rendered":"<p>CERAMIC GLIDE 230 S3700<\/p>\n<p>4 x suojaavalla pinnoitteella Ceramic Glide suoristusrauta antaa hiuksille enemm\u00e4n kiiltoa ja v\u00e4hemm\u00e4n staattista s\u00e4hk\u00f6\u00e4. T\u00e4m\u00e4n suoristimen pinnoitteessa on titaania, titaanin tiedet\u00e4\u00e4n johtavan l\u00e4mp\u00f6\u00e4 hyvin ja varmistaa l\u00e4mm\u00f6n jakautumisen tasaisesti, mik\u00e4 tekee hiuksista kiilt\u00e4v\u00e4t, sile\u00e4t ja minimaalisen p\u00f6rr\u00f6isyyden.<br \/>Kahdeksalla l\u00e4mp\u00f6asetuksella 230 \u00baC asti voit helposti saavuttaa S\u00e4\u00e4d\u00e4 l\u00e4mp\u00f6tila hiuksillesi sopivaksi, suoristimen johtoliittimess\u00e4 oleva l\u00e4mp\u00f6tilans\u00e4\u00e4din minimoi my\u00f6s riskin, ett\u00e4 muutat l\u00e4mp\u00f6tilaa vahingossa k\u00e4yt\u00f6n aikana.<br \/>Supernopealla 15 sekunnin l\u00e4mmitysajalla et Sinun ei tarvitse odottaa kauan saadaksesi haluamasi tyylin. Ceramic Glide 230 on nopea, yksinkertainen, tehokas ja suojaava.<\/p>\n<p>OMINAISUUDET<br \/>\u20224x suojapinnoite &#8211; antistaattinen, keraaminen, turmaliini-ionipinnoite ja pinnoite parempaan liukumiseen<br \/>\u20228 l\u00e4mp\u00f6tilaa: 150-230 \u00bac<br \/>\u2022S\u00e4\u00e4dett\u00e4v\u00e4 l\u00e4mp\u00f6tila<br \/>\u2022On\/off LED-merkkivalo<br \/>\u2022Nopea l\u00e4mmitys \u2013 K\u00e4ytt\u00f6valmis 15 sekunnissa<br \/>\u2022Kelluvat levyt tasaiseen paineeseen<br \/>\u2022110 mm pitk\u00e4t levyt<br \/>\u2022Levyn lukitus helppo varastointi<br \/>\u2022J\u00e4nnityksen muunnos koko maailmalle<br \/>\u2022K\u00e4\u00e4ntyv\u00e4 johto<br \/>\u2022Automaattinen sammutus 60 minuutin kuluttua<br \/>\u2022L\u00e4mm\u00f6nkest\u00e4v\u00e4 s\u00e4ilytyspussi<\/p>\n","protected":false},"excerpt":{"rendered":"<p>CERAMIC GLIDE 230 S3700 4 x suojaavalla pinnoitteella Ceramic Glide suoristusrauta antaa hiuksille enemm\u00e4n kiiltoa ja v\u00e4hemm\u00e4n staattista s\u00e4hk\u00f6\u00e4. T\u00e4m\u00e4n suoristimen pinnoitteessa on titaania, titaanin tiedet\u00e4\u00e4n johtavan l\u00e4mp\u00f6\u00e4 hyvin ja varmistaa l\u00e4mm\u00f6n jakautumisen tasaisesti, mik\u00e4 tekee hiuksista kiilt\u00e4v\u00e4t, sile\u00e4t ja minimaalisen p\u00f6rr\u00f6isyyden.Kahdeksalla l\u00e4mp\u00f6asetuksella 230 \u00baC asti voit helposti saavuttaa S\u00e4\u00e4d\u00e4 l\u00e4mp\u00f6tila hiuksillesi sopivaksi, suoristimen johtoliittimess\u00e4 [&hellip;]<\/p>\n","protected":false},"featured_media":139511,"comment_status":"open","ping_status":"closed","template":"","meta":{"_trash_the_other_posts":false},"product_brand":[],"product_cat":[589],"product_tag":[],"berocket_brand":[1272],"class_list":{"0":"post-139518","1":"product","2":"type-product","3":"status-publish","4":"has-post-thumbnail","6":"product_cat-tasainen-rauta","7":"pa_brand-remington","8":"berocket_brand-remington","10":"first","11":"outofstock","12":"sale","13":"taxable","14":"shipping-taxable","15":"purchasable","16":"product-type-simple"},"_links":{"self":[{"href":"https:\/\/stylingagenten.com\/fi\/wp-json\/wp\/v2\/product\/139518","targetHints":{"allow":["GET"]}}],"collection":[{"href":"https:\/\/stylingagenten.com\/fi\/wp-json\/wp\/v2\/product"}],"about":[{"href":"https:\/\/stylingagenten.com\/fi\/wp-json\/wp\/v2\/types\/product"}],"replies":[{"embeddable":true,"href":"https:\/\/stylingagenten.com\/fi\/wp-json\/wp\/v2\/comments?post=139518"}],"version-history":[{"count":0,"href":"https:\/\/stylingagenten.com\/fi\/wp-json\/wp\/v2\/product\/139518\/revisions"}],"wp:featuredmedia":[{"embeddable":true,"href":"https:\/\/stylingagenten.com\/fi\/wp-json\/wp\/v2\/media\/139511"}],"wp:attachment":[{"href":"https:\/\/stylingagenten.com\/fi\/wp-json\/wp\/v2\/media?parent=139518"}],"wp:term":[{"taxonomy":"product_brand","embeddable":true,"href":"https:\/\/stylingagenten.com\/fi\/wp-json\/wp\/v2\/product_brand?post=139518"},{"taxonomy":"product_cat","embeddable":true,"href":"https:\/\/stylingagenten.com\/fi\/wp-json\/wp\/v2\/product_cat?post=139518"},{"taxonomy":"product_tag","embeddable":true,"href":"https:\/\/stylingagenten.com\/fi\/wp-json\/wp\/v2\/product_tag?post=139518"},{"taxonomy":"berocket_brand","embeddable":true,"href":"https:\/\/stylingagenten.com\/fi\/wp-json\/wp\/v2\/berocket_brand?post=139518"}],"curies":[{"name":"wp","href":"https:\/\/api.w.org\/{rel}","templated":true}]}}