{"id":139492,"date":"2025-05-18T23:05:34","date_gmt":"2025-05-18T23:05:34","guid":{"rendered":"https:\/\/staging2.stylingagenten.com\/fi\/produkt\/revlon-one-step-double-straight\/"},"modified":"2026-03-11T22:00:23","modified_gmt":"2026-03-11T22:00:23","slug":"revlon-one-step-double-straight","status":"publish","type":"product","link":"https:\/\/stylingagenten.com\/fi\/tuote\/revlon-one-step-double-straight\/","title":{"rendered":"Revlon One-Step Double Straight"},"content":{"rendered":"<p>Revlon One-Step Double Straight<br \/>Revlon Double Straight on vallankumouksellinen suoristin, jossa on innovatiivinen muotoilu. Kaksoislevy tuottaa kaksi kertaa enemm\u00e4n suoristustehoa hiusten muotoilun aikana yhdell\u00e4 pyyhk\u00e4isyll\u00e4. Ensimm\u00e4inen levy suoristaa hiukset, kun taas toinen levy tekee hiuksistasi pehme\u00e4mpi\u00e4 ja suorempia kuin mihin olet tottunut. Ei l\u00e4mp\u00f6h\u00e4vi\u00f6t\u00e4, mik\u00e4 antaa nopeammat tulokset lyhyemm\u00e4ss\u00e4 ajassa. Hiukset eiv\u00e4t ole vain silkinpehme\u00e4t, vaan my\u00f6s terveempi\u00e4.<br \/>Kupariset keraamiset levyt: takaa tasaisen l\u00e4mm\u00f6nsiirron ja nopeamman muotoilun eritt\u00e4in pehme\u00e4ll\u00e4 tuloksella.<\/p>\n<p>&#8211; LED-n\u00e4ytt\u00f6: 10 LED-l\u00e4mp\u00f6tila-asetusta jopa 235\u00b0 C<br \/> &#8211; Lukittavat silityspinnat<br \/>&#8211; Py\u00f6ristetyt reunat<br \/>&#8211; Automaattinen sammutus 60 minuutin kuluttua<br \/>&#8211; Viile\u00e4 k\u00e4rki<\/p>\n","protected":false},"excerpt":{"rendered":"<p>Revlon One-Step Double StraightRevlon Double Straight on vallankumouksellinen suoristin, jossa on innovatiivinen muotoilu. Kaksoislevy tuottaa kaksi kertaa enemm\u00e4n suoristustehoa hiusten muotoilun aikana yhdell\u00e4 pyyhk\u00e4isyll\u00e4. Ensimm\u00e4inen levy suoristaa hiukset, kun taas toinen levy tekee hiuksistasi pehme\u00e4mpi\u00e4 ja suorempia kuin mihin olet tottunut. Ei l\u00e4mp\u00f6h\u00e4vi\u00f6t\u00e4, mik\u00e4 antaa nopeammat tulokset lyhyemm\u00e4ss\u00e4 ajassa. Hiukset eiv\u00e4t ole vain silkinpehme\u00e4t, vaan [&hellip;]<\/p>\n","protected":false},"featured_media":139488,"comment_status":"open","ping_status":"closed","template":"","meta":{"_trash_the_other_posts":false},"product_brand":[],"product_cat":[589],"product_tag":[],"berocket_brand":[1040],"class_list":{"0":"post-139492","1":"product","2":"type-product","3":"status-publish","4":"has-post-thumbnail","6":"product_cat-tasainen-rauta","7":"pa_brand-revlon","8":"berocket_brand-revlon","10":"first","11":"instock","12":"sale","13":"taxable","14":"shipping-taxable","15":"purchasable","16":"product-type-simple"},"_links":{"self":[{"href":"https:\/\/stylingagenten.com\/fi\/wp-json\/wp\/v2\/product\/139492","targetHints":{"allow":["GET"]}}],"collection":[{"href":"https:\/\/stylingagenten.com\/fi\/wp-json\/wp\/v2\/product"}],"about":[{"href":"https:\/\/stylingagenten.com\/fi\/wp-json\/wp\/v2\/types\/product"}],"replies":[{"embeddable":true,"href":"https:\/\/stylingagenten.com\/fi\/wp-json\/wp\/v2\/comments?post=139492"}],"version-history":[{"count":0,"href":"https:\/\/stylingagenten.com\/fi\/wp-json\/wp\/v2\/product\/139492\/revisions"}],"wp:featuredmedia":[{"embeddable":true,"href":"https:\/\/stylingagenten.com\/fi\/wp-json\/wp\/v2\/media\/139488"}],"wp:attachment":[{"href":"https:\/\/stylingagenten.com\/fi\/wp-json\/wp\/v2\/media?parent=139492"}],"wp:term":[{"taxonomy":"product_brand","embeddable":true,"href":"https:\/\/stylingagenten.com\/fi\/wp-json\/wp\/v2\/product_brand?post=139492"},{"taxonomy":"product_cat","embeddable":true,"href":"https:\/\/stylingagenten.com\/fi\/wp-json\/wp\/v2\/product_cat?post=139492"},{"taxonomy":"product_tag","embeddable":true,"href":"https:\/\/stylingagenten.com\/fi\/wp-json\/wp\/v2\/product_tag?post=139492"},{"taxonomy":"berocket_brand","embeddable":true,"href":"https:\/\/stylingagenten.com\/fi\/wp-json\/wp\/v2\/berocket_brand?post=139492"}],"curies":[{"name":"wp","href":"https:\/\/api.w.org\/{rel}","templated":true}]}}