{"id":139453,"date":"2025-05-18T23:05:08","date_gmt":"2025-05-18T23:05:08","guid":{"rendered":"https:\/\/staging2.stylingagenten.com\/fi\/produkt\/laura-biagiotti-roma-uomo-for-men-edt-75ml\/"},"modified":"2026-04-12T10:58:39","modified_gmt":"2026-04-12T10:58:39","slug":"laura-biagiotti-roma-uomo-for-men-edt-75ml","status":"publish","type":"product","link":"https:\/\/stylingagenten.com\/fi\/tuote\/laura-biagiotti-roma-uomo-for-men-edt-75ml\/","title":{"rendered":"Laura Biagiotti Roma Uomo For Men Edt 75ml"},"content":{"rendered":"<p>Laura Biagiotti Roma Uomo Edt on tyylik\u00e4s miesten tuoksu, jossa on elementtej\u00e4 it\u00e4maisista tuoksuista. T\u00e4m\u00e4 hajuvesi sopii erinomaisesti sek\u00e4 p\u00e4iv\u00e4ll\u00e4 ett\u00e4 illalla.<\/p>\n<p><strong>Tuoksutuoksu:<\/strong> greippi, bergamotti, basilika, heliotrooppi, jasmiini, patsuli, setripuu ja santelipuu. ;.<\/p>\n<p><span style=\"font-size: 11.0pt;line-height: 107%;font-family: 'Calibri',sans-serif\">&nbsp;<\/span><\/p>\n","protected":false},"excerpt":{"rendered":"<p>Laura Biagiotti Roma Uomo Edt on tyylik\u00e4s miesten tuoksu, jossa on elementtej\u00e4 it\u00e4maisista tuoksuista. T\u00e4m\u00e4 hajuvesi sopii erinomaisesti sek\u00e4 p\u00e4iv\u00e4ll\u00e4 ett\u00e4 illalla. Tuoksutuoksu: greippi, bergamotti, basilika, heliotrooppi, jasmiini, patsuli, setripuu ja santelipuu. ;. &nbsp;<\/p>\n","protected":false},"featured_media":139452,"comment_status":"open","ping_status":"closed","template":"","meta":{"_trash_the_other_posts":false},"product_brand":[],"product_cat":[1006,1000,951,709,1003,735],"product_tag":[],"berocket_brand":[1112],"class_list":{"0":"post-139453","1":"product","2":"type-product","3":"status-publish","4":"has-post-thumbnail","6":"product_cat-kampanjahinta","7":"product_cat-kampanjatarjous-miehelle","8":"product_cat-laura-biagiotti-roma-men","9":"product_cat-miesten-eau-de-toilette","10":"product_cat-myydyimmat","11":"product_cat-kampanjamme","12":"pa_brand-laura-biagiotti","13":"berocket_brand-laura-biagiotti","15":"first","16":"instock","17":"sale","18":"taxable","19":"shipping-taxable","20":"purchasable","21":"product-type-simple"},"_links":{"self":[{"href":"https:\/\/stylingagenten.com\/fi\/wp-json\/wp\/v2\/product\/139453","targetHints":{"allow":["GET"]}}],"collection":[{"href":"https:\/\/stylingagenten.com\/fi\/wp-json\/wp\/v2\/product"}],"about":[{"href":"https:\/\/stylingagenten.com\/fi\/wp-json\/wp\/v2\/types\/product"}],"replies":[{"embeddable":true,"href":"https:\/\/stylingagenten.com\/fi\/wp-json\/wp\/v2\/comments?post=139453"}],"version-history":[{"count":0,"href":"https:\/\/stylingagenten.com\/fi\/wp-json\/wp\/v2\/product\/139453\/revisions"}],"wp:featuredmedia":[{"embeddable":true,"href":"https:\/\/stylingagenten.com\/fi\/wp-json\/wp\/v2\/media\/139452"}],"wp:attachment":[{"href":"https:\/\/stylingagenten.com\/fi\/wp-json\/wp\/v2\/media?parent=139453"}],"wp:term":[{"taxonomy":"product_brand","embeddable":true,"href":"https:\/\/stylingagenten.com\/fi\/wp-json\/wp\/v2\/product_brand?post=139453"},{"taxonomy":"product_cat","embeddable":true,"href":"https:\/\/stylingagenten.com\/fi\/wp-json\/wp\/v2\/product_cat?post=139453"},{"taxonomy":"product_tag","embeddable":true,"href":"https:\/\/stylingagenten.com\/fi\/wp-json\/wp\/v2\/product_tag?post=139453"},{"taxonomy":"berocket_brand","embeddable":true,"href":"https:\/\/stylingagenten.com\/fi\/wp-json\/wp\/v2\/berocket_brand?post=139453"}],"curies":[{"name":"wp","href":"https:\/\/api.w.org\/{rel}","templated":true}]}}