{"id":139435,"date":"2025-05-18T23:04:52","date_gmt":"2025-05-18T23:04:52","guid":{"rendered":"https:\/\/staging2.stylingagenten.com\/fi\/produkt\/antonio-banderas-king-of-seduction-absolute-edt-100ml\/"},"modified":"2026-03-29T22:38:26","modified_gmt":"2026-03-29T22:38:26","slug":"antonio-banderas-king-of-seduction-absolute-edt-100ml","status":"publish","type":"product","link":"https:\/\/stylingagenten.com\/fi\/tuote\/antonio-banderas-king-of-seduction-absolute-edt-100ml\/","title":{"rendered":"Antonio Banderas King of Seduction Absolute Edt 100ml"},"content":{"rendered":"<p style='margin-top:0cm;margin-right:0cm;margin-bottom:8.0pt;margin-left:0cm;font-size:15px;font-family:\"Calibri\",sans-serif'> Virkist\u00e4v\u00e4 n\u00e4kemys miesten kokemuksista King of Seduction Absolute on Antonio Banderasin uusi maskuliininen tuoksu.<\/p>\n<p style='margin-top:0cm;margin-right:0cm;font-size:15px;font-family:\"Calibri\",sans-serif'>King Of Seduction on miehelle, joka ei koskaan p\u00e4\u00e4se hyvin vakavasti, koska kokemus on opettanut h\u00e4nelle, ett\u00e4 todellinen itseluottamus tulee olemasta oma itsens\u00e4. Kokemus tulee h\u00e4nelle luonnostaan. Ennen kuin h\u00e4n tiet\u00e4\u00e4, ett\u00e4 kokemus ei ole siin\u00e4, mit\u00e4 h\u00e4n antaa, vaan siin\u00e4, kuka h\u00e4n on.<\/p>\n<p style='margin: 0cm 0cm 8pt;font-family: \"Calibri\", sans-serif'>Trooppisten rantojen ja kilpaveneiden inspiroima King Of Seduction aloittaa kokemuksensa virkist\u00e4viss\u00e4 merivesiss\u00e4. Sen syd\u00e4mess\u00e4 on sekoitus l\u00e4mpimi\u00e4 mausteita, kuten kardemummaa, joka erottuu laventelin aromaattisesta tuoreudesta. Mausteiden eteerinen tuoksu, jota ensin vahvistavat pehme\u00e4t nahan, puun, sammalen ja vetiverin harmoniat.<\/p>\n","protected":false},"excerpt":{"rendered":"<p>Virkist\u00e4v\u00e4 n\u00e4kemys miesten kokemuksista King of Seduction Absolute on Antonio Banderasin uusi maskuliininen tuoksu. King Of Seduction on miehelle, joka ei koskaan p\u00e4\u00e4se hyvin vakavasti, koska kokemus on opettanut h\u00e4nelle, ett\u00e4 todellinen itseluottamus tulee olemasta oma itsens\u00e4. Kokemus tulee h\u00e4nelle luonnostaan. Ennen kuin h\u00e4n tiet\u00e4\u00e4, ett\u00e4 kokemus ei ole siin\u00e4, mit\u00e4 h\u00e4n antaa, vaan siin\u00e4, [&hellip;]<\/p>\n","protected":false},"featured_media":139431,"comment_status":"open","ping_status":"closed","template":"","meta":{"_trash_the_other_posts":false},"product_brand":[],"product_cat":[990,1000,709,735],"product_tag":[2378],"berocket_brand":[1072],"class_list":{"0":"post-139435","1":"product","2":"type-product","3":"status-publish","4":"has-post-thumbnail","6":"product_cat-antonio-banderas-king-of-seduction-absolute","7":"product_cat-kampanjatarjous-miehelle","8":"product_cat-miesten-eau-de-toilette","9":"product_cat-kampanjamme","10":"product_tag-antonio-banderas-king-of-seduction-absolute-edt","11":"pa_brand-antonio-banderas","12":"pa_variantti-100ml","13":"berocket_brand-antonio-banderas","15":"first","16":"instock","17":"sale","18":"taxable","19":"shipping-taxable","20":"purchasable","21":"product-type-simple"},"_links":{"self":[{"href":"https:\/\/stylingagenten.com\/fi\/wp-json\/wp\/v2\/product\/139435","targetHints":{"allow":["GET"]}}],"collection":[{"href":"https:\/\/stylingagenten.com\/fi\/wp-json\/wp\/v2\/product"}],"about":[{"href":"https:\/\/stylingagenten.com\/fi\/wp-json\/wp\/v2\/types\/product"}],"replies":[{"embeddable":true,"href":"https:\/\/stylingagenten.com\/fi\/wp-json\/wp\/v2\/comments?post=139435"}],"version-history":[{"count":0,"href":"https:\/\/stylingagenten.com\/fi\/wp-json\/wp\/v2\/product\/139435\/revisions"}],"wp:featuredmedia":[{"embeddable":true,"href":"https:\/\/stylingagenten.com\/fi\/wp-json\/wp\/v2\/media\/139431"}],"wp:attachment":[{"href":"https:\/\/stylingagenten.com\/fi\/wp-json\/wp\/v2\/media?parent=139435"}],"wp:term":[{"taxonomy":"product_brand","embeddable":true,"href":"https:\/\/stylingagenten.com\/fi\/wp-json\/wp\/v2\/product_brand?post=139435"},{"taxonomy":"product_cat","embeddable":true,"href":"https:\/\/stylingagenten.com\/fi\/wp-json\/wp\/v2\/product_cat?post=139435"},{"taxonomy":"product_tag","embeddable":true,"href":"https:\/\/stylingagenten.com\/fi\/wp-json\/wp\/v2\/product_tag?post=139435"},{"taxonomy":"berocket_brand","embeddable":true,"href":"https:\/\/stylingagenten.com\/fi\/wp-json\/wp\/v2\/berocket_brand?post=139435"}],"curies":[{"name":"wp","href":"https:\/\/api.w.org\/{rel}","templated":true}]}}