{"id":139386,"date":"2025-05-18T23:04:14","date_gmt":"2025-05-18T23:04:14","guid":{"rendered":"https:\/\/staging2.stylingagenten.com\/fi\/produkt\/joop-homme-wild-edt-125ml\/"},"modified":"2026-04-11T11:38:26","modified_gmt":"2026-04-11T11:38:26","slug":"joop-homme-wild-edt-125ml","status":"publish","type":"product","link":"https:\/\/stylingagenten.com\/fi\/tuote\/joop-homme-wild-edt-125ml\/","title":{"rendered":"Joop! Homme Wild edt 125ml"},"content":{"rendered":"<p style='margin-top:0cm;margin-right:0cm;margin-bottom:8.0pt;margin-left:0cm;font-size:15px;font-family:\"Calibri\",sans-serif'> Jep! Homme Wild on kukkainen ja puumainen tuoksu miehille. Hajuvesi leikkis\u00e4lle miehelle, jota ei voi kesytt\u00e4\u00e4. It\u00e4maisia \u200b\u200bja mausteisia vivahteita sekoitettuna makean rommin tuoksuun, se sopii t\u00e4ydellisesti \u00f6isiin seikkailuihin, jotka jatkuvat pitk\u00e4\u00e4n auringon nousun j\u00e4lkeen. Sensuelli, magneettinen ja moderni! Homme Wild by Joop! lanseerattu vuonna 2012<\/p>\n<p style='margin: 0cm 0cm 8pt;font-family: \"Calibri\", sans-serif'>Yl\u00e4tuoksu: ruusu&eacute;pippuri.<br \/>Syd\u00e4ntuoksu: rommi.<br \/>Pohjatuoksu: valkoinen tupakka, puu.<\/p>\n","protected":false},"excerpt":{"rendered":"<p>Jep! Homme Wild on kukkainen ja puumainen tuoksu miehille. Hajuvesi leikkis\u00e4lle miehelle, jota ei voi kesytt\u00e4\u00e4. It\u00e4maisia \u200b\u200bja mausteisia vivahteita sekoitettuna makean rommin tuoksuun, se sopii t\u00e4ydellisesti \u00f6isiin seikkailuihin, jotka jatkuvat pitk\u00e4\u00e4n auringon nousun j\u00e4lkeen. Sensuelli, magneettinen ja moderni! Homme Wild by Joop! lanseerattu vuonna 2012 Yl\u00e4tuoksu: ruusu&eacute;pippuri.Syd\u00e4ntuoksu: rommi.Pohjatuoksu: valkoinen tupakka, puu.<\/p>\n","protected":false},"featured_media":139384,"comment_status":"open","ping_status":"closed","template":"","meta":{"_trash_the_other_posts":false},"product_brand":[],"product_cat":[1006,1000,709,735],"product_tag":[3081],"berocket_brand":[1087],"class_list":{"0":"post-139386","1":"product","2":"type-product","3":"status-publish","4":"has-post-thumbnail","6":"product_cat-kampanjahinta","7":"product_cat-kampanjatarjous-miehelle","8":"product_cat-miesten-eau-de-toilette","9":"product_cat-kampanjamme","10":"product_tag-joop-homme-wild-edt","11":"pa_brand-joop","12":"pa_variantti-125ml","13":"berocket_brand-joop","15":"first","16":"instock","17":"sale","18":"taxable","19":"shipping-taxable","20":"purchasable","21":"product-type-simple"},"_links":{"self":[{"href":"https:\/\/stylingagenten.com\/fi\/wp-json\/wp\/v2\/product\/139386","targetHints":{"allow":["GET"]}}],"collection":[{"href":"https:\/\/stylingagenten.com\/fi\/wp-json\/wp\/v2\/product"}],"about":[{"href":"https:\/\/stylingagenten.com\/fi\/wp-json\/wp\/v2\/types\/product"}],"replies":[{"embeddable":true,"href":"https:\/\/stylingagenten.com\/fi\/wp-json\/wp\/v2\/comments?post=139386"}],"version-history":[{"count":0,"href":"https:\/\/stylingagenten.com\/fi\/wp-json\/wp\/v2\/product\/139386\/revisions"}],"wp:featuredmedia":[{"embeddable":true,"href":"https:\/\/stylingagenten.com\/fi\/wp-json\/wp\/v2\/media\/139384"}],"wp:attachment":[{"href":"https:\/\/stylingagenten.com\/fi\/wp-json\/wp\/v2\/media?parent=139386"}],"wp:term":[{"taxonomy":"product_brand","embeddable":true,"href":"https:\/\/stylingagenten.com\/fi\/wp-json\/wp\/v2\/product_brand?post=139386"},{"taxonomy":"product_cat","embeddable":true,"href":"https:\/\/stylingagenten.com\/fi\/wp-json\/wp\/v2\/product_cat?post=139386"},{"taxonomy":"product_tag","embeddable":true,"href":"https:\/\/stylingagenten.com\/fi\/wp-json\/wp\/v2\/product_tag?post=139386"},{"taxonomy":"berocket_brand","embeddable":true,"href":"https:\/\/stylingagenten.com\/fi\/wp-json\/wp\/v2\/berocket_brand?post=139386"}],"curies":[{"name":"wp","href":"https:\/\/api.w.org\/{rel}","templated":true}]}}