{"id":139381,"date":"2025-05-18T23:04:08","date_gmt":"2025-05-18T23:04:08","guid":{"rendered":"https:\/\/staging2.stylingagenten.com\/fi\/produkt\/mont-blanc-starwalker-pour-homme-edt-75ml\/"},"modified":"2026-03-28T17:08:36","modified_gmt":"2026-03-28T17:08:36","slug":"mont-blanc-starwalker-pour-homme-edt-75ml","status":"publish","type":"product","link":"https:\/\/stylingagenten.com\/fi\/tuote\/mont-blanc-starwalker-pour-homme-edt-75ml\/","title":{"rendered":"Mont Blanc Starwalker Pour Homme edt 75ml"},"content":{"rendered":"<p style='margin-top:0cm;margin-right:0cm;margin-bottom:8.0pt;margin-left:0cm;font-size:15px;font-family:\"Calibri\",sans-serif'> Starwalker on maskuliininen tuoksu, joka on suunnattu miehelle, joka arvostaa laatua ja ammattitaitoa.<\/p>\n<p style='margin-top:0cm;margin-right:0cm;margin-bottom:8.0pt;margin-left: 0cm;font-family:\"Calibri\",sans-serif'>Tuoksu on moderni luomus, joka alkaa anisella ja ruusupippurilla ja setripuulla. ja santelipuu&auml; syd\u00e4mess\u00e4. Klassisilla yksityiskohdilla pohjaa py\u00f6rist\u00e4\u00e4 meripihka ja myski.<\/p>\n<p style='margin: 0cm 0cm 8pt;font-family: \"Calibri\", sans-serif'>Yl\u00e4tuoksu: ruusu&eacute;pippuri, anis.<br \/>Syd\u00e4ntuoksu: Setripuu, santelipuu.<br \/>Pohjatuoksu: Amber, Myski.<\/p>\n","protected":false},"excerpt":{"rendered":"<p>Starwalker on maskuliininen tuoksu, joka on suunnattu miehelle, joka arvostaa laatua ja ammattitaitoa. Tuoksu on moderni luomus, joka alkaa anisella ja ruusupippurilla ja setripuulla. ja santelipuu&auml; syd\u00e4mess\u00e4. Klassisilla yksityiskohdilla pohjaa py\u00f6rist\u00e4\u00e4 meripihka ja myski. Yl\u00e4tuoksu: ruusu&eacute;pippuri, anis.Syd\u00e4ntuoksu: Setripuu, santelipuu.Pohjatuoksu: Amber, Myski.<\/p>\n","protected":false},"featured_media":139380,"comment_status":"open","ping_status":"closed","template":"","meta":{"_trash_the_other_posts":false},"product_brand":[],"product_cat":[1000,709,735],"product_tag":[],"berocket_brand":[1079],"class_list":{"0":"post-139381","1":"product","2":"type-product","3":"status-publish","4":"has-post-thumbnail","6":"product_cat-kampanjatarjous-miehelle","7":"product_cat-miesten-eau-de-toilette","8":"product_cat-kampanjamme","9":"pa_brand-mont-blanc","10":"berocket_brand-mont-blanc","12":"first","13":"instock","14":"sale","15":"taxable","16":"shipping-taxable","17":"purchasable","18":"product-type-simple"},"_links":{"self":[{"href":"https:\/\/stylingagenten.com\/fi\/wp-json\/wp\/v2\/product\/139381","targetHints":{"allow":["GET"]}}],"collection":[{"href":"https:\/\/stylingagenten.com\/fi\/wp-json\/wp\/v2\/product"}],"about":[{"href":"https:\/\/stylingagenten.com\/fi\/wp-json\/wp\/v2\/types\/product"}],"replies":[{"embeddable":true,"href":"https:\/\/stylingagenten.com\/fi\/wp-json\/wp\/v2\/comments?post=139381"}],"version-history":[{"count":0,"href":"https:\/\/stylingagenten.com\/fi\/wp-json\/wp\/v2\/product\/139381\/revisions"}],"wp:featuredmedia":[{"embeddable":true,"href":"https:\/\/stylingagenten.com\/fi\/wp-json\/wp\/v2\/media\/139380"}],"wp:attachment":[{"href":"https:\/\/stylingagenten.com\/fi\/wp-json\/wp\/v2\/media?parent=139381"}],"wp:term":[{"taxonomy":"product_brand","embeddable":true,"href":"https:\/\/stylingagenten.com\/fi\/wp-json\/wp\/v2\/product_brand?post=139381"},{"taxonomy":"product_cat","embeddable":true,"href":"https:\/\/stylingagenten.com\/fi\/wp-json\/wp\/v2\/product_cat?post=139381"},{"taxonomy":"product_tag","embeddable":true,"href":"https:\/\/stylingagenten.com\/fi\/wp-json\/wp\/v2\/product_tag?post=139381"},{"taxonomy":"berocket_brand","embeddable":true,"href":"https:\/\/stylingagenten.com\/fi\/wp-json\/wp\/v2\/berocket_brand?post=139381"}],"curies":[{"name":"wp","href":"https:\/\/api.w.org\/{rel}","templated":true}]}}