{"id":139362,"date":"2025-05-18T23:03:41","date_gmt":"2025-05-18T23:03:41","guid":{"rendered":"https:\/\/staging2.stylingagenten.com\/fi\/produkt\/calvin-klein-contradiction-for-men-edt-100ml\/"},"modified":"2026-04-05T13:18:55","modified_gmt":"2026-04-05T13:18:55","slug":"calvin-klein-contradiction-for-men-edt-100ml","status":"publish","type":"product","link":"https:\/\/stylingagenten.com\/fi\/tuote\/calvin-klein-contradiction-for-men-edt-100ml\/","title":{"rendered":"Calvin Klein Contradiction For Men Edt 100ml"},"content":{"rendered":"<p>Calvin Klein Contradiction For Men on it\u00e4mainen ja klassinen miesten tuoksu, jossa on vivahteita puusta. Hajuvesi, joka sopii kaikille miehille i\u00e4st\u00e4 riippumatta.<\/p>\n<p><strong>Tuoksutuoksu:<\/strong> sitruuna, mandariini, lime, laventeli, salvia, muskottip\u00e4hkin\u00e4, korianteri, kardemumma, pippuri, myski, santelipuu; , vetiver &amp; eebenpuu.<\/p>\n","protected":false},"excerpt":{"rendered":"<p>Calvin Klein Contradiction For Men on it\u00e4mainen ja klassinen miesten tuoksu, jossa on vivahteita puusta. Hajuvesi, joka sopii kaikille miehille i\u00e4st\u00e4 riippumatta. Tuoksutuoksu: sitruuna, mandariini, lime, laventeli, salvia, muskottip\u00e4hkin\u00e4, korianteri, kardemumma, pippuri, myski, santelipuu; , vetiver &amp; eebenpuu.<\/p>\n","protected":false},"featured_media":139360,"comment_status":"open","ping_status":"closed","template":"","meta":{"_trash_the_other_posts":false},"product_brand":[],"product_cat":[1000,709,1003,735],"product_tag":[],"berocket_brand":[1014],"class_list":{"0":"post-139362","1":"product","2":"type-product","3":"status-publish","4":"has-post-thumbnail","6":"product_cat-kampanjatarjous-miehelle","7":"product_cat-miesten-eau-de-toilette","8":"product_cat-myydyimmat","9":"product_cat-kampanjamme","10":"pa_brand-calvin-klein","11":"berocket_brand-calvin-klein","13":"first","14":"outofstock","15":"sale","16":"taxable","17":"shipping-taxable","18":"purchasable","19":"product-type-simple"},"_links":{"self":[{"href":"https:\/\/stylingagenten.com\/fi\/wp-json\/wp\/v2\/product\/139362","targetHints":{"allow":["GET"]}}],"collection":[{"href":"https:\/\/stylingagenten.com\/fi\/wp-json\/wp\/v2\/product"}],"about":[{"href":"https:\/\/stylingagenten.com\/fi\/wp-json\/wp\/v2\/types\/product"}],"replies":[{"embeddable":true,"href":"https:\/\/stylingagenten.com\/fi\/wp-json\/wp\/v2\/comments?post=139362"}],"version-history":[{"count":0,"href":"https:\/\/stylingagenten.com\/fi\/wp-json\/wp\/v2\/product\/139362\/revisions"}],"wp:featuredmedia":[{"embeddable":true,"href":"https:\/\/stylingagenten.com\/fi\/wp-json\/wp\/v2\/media\/139360"}],"wp:attachment":[{"href":"https:\/\/stylingagenten.com\/fi\/wp-json\/wp\/v2\/media?parent=139362"}],"wp:term":[{"taxonomy":"product_brand","embeddable":true,"href":"https:\/\/stylingagenten.com\/fi\/wp-json\/wp\/v2\/product_brand?post=139362"},{"taxonomy":"product_cat","embeddable":true,"href":"https:\/\/stylingagenten.com\/fi\/wp-json\/wp\/v2\/product_cat?post=139362"},{"taxonomy":"product_tag","embeddable":true,"href":"https:\/\/stylingagenten.com\/fi\/wp-json\/wp\/v2\/product_tag?post=139362"},{"taxonomy":"berocket_brand","embeddable":true,"href":"https:\/\/stylingagenten.com\/fi\/wp-json\/wp\/v2\/berocket_brand?post=139362"}],"curies":[{"name":"wp","href":"https:\/\/api.w.org\/{rel}","templated":true}]}}