{"id":139359,"date":"2025-05-18T23:03:37","date_gmt":"2025-05-18T23:03:37","guid":{"rendered":"https:\/\/staging2.stylingagenten.com\/fi\/produkt\/joop-jump-edt-100ml\/"},"modified":"2026-04-14T09:08:39","modified_gmt":"2026-04-14T09:08:39","slug":"joop-jump-edt-100ml","status":"publish","type":"product","link":"https:\/\/stylingagenten.com\/fi\/tuote\/joop-jump-edt-100ml\/","title":{"rendered":"JOOP! Jump edt 100ml"},"content":{"rendered":"<p style='margin-top:0cm;margin-right:0cm;margin-bottom:8.0pt;margin-left:0cm;font-size:15px;font-family:\"Calibri\",sans-serif'> Hypp\u00e4\u00e4 pois Joopista! on raikas, raikas ja houkutteleva tuoksu miehille. Jep! Jump on hajuvesi nykyajan miehelle. Yl\u00e4osassa rosmariinia, kuminaa ja greippi\u00e4. Syd\u00e4ntuoksussa on korianteria ja heliotrooppia, jotka sitten kohtaavat j\u00e4nnitt\u00e4vi\u00e4 tonkapavun, myskin ja vetiverin s\u00e4vyj\u00e4. Hypp\u00e4\u00e4 pois Joopista! lanseerattiin vuonna 2005.<\/p>\n<p style='margin: 0cm 0cm 8pt;font-family: \"Calibri\", sans-serif'>Yl\u00e4tuoksu: timjami, greippi, rosmariini.<br \/>Syd\u00e4ntuoksu: korianteri, heliotrooppi, vodka.<br \/>Pohjatuoksu: myski, tonkapapu, vetiveri.<\/ p><\/p>\n","protected":false},"excerpt":{"rendered":"<p>Hypp\u00e4\u00e4 pois Joopista! on raikas, raikas ja houkutteleva tuoksu miehille. Jep! Jump on hajuvesi nykyajan miehelle. Yl\u00e4osassa rosmariinia, kuminaa ja greippi\u00e4. Syd\u00e4ntuoksussa on korianteria ja heliotrooppia, jotka sitten kohtaavat j\u00e4nnitt\u00e4vi\u00e4 tonkapavun, myskin ja vetiverin s\u00e4vyj\u00e4. Hypp\u00e4\u00e4 pois Joopista! lanseerattiin vuonna 2005. Yl\u00e4tuoksu: timjami, greippi, rosmariini.Syd\u00e4ntuoksu: korianteri, heliotrooppi, vodka.Pohjatuoksu: myski, tonkapapu, vetiveri.<\/p>\n","protected":false},"featured_media":139357,"comment_status":"open","ping_status":"closed","template":"","meta":{"_trash_the_other_posts":false},"product_brand":[],"product_cat":[1000,709,735],"product_tag":[],"berocket_brand":[1087],"class_list":{"0":"post-139359","1":"product","2":"type-product","3":"status-publish","4":"has-post-thumbnail","6":"product_cat-kampanjatarjous-miehelle","7":"product_cat-miesten-eau-de-toilette","8":"product_cat-kampanjamme","9":"pa_brand-joop","10":"berocket_brand-joop","12":"first","13":"instock","14":"sale","15":"taxable","16":"shipping-taxable","17":"purchasable","18":"product-type-simple"},"_links":{"self":[{"href":"https:\/\/stylingagenten.com\/fi\/wp-json\/wp\/v2\/product\/139359","targetHints":{"allow":["GET"]}}],"collection":[{"href":"https:\/\/stylingagenten.com\/fi\/wp-json\/wp\/v2\/product"}],"about":[{"href":"https:\/\/stylingagenten.com\/fi\/wp-json\/wp\/v2\/types\/product"}],"replies":[{"embeddable":true,"href":"https:\/\/stylingagenten.com\/fi\/wp-json\/wp\/v2\/comments?post=139359"}],"version-history":[{"count":1,"href":"https:\/\/stylingagenten.com\/fi\/wp-json\/wp\/v2\/product\/139359\/revisions"}],"predecessor-version":[{"id":443153,"href":"https:\/\/stylingagenten.com\/fi\/wp-json\/wp\/v2\/product\/139359\/revisions\/443153"}],"wp:featuredmedia":[{"embeddable":true,"href":"https:\/\/stylingagenten.com\/fi\/wp-json\/wp\/v2\/media\/139357"}],"wp:attachment":[{"href":"https:\/\/stylingagenten.com\/fi\/wp-json\/wp\/v2\/media?parent=139359"}],"wp:term":[{"taxonomy":"product_brand","embeddable":true,"href":"https:\/\/stylingagenten.com\/fi\/wp-json\/wp\/v2\/product_brand?post=139359"},{"taxonomy":"product_cat","embeddable":true,"href":"https:\/\/stylingagenten.com\/fi\/wp-json\/wp\/v2\/product_cat?post=139359"},{"taxonomy":"product_tag","embeddable":true,"href":"https:\/\/stylingagenten.com\/fi\/wp-json\/wp\/v2\/product_tag?post=139359"},{"taxonomy":"berocket_brand","embeddable":true,"href":"https:\/\/stylingagenten.com\/fi\/wp-json\/wp\/v2\/berocket_brand?post=139359"}],"curies":[{"name":"wp","href":"https:\/\/api.w.org\/{rel}","templated":true}]}}