{"id":139313,"date":"2025-05-18T23:02:47","date_gmt":"2025-05-18T23:02:47","guid":{"rendered":"https:\/\/staging2.stylingagenten.com\/fi\/produkt\/abercrombie-fitch-first-instinct-edt-30ml\/"},"modified":"2026-04-10T19:38:29","modified_gmt":"2026-04-10T19:38:29","slug":"abercrombie-fitch-first-instinct-edt-30ml","status":"publish","type":"product","link":"https:\/\/stylingagenten.com\/fi\/tuote\/abercrombie-fitch-first-instinct-edt-30ml\/","title":{"rendered":"Abercrombie &amp; Fitch First Instinct Edt 30ml"},"content":{"rendered":"<p>First Instinct s&aring; k\u00e4ynnist\u00e4\u00e4 A &amp; F:n ensimm\u00e4inen tuoksu omien myym\u00e4l\u00f6idens\u00e4 ulkopuolella.<\/p>\n<p>Tuoksu on klassisen sensuelli miesten tuoksu, jossa yhdistyv\u00e4t mausteet ja pehme\u00e4t puun tuoksut. ja myski. Yll\u00e4tt\u00e4v\u00e4 gin and tonic -tuoksu tuo raikkautta ja viileytt\u00e4 muuten l\u00e4mpim\u00e4\u00e4n koostumukseen.<\/p>\n<p>Yl\u00e4tuoksu: Gin tonic, Kiwano-meloni, karvasmanteli<br \/>Syd\u00e4ntuoksu: Juuri ;tt t&eacute;, Violetti lehti\u00e4, szechuanipippuria, unikkoa<br \/>Pohjatuoksu: Vaaleat puut, meripihka, myski, kookospuu<\/p>\n","protected":false},"excerpt":{"rendered":"<p>First Instinct s&aring; k\u00e4ynnist\u00e4\u00e4 A &amp; F:n ensimm\u00e4inen tuoksu omien myym\u00e4l\u00f6idens\u00e4 ulkopuolella. Tuoksu on klassisen sensuelli miesten tuoksu, jossa yhdistyv\u00e4t mausteet ja pehme\u00e4t puun tuoksut. ja myski. Yll\u00e4tt\u00e4v\u00e4 gin and tonic -tuoksu tuo raikkautta ja viileytt\u00e4 muuten l\u00e4mpim\u00e4\u00e4n koostumukseen. Yl\u00e4tuoksu: Gin tonic, Kiwano-meloni, karvasmanteliSyd\u00e4ntuoksu: Juuri ;tt t&eacute;, Violetti lehti\u00e4, szechuanipippuria, unikkoaPohjatuoksu: Vaaleat puut, meripihka, myski, [&hellip;]<\/p>\n","protected":false},"featured_media":139308,"comment_status":"open","ping_status":"closed","template":"","meta":{"_trash_the_other_posts":false},"product_brand":[],"product_cat":[1000,709,735],"product_tag":[2324],"berocket_brand":[1278],"class_list":{"0":"post-139313","1":"product","2":"type-product","3":"status-publish","4":"has-post-thumbnail","6":"product_cat-kampanjatarjous-miehelle","7":"product_cat-miesten-eau-de-toilette","8":"product_cat-kampanjamme","9":"product_tag-abercrombie-fitch-first-instinct-edt","10":"pa_brand-abercrombie-fitch","11":"pa_variantti-30ml","12":"berocket_brand-abercrombie-fitch","14":"first","15":"instock","16":"sale","17":"taxable","18":"shipping-taxable","19":"purchasable","20":"product-type-simple"},"_links":{"self":[{"href":"https:\/\/stylingagenten.com\/fi\/wp-json\/wp\/v2\/product\/139313","targetHints":{"allow":["GET"]}}],"collection":[{"href":"https:\/\/stylingagenten.com\/fi\/wp-json\/wp\/v2\/product"}],"about":[{"href":"https:\/\/stylingagenten.com\/fi\/wp-json\/wp\/v2\/types\/product"}],"replies":[{"embeddable":true,"href":"https:\/\/stylingagenten.com\/fi\/wp-json\/wp\/v2\/comments?post=139313"}],"version-history":[{"count":0,"href":"https:\/\/stylingagenten.com\/fi\/wp-json\/wp\/v2\/product\/139313\/revisions"}],"wp:featuredmedia":[{"embeddable":true,"href":"https:\/\/stylingagenten.com\/fi\/wp-json\/wp\/v2\/media\/139308"}],"wp:attachment":[{"href":"https:\/\/stylingagenten.com\/fi\/wp-json\/wp\/v2\/media?parent=139313"}],"wp:term":[{"taxonomy":"product_brand","embeddable":true,"href":"https:\/\/stylingagenten.com\/fi\/wp-json\/wp\/v2\/product_brand?post=139313"},{"taxonomy":"product_cat","embeddable":true,"href":"https:\/\/stylingagenten.com\/fi\/wp-json\/wp\/v2\/product_cat?post=139313"},{"taxonomy":"product_tag","embeddable":true,"href":"https:\/\/stylingagenten.com\/fi\/wp-json\/wp\/v2\/product_tag?post=139313"},{"taxonomy":"berocket_brand","embeddable":true,"href":"https:\/\/stylingagenten.com\/fi\/wp-json\/wp\/v2\/berocket_brand?post=139313"}],"curies":[{"name":"wp","href":"https:\/\/api.w.org\/{rel}","templated":true}]}}