{"id":139286,"date":"2025-05-18T23:02:40","date_gmt":"2025-05-18T23:02:40","guid":{"rendered":"https:\/\/staging2.stylingagenten.com\/fi\/produkt\/zadig-voltaire-this-is-him-edt-50ml\/"},"modified":"2026-03-25T14:29:35","modified_gmt":"2026-03-25T14:29:35","slug":"zadig-voltaire-this-is-him-edt-50ml","status":"publish","type":"product","link":"https:\/\/stylingagenten.com\/fi\/tuote\/zadig-voltaire-this-is-him-edt-50ml\/","title":{"rendered":"Zadig &amp; Voltaire This is Him Edt 50ml"},"content":{"rendered":"<p>T\u00e4m\u00e4 on h\u00e4n on Zadig &amp; Voltaire, joka huokuu kapinallista maskuliinisuutta, vapautta ja itsevarmuutta.<br \/>Rikkastettu ylellisell\u00e4 sekoituksella mausteista suitsuketta, greippi\u00e4, mustapippuria ja vaniljaa, joka ymp\u00e4r\u00f6i pitk\u00e4n ja syv\u00e4n santelipuupohjan.<\/p>\n","protected":false},"excerpt":{"rendered":"<p>T\u00e4m\u00e4 on h\u00e4n on Zadig &amp; Voltaire, joka huokuu kapinallista maskuliinisuutta, vapautta ja itsevarmuutta.Rikkastettu ylellisell\u00e4 sekoituksella mausteista suitsuketta, greippi\u00e4, mustapippuria ja vaniljaa, joka ymp\u00e4r\u00f6i pitk\u00e4n ja syv\u00e4n santelipuupohjan.<\/p>\n","protected":false},"featured_media":139285,"comment_status":"open","ping_status":"closed","template":"","meta":{"_trash_the_other_posts":false},"product_brand":[],"product_cat":[1000,709,735],"product_tag":[4120],"berocket_brand":[1153],"class_list":{"0":"post-139286","1":"product","2":"type-product","3":"status-publish","4":"has-post-thumbnail","6":"product_cat-kampanjatarjous-miehelle","7":"product_cat-miesten-eau-de-toilette","8":"product_cat-kampanjamme","9":"product_tag-zadig-voltaire-this-is-him-edt","10":"pa_brand-zadig-voltaire","11":"pa_variantti-50ml","12":"berocket_brand-zadig-voltaire","14":"first","15":"instock","16":"sale","17":"taxable","18":"shipping-taxable","19":"purchasable","20":"product-type-simple"},"_links":{"self":[{"href":"https:\/\/stylingagenten.com\/fi\/wp-json\/wp\/v2\/product\/139286","targetHints":{"allow":["GET"]}}],"collection":[{"href":"https:\/\/stylingagenten.com\/fi\/wp-json\/wp\/v2\/product"}],"about":[{"href":"https:\/\/stylingagenten.com\/fi\/wp-json\/wp\/v2\/types\/product"}],"replies":[{"embeddable":true,"href":"https:\/\/stylingagenten.com\/fi\/wp-json\/wp\/v2\/comments?post=139286"}],"version-history":[{"count":0,"href":"https:\/\/stylingagenten.com\/fi\/wp-json\/wp\/v2\/product\/139286\/revisions"}],"wp:featuredmedia":[{"embeddable":true,"href":"https:\/\/stylingagenten.com\/fi\/wp-json\/wp\/v2\/media\/139285"}],"wp:attachment":[{"href":"https:\/\/stylingagenten.com\/fi\/wp-json\/wp\/v2\/media?parent=139286"}],"wp:term":[{"taxonomy":"product_brand","embeddable":true,"href":"https:\/\/stylingagenten.com\/fi\/wp-json\/wp\/v2\/product_brand?post=139286"},{"taxonomy":"product_cat","embeddable":true,"href":"https:\/\/stylingagenten.com\/fi\/wp-json\/wp\/v2\/product_cat?post=139286"},{"taxonomy":"product_tag","embeddable":true,"href":"https:\/\/stylingagenten.com\/fi\/wp-json\/wp\/v2\/product_tag?post=139286"},{"taxonomy":"berocket_brand","embeddable":true,"href":"https:\/\/stylingagenten.com\/fi\/wp-json\/wp\/v2\/berocket_brand?post=139286"}],"curies":[{"name":"wp","href":"https:\/\/api.w.org\/{rel}","templated":true}]}}