{"id":139268,"date":"2025-05-18T23:02:35","date_gmt":"2025-05-18T23:02:35","guid":{"rendered":"https:\/\/staging2.stylingagenten.com\/fi\/produkt\/hugo-boss-bottled-tonic-edt-50ml\/"},"modified":"2026-03-31T06:08:29","modified_gmt":"2026-03-31T06:08:29","slug":"hugo-boss-bottled-tonic-edt-50ml","status":"publish","type":"product","link":"https:\/\/stylingagenten.com\/fi\/tuote\/hugo-boss-bottled-tonic-edt-50ml\/","title":{"rendered":"Hugo Boss Bottled Tonic Edt 50ml"},"content":{"rendered":"<p>BOSS BOTTLED TONIC, uusi, raikas tuoksu ikoniseen BOSS BOTTLED -tuoksusarjaan, esittelee modernin maskuliinisuuden uuden puolen ja kutsuu modernia miest\u00e4 varaamaan aikaa p&amp;aringin lataamiseen. tie uusiin menestyksiin.<\/p>\n<p>BOSS BOTTLED TONIC on raikas, maskuliininen tuoksu, jossa on elegantti yhdistelm\u00e4 hienostuneita sitrushedelmi\u00e4, mausteita ja puun vivahteita \u2013 virkist\u00e4v\u00e4 ja hieman ttare-versio klassisesta alkuper\u00e4isest\u00e4.<\/p>\n","protected":false},"excerpt":{"rendered":"<p>BOSS BOTTLED TONIC, uusi, raikas tuoksu ikoniseen BOSS BOTTLED -tuoksusarjaan, esittelee modernin maskuliinisuuden uuden puolen ja kutsuu modernia miest\u00e4 varaamaan aikaa p&amp;aringin lataamiseen. tie uusiin menestyksiin. BOSS BOTTLED TONIC on raikas, maskuliininen tuoksu, jossa on elegantti yhdistelm\u00e4 hienostuneita sitrushedelmi\u00e4, mausteita ja puun vivahteita \u2013 virkist\u00e4v\u00e4 ja hieman ttare-versio klassisesta alkuper\u00e4isest\u00e4.<\/p>\n","protected":false},"featured_media":139266,"comment_status":"open","ping_status":"closed","template":"","meta":{"_trash_the_other_posts":false},"product_brand":[],"product_cat":[1006,1000,709,735],"product_tag":[2981],"berocket_brand":[1339],"class_list":{"0":"post-139268","1":"product","2":"type-product","3":"status-publish","4":"has-post-thumbnail","6":"product_cat-kampanjahinta","7":"product_cat-kampanjatarjous-miehelle","8":"product_cat-miesten-eau-de-toilette","9":"product_cat-kampanjamme","10":"product_tag-hugo-boss-bottled-tonic-edt","11":"pa_brand-hugo-boss","12":"pa_variantti-50ml","13":"berocket_brand-hugo-boss","15":"first","16":"instock","17":"sale","18":"taxable","19":"shipping-taxable","20":"purchasable","21":"product-type-simple"},"_links":{"self":[{"href":"https:\/\/stylingagenten.com\/fi\/wp-json\/wp\/v2\/product\/139268","targetHints":{"allow":["GET"]}}],"collection":[{"href":"https:\/\/stylingagenten.com\/fi\/wp-json\/wp\/v2\/product"}],"about":[{"href":"https:\/\/stylingagenten.com\/fi\/wp-json\/wp\/v2\/types\/product"}],"replies":[{"embeddable":true,"href":"https:\/\/stylingagenten.com\/fi\/wp-json\/wp\/v2\/comments?post=139268"}],"version-history":[{"count":0,"href":"https:\/\/stylingagenten.com\/fi\/wp-json\/wp\/v2\/product\/139268\/revisions"}],"wp:featuredmedia":[{"embeddable":true,"href":"https:\/\/stylingagenten.com\/fi\/wp-json\/wp\/v2\/media\/139266"}],"wp:attachment":[{"href":"https:\/\/stylingagenten.com\/fi\/wp-json\/wp\/v2\/media?parent=139268"}],"wp:term":[{"taxonomy":"product_brand","embeddable":true,"href":"https:\/\/stylingagenten.com\/fi\/wp-json\/wp\/v2\/product_brand?post=139268"},{"taxonomy":"product_cat","embeddable":true,"href":"https:\/\/stylingagenten.com\/fi\/wp-json\/wp\/v2\/product_cat?post=139268"},{"taxonomy":"product_tag","embeddable":true,"href":"https:\/\/stylingagenten.com\/fi\/wp-json\/wp\/v2\/product_tag?post=139268"},{"taxonomy":"berocket_brand","embeddable":true,"href":"https:\/\/stylingagenten.com\/fi\/wp-json\/wp\/v2\/berocket_brand?post=139268"}],"curies":[{"name":"wp","href":"https:\/\/api.w.org\/{rel}","templated":true}]}}