{"id":139231,"date":"2025-05-18T23:02:25","date_gmt":"2025-05-18T23:02:25","guid":{"rendered":"https:\/\/staging2.stylingagenten.com\/fi\/produkt\/calvin-klein-euphoria-for-men-edt-100ml\/"},"modified":"2026-04-14T20:28:51","modified_gmt":"2026-04-14T20:28:51","slug":"calvin-klein-euphoria-for-men-edt-100ml","status":"publish","type":"product","link":"https:\/\/stylingagenten.com\/fi\/tuote\/calvin-klein-euphoria-for-men-edt-100ml\/","title":{"rendered":"Calvin Klein Euphoria For Men Edt 100ml"},"content":{"rendered":"<p>Euphoria For Men -tuotteessa on maskuliininen sitke\u00e4 s\u00e4vy, jossa tuoksuu mokkaa, pippuria ja mausteita.<\/p>\n<p><strong>Tuoksutuoksu:<\/strong> pippuri, inkiv\u00e4\u00e4ri, sudachi, setrilehti, salvia, musta basilika, Patchouli, Sequoia, mokka ja meripihka.<\/p>\n","protected":false},"excerpt":{"rendered":"<p>Euphoria For Men -tuotteessa on maskuliininen sitke\u00e4 s\u00e4vy, jossa tuoksuu mokkaa, pippuria ja mausteita. Tuoksutuoksu: pippuri, inkiv\u00e4\u00e4ri, sudachi, setrilehti, salvia, musta basilika, Patchouli, Sequoia, mokka ja meripihka.<\/p>\n","protected":false},"featured_media":139227,"comment_status":"open","ping_status":"closed","template":"","meta":{"_trash_the_other_posts":false},"product_brand":[],"product_cat":[1000,709,735],"product_tag":[2656],"berocket_brand":[1014],"class_list":{"0":"post-139231","1":"product","2":"type-product","3":"status-publish","4":"has-post-thumbnail","6":"product_cat-kampanjatarjous-miehelle","7":"product_cat-miesten-eau-de-toilette","8":"product_cat-kampanjamme","9":"product_tag-calvin-klein-euphoria-for-men-edt","10":"pa_brand-calvin-klein","11":"pa_variantti-100ml","12":"berocket_brand-calvin-klein","14":"first","15":"instock","16":"sale","17":"taxable","18":"shipping-taxable","19":"purchasable","20":"product-type-simple"},"_links":{"self":[{"href":"https:\/\/stylingagenten.com\/fi\/wp-json\/wp\/v2\/product\/139231","targetHints":{"allow":["GET"]}}],"collection":[{"href":"https:\/\/stylingagenten.com\/fi\/wp-json\/wp\/v2\/product"}],"about":[{"href":"https:\/\/stylingagenten.com\/fi\/wp-json\/wp\/v2\/types\/product"}],"replies":[{"embeddable":true,"href":"https:\/\/stylingagenten.com\/fi\/wp-json\/wp\/v2\/comments?post=139231"}],"version-history":[{"count":0,"href":"https:\/\/stylingagenten.com\/fi\/wp-json\/wp\/v2\/product\/139231\/revisions"}],"wp:featuredmedia":[{"embeddable":true,"href":"https:\/\/stylingagenten.com\/fi\/wp-json\/wp\/v2\/media\/139227"}],"wp:attachment":[{"href":"https:\/\/stylingagenten.com\/fi\/wp-json\/wp\/v2\/media?parent=139231"}],"wp:term":[{"taxonomy":"product_brand","embeddable":true,"href":"https:\/\/stylingagenten.com\/fi\/wp-json\/wp\/v2\/product_brand?post=139231"},{"taxonomy":"product_cat","embeddable":true,"href":"https:\/\/stylingagenten.com\/fi\/wp-json\/wp\/v2\/product_cat?post=139231"},{"taxonomy":"product_tag","embeddable":true,"href":"https:\/\/stylingagenten.com\/fi\/wp-json\/wp\/v2\/product_tag?post=139231"},{"taxonomy":"berocket_brand","embeddable":true,"href":"https:\/\/stylingagenten.com\/fi\/wp-json\/wp\/v2\/berocket_brand?post=139231"}],"curies":[{"name":"wp","href":"https:\/\/api.w.org\/{rel}","templated":true}]}}