{"id":139222,"date":"2025-05-18T23:02:23","date_gmt":"2025-05-18T23:02:23","guid":{"rendered":"https:\/\/staging2.stylingagenten.com\/fi\/produkt\/diesel-fuel-for-life-for-him-edt-50ml\/"},"modified":"2026-04-14T10:48:31","modified_gmt":"2026-04-14T10:48:31","slug":"diesel-fuel-for-life-for-him-edt-50ml","status":"publish","type":"product","link":"https:\/\/stylingagenten.com\/fi\/tuote\/diesel-fuel-for-life-for-him-edt-50ml\/","title":{"rendered":"Diesel Fuel For Life For Him Edt 50ml"},"content":{"rendered":"<p>Diesel Fuel For Life For Him on moderni ja aromaattinen tuoksu, jossa on muun muassa t\u00e4htianista, greippi\u00e4 ja puuta. Yhdess\u00e4 ainesosat muodostavat maskuliinisen ja tunnusomaisen koostumuksen.<\/p>\n<p><strong>Tuoksutuoksu:<\/strong> t\u00e4htianis, greippi, laventeli, vadelma, heliotop, orapihlaja, vanilja, vetiveria\u00f6ljy ja setri.<\/strong> p&gt;<\/p>\n","protected":false},"excerpt":{"rendered":"<p>Diesel Fuel For Life For Him on moderni ja aromaattinen tuoksu, jossa on muun muassa t\u00e4htianista, greippi\u00e4 ja puuta. Yhdess\u00e4 ainesosat muodostavat maskuliinisen ja tunnusomaisen koostumuksen. Tuoksutuoksu: t\u00e4htianis, greippi, laventeli, vadelma, heliotop, orapihlaja, vanilja, vetiveria\u00f6ljy ja setri. p&gt;<\/p>\n","protected":false},"featured_media":139219,"comment_status":"open","ping_status":"closed","template":"","meta":{"_trash_the_other_posts":false},"product_brand":[],"product_cat":[1000,709,1003,735],"product_tag":[2802],"berocket_brand":[1288],"class_list":{"0":"post-139222","1":"product","2":"type-product","3":"status-publish","4":"has-post-thumbnail","6":"product_cat-kampanjatarjous-miehelle","7":"product_cat-miesten-eau-de-toilette","8":"product_cat-myydyimmat","9":"product_cat-kampanjamme","10":"product_tag-diesel-fuel-for-life-for-him-edt","11":"pa_brand-diesel","12":"pa_variantti-50ml","13":"berocket_brand-diesel","15":"first","16":"instock","17":"sale","18":"taxable","19":"shipping-taxable","20":"purchasable","21":"product-type-simple"},"_links":{"self":[{"href":"https:\/\/stylingagenten.com\/fi\/wp-json\/wp\/v2\/product\/139222","targetHints":{"allow":["GET"]}}],"collection":[{"href":"https:\/\/stylingagenten.com\/fi\/wp-json\/wp\/v2\/product"}],"about":[{"href":"https:\/\/stylingagenten.com\/fi\/wp-json\/wp\/v2\/types\/product"}],"replies":[{"embeddable":true,"href":"https:\/\/stylingagenten.com\/fi\/wp-json\/wp\/v2\/comments?post=139222"}],"version-history":[{"count":0,"href":"https:\/\/stylingagenten.com\/fi\/wp-json\/wp\/v2\/product\/139222\/revisions"}],"wp:featuredmedia":[{"embeddable":true,"href":"https:\/\/stylingagenten.com\/fi\/wp-json\/wp\/v2\/media\/139219"}],"wp:attachment":[{"href":"https:\/\/stylingagenten.com\/fi\/wp-json\/wp\/v2\/media?parent=139222"}],"wp:term":[{"taxonomy":"product_brand","embeddable":true,"href":"https:\/\/stylingagenten.com\/fi\/wp-json\/wp\/v2\/product_brand?post=139222"},{"taxonomy":"product_cat","embeddable":true,"href":"https:\/\/stylingagenten.com\/fi\/wp-json\/wp\/v2\/product_cat?post=139222"},{"taxonomy":"product_tag","embeddable":true,"href":"https:\/\/stylingagenten.com\/fi\/wp-json\/wp\/v2\/product_tag?post=139222"},{"taxonomy":"berocket_brand","embeddable":true,"href":"https:\/\/stylingagenten.com\/fi\/wp-json\/wp\/v2\/berocket_brand?post=139222"}],"curies":[{"name":"wp","href":"https:\/\/api.w.org\/{rel}","templated":true}]}}