{"id":139218,"date":"2025-05-18T23:02:21","date_gmt":"2025-05-18T23:02:21","guid":{"rendered":"https:\/\/staging2.stylingagenten.com\/fi\/produkt\/carolina-herrera-212-men-nyc-edt-50ml\/"},"modified":"2026-03-26T18:23:37","modified_gmt":"2026-03-26T18:23:37","slug":"carolina-herrera-212-men-nyc-edt-50ml","status":"publish","type":"product","link":"https:\/\/stylingagenten.com\/fi\/tuote\/carolina-herrera-212-men-nyc-edt-50ml\/","title":{"rendered":"Carolina Herrera 212 Men NYC Edt 50ml"},"content":{"rendered":"<p>Carolina Herrera 212 Men NYC on raikas tuoksu, jossa on sekoitus vihreit\u00e4 vivahteita, laventelia ja myski\u00e4. Hajuvesi on aistillinen ja elegantti ja sopii hienostuneelle miehelle.<\/p>\n<p><strong>Tuoksutuoksu:<\/strong> sitrushedelmien lehdet, vihreet, mausteenlehdet, eksoottiset mausteet, inkiv\u00e4\u00e4ri, vihre\u00e4 paprika, gardenian lehdet, santelipuu, suitsuke &amp; valkoinen myski.<\/p>\n","protected":false},"excerpt":{"rendered":"<p>Carolina Herrera 212 Men NYC on raikas tuoksu, jossa on sekoitus vihreit\u00e4 vivahteita, laventelia ja myski\u00e4. Hajuvesi on aistillinen ja elegantti ja sopii hienostuneelle miehelle. Tuoksutuoksu: sitrushedelmien lehdet, vihreet, mausteenlehdet, eksoottiset mausteet, inkiv\u00e4\u00e4ri, vihre\u00e4 paprika, gardenian lehdet, santelipuu, suitsuke &amp; valkoinen myski.<\/p>\n","protected":false},"featured_media":139214,"comment_status":"open","ping_status":"closed","template":"","meta":{"_trash_the_other_posts":false},"product_brand":[],"product_cat":[1000,709,735],"product_tag":[2672],"berocket_brand":[1099],"class_list":{"0":"post-139218","1":"product","2":"type-product","3":"status-publish","4":"has-post-thumbnail","6":"product_cat-kampanjatarjous-miehelle","7":"product_cat-miesten-eau-de-toilette","8":"product_cat-kampanjamme","9":"product_tag-carolina-herrera-212-men-nyc-edt","10":"pa_brand-carolina-herrera","11":"pa_variantti-50ml","12":"berocket_brand-carolina-herrera","14":"first","15":"instock","16":"sale","17":"taxable","18":"shipping-taxable","19":"purchasable","20":"product-type-simple"},"_links":{"self":[{"href":"https:\/\/stylingagenten.com\/fi\/wp-json\/wp\/v2\/product\/139218","targetHints":{"allow":["GET"]}}],"collection":[{"href":"https:\/\/stylingagenten.com\/fi\/wp-json\/wp\/v2\/product"}],"about":[{"href":"https:\/\/stylingagenten.com\/fi\/wp-json\/wp\/v2\/types\/product"}],"replies":[{"embeddable":true,"href":"https:\/\/stylingagenten.com\/fi\/wp-json\/wp\/v2\/comments?post=139218"}],"version-history":[{"count":0,"href":"https:\/\/stylingagenten.com\/fi\/wp-json\/wp\/v2\/product\/139218\/revisions"}],"wp:featuredmedia":[{"embeddable":true,"href":"https:\/\/stylingagenten.com\/fi\/wp-json\/wp\/v2\/media\/139214"}],"wp:attachment":[{"href":"https:\/\/stylingagenten.com\/fi\/wp-json\/wp\/v2\/media?parent=139218"}],"wp:term":[{"taxonomy":"product_brand","embeddable":true,"href":"https:\/\/stylingagenten.com\/fi\/wp-json\/wp\/v2\/product_brand?post=139218"},{"taxonomy":"product_cat","embeddable":true,"href":"https:\/\/stylingagenten.com\/fi\/wp-json\/wp\/v2\/product_cat?post=139218"},{"taxonomy":"product_tag","embeddable":true,"href":"https:\/\/stylingagenten.com\/fi\/wp-json\/wp\/v2\/product_tag?post=139218"},{"taxonomy":"berocket_brand","embeddable":true,"href":"https:\/\/stylingagenten.com\/fi\/wp-json\/wp\/v2\/berocket_brand?post=139218"}],"curies":[{"name":"wp","href":"https:\/\/api.w.org\/{rel}","templated":true}]}}