{"id":139129,"date":"2025-05-18T23:01:54","date_gmt":"2025-05-18T23:01:54","guid":{"rendered":"https:\/\/staging2.stylingagenten.com\/fi\/produkt\/calvin-klein-ck-in2u-him-edt-50ml\/"},"modified":"2026-04-14T09:51:31","modified_gmt":"2026-04-14T09:51:31","slug":"calvin-klein-ck-in2u-him-edt-50ml","status":"publish","type":"product","link":"https:\/\/stylingagenten.com\/fi\/tuote\/calvin-klein-ck-in2u-him-edt-50ml\/","title":{"rendered":"Calvin Klein CK IN2U Him Edt 50ml"},"content":{"rendered":"<p>Calvin Klein CK IN2U Him on raikas, it\u00e4mainen ja puinen tuoksu niille, jotka el\u00e4v\u00e4t hetkess\u00e4.<\/p>\n<p><strong>Tuoksutuoksu:<\/strong> greipinlehti, limetti, gin fizz, himme\u00e4 tangelo , kaakaopapu, pimento, viherminttu, myski, vetiveria\u00f6ljy ja valkoinen setri<\/p>\n","protected":false},"excerpt":{"rendered":"<p>Calvin Klein CK IN2U Him on raikas, it\u00e4mainen ja puinen tuoksu niille, jotka el\u00e4v\u00e4t hetkess\u00e4. Tuoksutuoksu: greipinlehti, limetti, gin fizz, himme\u00e4 tangelo , kaakaopapu, pimento, viherminttu, myski, vetiveria\u00f6ljy ja valkoinen setri<\/p>\n","protected":false},"featured_media":139126,"comment_status":"open","ping_status":"closed","template":"","meta":{"_trash_the_other_posts":false},"product_brand":[],"product_cat":[746,1006,1000,709,1003,735],"product_tag":[2637],"berocket_brand":[1014],"class_list":{"0":"post-139129","1":"product","2":"type-product","3":"status-publish","4":"has-post-thumbnail","6":"product_cat-calvin-klein-ck-in2u","7":"product_cat-kampanjahinta","8":"product_cat-kampanjatarjous-miehelle","9":"product_cat-miesten-eau-de-toilette","10":"product_cat-myydyimmat","11":"product_cat-kampanjamme","12":"product_tag-calvin-klein-ck-in2u-him-edt","13":"pa_brand-calvin-klein","14":"pa_variantti-50ml","15":"berocket_brand-calvin-klein","17":"first","18":"instock","19":"sale","20":"taxable","21":"shipping-taxable","22":"purchasable","23":"product-type-simple"},"_links":{"self":[{"href":"https:\/\/stylingagenten.com\/fi\/wp-json\/wp\/v2\/product\/139129","targetHints":{"allow":["GET"]}}],"collection":[{"href":"https:\/\/stylingagenten.com\/fi\/wp-json\/wp\/v2\/product"}],"about":[{"href":"https:\/\/stylingagenten.com\/fi\/wp-json\/wp\/v2\/types\/product"}],"replies":[{"embeddable":true,"href":"https:\/\/stylingagenten.com\/fi\/wp-json\/wp\/v2\/comments?post=139129"}],"version-history":[{"count":0,"href":"https:\/\/stylingagenten.com\/fi\/wp-json\/wp\/v2\/product\/139129\/revisions"}],"wp:featuredmedia":[{"embeddable":true,"href":"https:\/\/stylingagenten.com\/fi\/wp-json\/wp\/v2\/media\/139126"}],"wp:attachment":[{"href":"https:\/\/stylingagenten.com\/fi\/wp-json\/wp\/v2\/media?parent=139129"}],"wp:term":[{"taxonomy":"product_brand","embeddable":true,"href":"https:\/\/stylingagenten.com\/fi\/wp-json\/wp\/v2\/product_brand?post=139129"},{"taxonomy":"product_cat","embeddable":true,"href":"https:\/\/stylingagenten.com\/fi\/wp-json\/wp\/v2\/product_cat?post=139129"},{"taxonomy":"product_tag","embeddable":true,"href":"https:\/\/stylingagenten.com\/fi\/wp-json\/wp\/v2\/product_tag?post=139129"},{"taxonomy":"berocket_brand","embeddable":true,"href":"https:\/\/stylingagenten.com\/fi\/wp-json\/wp\/v2\/berocket_brand?post=139129"}],"curies":[{"name":"wp","href":"https:\/\/api.w.org\/{rel}","templated":true}]}}