{"id":139119,"date":"2025-05-18T23:01:50","date_gmt":"2025-05-18T23:01:50","guid":{"rendered":"https:\/\/staging2.stylingagenten.com\/fi\/produkt\/hugo-boss-hugo-xy-edt-100ml\/"},"modified":"2026-03-25T19:58:35","modified_gmt":"2026-03-25T19:58:35","slug":"hugo-boss-hugo-xy-edt-100ml","status":"publish","type":"product","link":"https:\/\/stylingagenten.com\/fi\/tuote\/hugo-boss-hugo-xy-edt-100ml\/","title":{"rendered":"Hugo Boss Hugo XY Edt 100ml"},"content":{"rendered":"<p>Hugo Boss Hugo XY lanseerattiin vuonna 2007, ja se on Hugon kypsempi puoli. Siin\u00e4 on kiehtova vihre\u00e4 tuoksu basilikan, p\u00e4\u00e4ryn\u00e4n lehden ja bergamotin vivahteineen.<\/p>\n<p><strong>Tuoksutuoksu:<\/strong> bergamotti, p\u00e4\u00e4ryn\u00e4nlehti, kuivattu sitruuna, minttu, basilika, j\u00e4\u00e4murska, patsuli, libanonilainen setri &auml; &amp; myski.<\/p>\n","protected":false},"excerpt":{"rendered":"<p>Hugo Boss Hugo XY lanseerattiin vuonna 2007, ja se on Hugon kypsempi puoli. Siin\u00e4 on kiehtova vihre\u00e4 tuoksu basilikan, p\u00e4\u00e4ryn\u00e4n lehden ja bergamotin vivahteineen. Tuoksutuoksu: bergamotti, p\u00e4\u00e4ryn\u00e4nlehti, kuivattu sitruuna, minttu, basilika, j\u00e4\u00e4murska, patsuli, libanonilainen setri &auml; &amp; myski.<\/p>\n","protected":false},"featured_media":139117,"comment_status":"open","ping_status":"closed","template":"","meta":{"_trash_the_other_posts":false},"product_brand":[],"product_cat":[1000,709,1003,735],"product_tag":[2993],"berocket_brand":[1339],"class_list":{"0":"post-139119","1":"product","2":"type-product","3":"status-publish","4":"has-post-thumbnail","6":"product_cat-kampanjatarjous-miehelle","7":"product_cat-miesten-eau-de-toilette","8":"product_cat-myydyimmat","9":"product_cat-kampanjamme","10":"product_tag-hugo-boss-hugo-xy-edt","11":"pa_brand-hugo-boss","12":"pa_variantti-100ml","13":"berocket_brand-hugo-boss","15":"first","16":"outofstock","17":"sale","18":"taxable","19":"shipping-taxable","20":"purchasable","21":"product-type-simple"},"_links":{"self":[{"href":"https:\/\/stylingagenten.com\/fi\/wp-json\/wp\/v2\/product\/139119","targetHints":{"allow":["GET"]}}],"collection":[{"href":"https:\/\/stylingagenten.com\/fi\/wp-json\/wp\/v2\/product"}],"about":[{"href":"https:\/\/stylingagenten.com\/fi\/wp-json\/wp\/v2\/types\/product"}],"replies":[{"embeddable":true,"href":"https:\/\/stylingagenten.com\/fi\/wp-json\/wp\/v2\/comments?post=139119"}],"version-history":[{"count":0,"href":"https:\/\/stylingagenten.com\/fi\/wp-json\/wp\/v2\/product\/139119\/revisions"}],"wp:featuredmedia":[{"embeddable":true,"href":"https:\/\/stylingagenten.com\/fi\/wp-json\/wp\/v2\/media\/139117"}],"wp:attachment":[{"href":"https:\/\/stylingagenten.com\/fi\/wp-json\/wp\/v2\/media?parent=139119"}],"wp:term":[{"taxonomy":"product_brand","embeddable":true,"href":"https:\/\/stylingagenten.com\/fi\/wp-json\/wp\/v2\/product_brand?post=139119"},{"taxonomy":"product_cat","embeddable":true,"href":"https:\/\/stylingagenten.com\/fi\/wp-json\/wp\/v2\/product_cat?post=139119"},{"taxonomy":"product_tag","embeddable":true,"href":"https:\/\/stylingagenten.com\/fi\/wp-json\/wp\/v2\/product_tag?post=139119"},{"taxonomy":"berocket_brand","embeddable":true,"href":"https:\/\/stylingagenten.com\/fi\/wp-json\/wp\/v2\/berocket_brand?post=139119"}],"curies":[{"name":"wp","href":"https:\/\/api.w.org\/{rel}","templated":true}]}}