{"id":139114,"date":"2025-05-18T23:01:48","date_gmt":"2025-05-18T23:01:48","guid":{"rendered":"https:\/\/staging2.stylingagenten.com\/fi\/produkt\/david-beckham-intimately-for-him-edt-30ml\/"},"modified":"2026-03-30T13:52:32","modified_gmt":"2026-03-30T13:52:32","slug":"david-beckham-intimately-for-him-edt-30ml","status":"publish","type":"product","link":"https:\/\/stylingagenten.com\/fi\/tuote\/david-beckham-intimately-for-him-edt-30ml\/","title":{"rendered":"David Beckham Intimately For Him Edt 30ml"},"content":{"rendered":"<p>David Beckham on moderni parfyymi, jossa on puumaista &amp; mausteinen tuoksu, joka s\u00e4teilee l\u00e4mp\u00f6\u00e4 ja aistillisuutta.<\/p>\n<p><strong>Tuoksutuoksu:<\/strong> bergamotti, greippi, kardemumma, orvokki, muskottip\u00e4hkin\u00e4, t\u00e4htianis, santelipuu, patsuli &amp; keltainen.<\/p>\n","protected":false},"excerpt":{"rendered":"<p>David Beckham on moderni parfyymi, jossa on puumaista &amp; mausteinen tuoksu, joka s\u00e4teilee l\u00e4mp\u00f6\u00e4 ja aistillisuutta. Tuoksutuoksu: bergamotti, greippi, kardemumma, orvokki, muskottip\u00e4hkin\u00e4, t\u00e4htianis, santelipuu, patsuli &amp; keltainen.<\/p>\n","protected":false},"featured_media":139110,"comment_status":"open","ping_status":"closed","template":"","meta":{"_trash_the_other_posts":false},"product_brand":[],"product_cat":[752,709],"product_tag":[2774],"berocket_brand":[1281],"class_list":{"0":"post-139114","1":"product","2":"type-product","3":"status-publish","4":"has-post-thumbnail","6":"product_cat-david-beckham-intimately","7":"product_cat-miesten-eau-de-toilette","8":"product_tag-david-beckham-intimately-for-him-edt","9":"pa_brand-david-beckham","10":"pa_variantti-30ml","11":"berocket_brand-david-beckham","13":"first","14":"outofstock","15":"sale","16":"taxable","17":"shipping-taxable","18":"purchasable","19":"product-type-simple"},"_links":{"self":[{"href":"https:\/\/stylingagenten.com\/fi\/wp-json\/wp\/v2\/product\/139114","targetHints":{"allow":["GET"]}}],"collection":[{"href":"https:\/\/stylingagenten.com\/fi\/wp-json\/wp\/v2\/product"}],"about":[{"href":"https:\/\/stylingagenten.com\/fi\/wp-json\/wp\/v2\/types\/product"}],"replies":[{"embeddable":true,"href":"https:\/\/stylingagenten.com\/fi\/wp-json\/wp\/v2\/comments?post=139114"}],"version-history":[{"count":0,"href":"https:\/\/stylingagenten.com\/fi\/wp-json\/wp\/v2\/product\/139114\/revisions"}],"wp:featuredmedia":[{"embeddable":true,"href":"https:\/\/stylingagenten.com\/fi\/wp-json\/wp\/v2\/media\/139110"}],"wp:attachment":[{"href":"https:\/\/stylingagenten.com\/fi\/wp-json\/wp\/v2\/media?parent=139114"}],"wp:term":[{"taxonomy":"product_brand","embeddable":true,"href":"https:\/\/stylingagenten.com\/fi\/wp-json\/wp\/v2\/product_brand?post=139114"},{"taxonomy":"product_cat","embeddable":true,"href":"https:\/\/stylingagenten.com\/fi\/wp-json\/wp\/v2\/product_cat?post=139114"},{"taxonomy":"product_tag","embeddable":true,"href":"https:\/\/stylingagenten.com\/fi\/wp-json\/wp\/v2\/product_tag?post=139114"},{"taxonomy":"berocket_brand","embeddable":true,"href":"https:\/\/stylingagenten.com\/fi\/wp-json\/wp\/v2\/berocket_brand?post=139114"}],"curies":[{"name":"wp","href":"https:\/\/api.w.org\/{rel}","templated":true}]}}