{"id":139065,"date":"2025-05-18T23:01:31","date_gmt":"2025-05-18T23:01:31","guid":{"rendered":"https:\/\/staging2.stylingagenten.com\/fi\/produkt\/boucheron-pour-homme-edp-100ml\/"},"modified":"2026-03-17T12:47:38","modified_gmt":"2026-03-17T12:47:38","slug":"boucheron-pour-homme-edp-100ml","status":"publish","type":"product","link":"https:\/\/stylingagenten.com\/fi\/tuote\/boucheron-pour-homme-edp-100ml\/","title":{"rendered":"Boucheron Pour Homme Edp 100ml"},"content":{"rendered":"<p>Boucheron Pour Homme on intohimoinen ja sensaatiomainen hajuvesi itsevarmalle ja menestyv\u00e4lle miehelle. Varattu herrasmiehille.<br \/>Tuoksu t\u00e4ynn\u00e4 virkist\u00e4vi\u00e4 sitrushedelmi\u00e4 ja vahvasti maskuliinisia harmonia, jotka yhdess\u00e4 luovat tuoksun, joka huokuu eleganssia ja hienostuneisuutta.<\/p>\n<p>Tuoksuperhe &ndash; Sitrus\/aromaattinen<br \/>Yl\u00e4tuoksu &ndash; Laventeli, basilika ja bergamotti<br \/>Keskituoksu &ndash; Jasmiini, kielo ja orris-juuri<br \/>Pohjatuoksu &ndash; Santelipuu, meripihka ja myski<\/p>\n","protected":false},"excerpt":{"rendered":"<p>Boucheron Pour Homme on intohimoinen ja sensaatiomainen hajuvesi itsevarmalle ja menestyv\u00e4lle miehelle. Varattu herrasmiehille.Tuoksu t\u00e4ynn\u00e4 virkist\u00e4vi\u00e4 sitrushedelmi\u00e4 ja vahvasti maskuliinisia harmonia, jotka yhdess\u00e4 luovat tuoksun, joka huokuu eleganssia ja hienostuneisuutta. Tuoksuperhe &ndash; Sitrus\/aromaattinenYl\u00e4tuoksu &ndash; Laventeli, basilika ja bergamottiKeskituoksu &ndash; Jasmiini, kielo ja orris-juuriPohjatuoksu &ndash; Santelipuu, meripihka ja myski<\/p>\n","protected":false},"featured_media":139061,"comment_status":"open","ping_status":"closed","template":"","meta":{"_trash_the_other_posts":false},"product_brand":[],"product_cat":[708,1000,735],"product_tag":[],"berocket_brand":[1148],"class_list":{"0":"post-139065","1":"product","2":"type-product","3":"status-publish","4":"has-post-thumbnail","6":"product_cat-eau-de-parfum-miesten","7":"product_cat-kampanjatarjous-miehelle","8":"product_cat-kampanjamme","9":"pa_brand-boucheron","10":"berocket_brand-boucheron","12":"first","13":"instock","14":"sale","15":"taxable","16":"shipping-taxable","17":"purchasable","18":"product-type-simple"},"_links":{"self":[{"href":"https:\/\/stylingagenten.com\/fi\/wp-json\/wp\/v2\/product\/139065","targetHints":{"allow":["GET"]}}],"collection":[{"href":"https:\/\/stylingagenten.com\/fi\/wp-json\/wp\/v2\/product"}],"about":[{"href":"https:\/\/stylingagenten.com\/fi\/wp-json\/wp\/v2\/types\/product"}],"replies":[{"embeddable":true,"href":"https:\/\/stylingagenten.com\/fi\/wp-json\/wp\/v2\/comments?post=139065"}],"version-history":[{"count":0,"href":"https:\/\/stylingagenten.com\/fi\/wp-json\/wp\/v2\/product\/139065\/revisions"}],"wp:featuredmedia":[{"embeddable":true,"href":"https:\/\/stylingagenten.com\/fi\/wp-json\/wp\/v2\/media\/139061"}],"wp:attachment":[{"href":"https:\/\/stylingagenten.com\/fi\/wp-json\/wp\/v2\/media?parent=139065"}],"wp:term":[{"taxonomy":"product_brand","embeddable":true,"href":"https:\/\/stylingagenten.com\/fi\/wp-json\/wp\/v2\/product_brand?post=139065"},{"taxonomy":"product_cat","embeddable":true,"href":"https:\/\/stylingagenten.com\/fi\/wp-json\/wp\/v2\/product_cat?post=139065"},{"taxonomy":"product_tag","embeddable":true,"href":"https:\/\/stylingagenten.com\/fi\/wp-json\/wp\/v2\/product_tag?post=139065"},{"taxonomy":"berocket_brand","embeddable":true,"href":"https:\/\/stylingagenten.com\/fi\/wp-json\/wp\/v2\/berocket_brand?post=139065"}],"curies":[{"name":"wp","href":"https:\/\/api.w.org\/{rel}","templated":true}]}}