{"id":139008,"date":"2025-05-18T23:01:07","date_gmt":"2025-05-18T23:01:07","guid":{"rendered":"https:\/\/staging2.stylingagenten.com\/fi\/produkt\/lalique-encre-noire-men-sport-edt-100ml\/"},"modified":"2026-04-07T10:28:27","modified_gmt":"2026-04-07T10:28:27","slug":"lalique-encre-noire-men-sport-edt-100ml","status":"publish","type":"product","link":"https:\/\/stylingagenten.com\/fi\/tuote\/lalique-encre-noire-men-sport-edt-100ml\/","title":{"rendered":"Lalique Encre Noire Men Sport Edt 100ml"},"content":{"rendered":"<p>Tyylik\u00e4s ja dynaaminen Laliquen ikoninen maskuliininen tuoksu edustaa uutta lukua Encre Noirelle.<br \/>T\u00e4m\u00e4 versio on saanut inspiraationsa ylellisen Maisonin urheilullisesta puolelta.<br \/>Jousi; g raikkautta tunkeutuu varjoisten v\u00e4liin. sen tunnusomaista puumaista luonnetta.<\/p>\n<p>Yl\u00e4tuoksu: Bergamotti, greippi, sypressi, laventeli<br \/>Syd\u00e4ntuoksu: Vetyver, vesi, muskottip\u00e4hkin\u00e4 ;t<br \/>Pohjatuoksu: Kashimrtr&auml;d, myski<\/p>\n<p> p&gt;<\/p>\n","protected":false},"excerpt":{"rendered":"<p>Tyylik\u00e4s ja dynaaminen Laliquen ikoninen maskuliininen tuoksu edustaa uutta lukua Encre Noirelle.T\u00e4m\u00e4 versio on saanut inspiraationsa ylellisen Maisonin urheilullisesta puolelta.Jousi; g raikkautta tunkeutuu varjoisten v\u00e4liin. sen tunnusomaista puumaista luonnetta. Yl\u00e4tuoksu: Bergamotti, greippi, sypressi, laventeliSyd\u00e4ntuoksu: Vetyver, vesi, muskottip\u00e4hkin\u00e4 ;tPohjatuoksu: Kashimrtr&auml;d, myski p&gt;<\/p>\n","protected":false},"featured_media":139002,"comment_status":"open","ping_status":"closed","template":"","meta":{"_trash_the_other_posts":false},"product_brand":[],"product_cat":[1000,709,735],"product_tag":[3184],"berocket_brand":[1139],"class_list":{"0":"post-139008","1":"product","2":"type-product","3":"status-publish","4":"has-post-thumbnail","6":"product_cat-kampanjatarjous-miehelle","7":"product_cat-miesten-eau-de-toilette","8":"product_cat-kampanjamme","9":"product_tag-lalique-encre-noire-men-sport-edt","10":"pa_brand-lalique","11":"pa_variantti-100ml","12":"berocket_brand-lalique","14":"first","15":"instock","16":"sale","17":"taxable","18":"shipping-taxable","19":"purchasable","20":"product-type-simple"},"_links":{"self":[{"href":"https:\/\/stylingagenten.com\/fi\/wp-json\/wp\/v2\/product\/139008","targetHints":{"allow":["GET"]}}],"collection":[{"href":"https:\/\/stylingagenten.com\/fi\/wp-json\/wp\/v2\/product"}],"about":[{"href":"https:\/\/stylingagenten.com\/fi\/wp-json\/wp\/v2\/types\/product"}],"replies":[{"embeddable":true,"href":"https:\/\/stylingagenten.com\/fi\/wp-json\/wp\/v2\/comments?post=139008"}],"version-history":[{"count":0,"href":"https:\/\/stylingagenten.com\/fi\/wp-json\/wp\/v2\/product\/139008\/revisions"}],"wp:featuredmedia":[{"embeddable":true,"href":"https:\/\/stylingagenten.com\/fi\/wp-json\/wp\/v2\/media\/139002"}],"wp:attachment":[{"href":"https:\/\/stylingagenten.com\/fi\/wp-json\/wp\/v2\/media?parent=139008"}],"wp:term":[{"taxonomy":"product_brand","embeddable":true,"href":"https:\/\/stylingagenten.com\/fi\/wp-json\/wp\/v2\/product_brand?post=139008"},{"taxonomy":"product_cat","embeddable":true,"href":"https:\/\/stylingagenten.com\/fi\/wp-json\/wp\/v2\/product_cat?post=139008"},{"taxonomy":"product_tag","embeddable":true,"href":"https:\/\/stylingagenten.com\/fi\/wp-json\/wp\/v2\/product_tag?post=139008"},{"taxonomy":"berocket_brand","embeddable":true,"href":"https:\/\/stylingagenten.com\/fi\/wp-json\/wp\/v2\/berocket_brand?post=139008"}],"curies":[{"name":"wp","href":"https:\/\/api.w.org\/{rel}","templated":true}]}}