{"id":138983,"date":"2025-05-18T23:00:56","date_gmt":"2025-05-18T23:00:56","guid":{"rendered":"https:\/\/staging2.stylingagenten.com\/fi\/produkt\/ralph-lauren-polo-black-men-edt-75ml\/"},"modified":"2025-11-19T11:22:42","modified_gmt":"2025-11-19T11:22:42","slug":"ralph-lauren-polo-black-men-edt-75ml","status":"publish","type":"product","link":"https:\/\/stylingagenten.com\/fi\/tuote\/ralph-lauren-polo-black-men-edt-75ml\/","title":{"rendered":"Ralph Lauren Polo Black Men Edt 75ml"},"content":{"rendered":"<p>Polo Black on Ralph Laurenin trendik\u00e4s ja ter\u00e4v\u00e4 tuoksu.&nbsp;<\/p>\n<p>Yl\u00e4tuoksu: Mango, salvia,<br \/>Syd\u00e4ntuoksu: Silver Armoise, Hedione<br \/>Pohjatuoksu: Patchouli Noir, Santelipuu, Timberol, Tonkab&ouml;na<\/p>\n","protected":false},"excerpt":{"rendered":"<p>Polo Black on Ralph Laurenin trendik\u00e4s ja ter\u00e4v\u00e4 tuoksu.&nbsp; Yl\u00e4tuoksu: Mango, salvia,Syd\u00e4ntuoksu: Silver Armoise, HedionePohjatuoksu: Patchouli Noir, Santelipuu, Timberol, Tonkab&ouml;na<\/p>\n","protected":false},"featured_media":138979,"comment_status":"open","ping_status":"closed","template":"","meta":{"_trash_the_other_posts":false},"product_brand":[],"product_cat":[709,1003],"product_tag":[3852],"berocket_brand":[1015],"class_list":{"0":"post-138983","1":"product","2":"type-product","3":"status-publish","4":"has-post-thumbnail","6":"product_cat-miesten-eau-de-toilette","7":"product_cat-myydyimmat","8":"product_tag-ralph-lauren-polo-black-men-edt","9":"pa_brand-ralph-lauren","10":"pa_variantti-75ml","11":"berocket_brand-ralph-lauren","13":"first","14":"outofstock","15":"sale","16":"taxable","17":"shipping-taxable","18":"purchasable","19":"product-type-simple"},"_links":{"self":[{"href":"https:\/\/stylingagenten.com\/fi\/wp-json\/wp\/v2\/product\/138983","targetHints":{"allow":["GET"]}}],"collection":[{"href":"https:\/\/stylingagenten.com\/fi\/wp-json\/wp\/v2\/product"}],"about":[{"href":"https:\/\/stylingagenten.com\/fi\/wp-json\/wp\/v2\/types\/product"}],"replies":[{"embeddable":true,"href":"https:\/\/stylingagenten.com\/fi\/wp-json\/wp\/v2\/comments?post=138983"}],"version-history":[{"count":0,"href":"https:\/\/stylingagenten.com\/fi\/wp-json\/wp\/v2\/product\/138983\/revisions"}],"wp:featuredmedia":[{"embeddable":true,"href":"https:\/\/stylingagenten.com\/fi\/wp-json\/wp\/v2\/media\/138979"}],"wp:attachment":[{"href":"https:\/\/stylingagenten.com\/fi\/wp-json\/wp\/v2\/media?parent=138983"}],"wp:term":[{"taxonomy":"product_brand","embeddable":true,"href":"https:\/\/stylingagenten.com\/fi\/wp-json\/wp\/v2\/product_brand?post=138983"},{"taxonomy":"product_cat","embeddable":true,"href":"https:\/\/stylingagenten.com\/fi\/wp-json\/wp\/v2\/product_cat?post=138983"},{"taxonomy":"product_tag","embeddable":true,"href":"https:\/\/stylingagenten.com\/fi\/wp-json\/wp\/v2\/product_tag?post=138983"},{"taxonomy":"berocket_brand","embeddable":true,"href":"https:\/\/stylingagenten.com\/fi\/wp-json\/wp\/v2\/berocket_brand?post=138983"}],"curies":[{"name":"wp","href":"https:\/\/api.w.org\/{rel}","templated":true}]}}