{"id":138965,"date":"2025-05-18T23:00:48","date_gmt":"2025-05-18T23:00:48","guid":{"rendered":"https:\/\/staging2.stylingagenten.com\/fi\/produkt\/paco-rabanne-ultraviolet-man-edt-100ml\/"},"modified":"2026-03-11T22:02:01","modified_gmt":"2026-03-11T22:02:01","slug":"paco-rabanne-ultraviolet-man-edt-100ml","status":"publish","type":"product","link":"https:\/\/stylingagenten.com\/fi\/tuote\/paco-rabanne-ultraviolet-man-edt-100ml\/","title":{"rendered":"Paco Rabanne Ultraviolet Man Edt 100ml"},"content":{"rendered":"<p>Ranskalaisen muotitalon Paco Rabannen Ultraviolet Man on intensiivinen ja hienostunut miesten tuoksu, joka on saanut inspiraationsa t\u00e4m\u00e4n p\u00e4iv\u00e4n ja tulevaisuuden vallankumouksellisesta teknologiasta. Ultraviolet man on innovatiivinen tuoksukoostumus, jossa on ter\u00e4vi\u00e4 vivahteita, jotka stimuloivat aisteja t\u00e4ysin ainutlaatuinen makeinen.&nbsp;<\/p>\n<p>Alkutuoksu: ambra, minttu<br \/>Syd\u00e4ntuoksu: vetiveria\u00f6ljy, mustapippuri, mausteet<br \/>Pohjatuoksu: sammal, vanilja<\/p>\n","protected":false},"excerpt":{"rendered":"<p>Ranskalaisen muotitalon Paco Rabannen Ultraviolet Man on intensiivinen ja hienostunut miesten tuoksu, joka on saanut inspiraationsa t\u00e4m\u00e4n p\u00e4iv\u00e4n ja tulevaisuuden vallankumouksellisesta teknologiasta. Ultraviolet man on innovatiivinen tuoksukoostumus, jossa on ter\u00e4vi\u00e4 vivahteita, jotka stimuloivat aisteja t\u00e4ysin ainutlaatuinen makeinen.&nbsp; Alkutuoksu: ambra, minttuSyd\u00e4ntuoksu: vetiveria\u00f6ljy, mustapippuri, mausteetPohjatuoksu: sammal, vanilja<\/p>\n","protected":false},"featured_media":138959,"comment_status":"open","ping_status":"closed","template":"","meta":{"_trash_the_other_posts":false},"product_brand":[],"product_cat":[1000,709,1003,735],"product_tag":[3742],"berocket_brand":[1048],"class_list":{"0":"post-138965","1":"product","2":"type-product","3":"status-publish","4":"has-post-thumbnail","6":"product_cat-kampanjatarjous-miehelle","7":"product_cat-miesten-eau-de-toilette","8":"product_cat-myydyimmat","9":"product_cat-kampanjamme","10":"product_tag-paco-rabanne-ultraviolet-man-edt","11":"pa_brand-paco-rabanne","12":"pa_variantti-100ml","13":"berocket_brand-paco-rabanne","15":"first","16":"instock","17":"sale","18":"taxable","19":"shipping-taxable","20":"purchasable","21":"product-type-simple"},"_links":{"self":[{"href":"https:\/\/stylingagenten.com\/fi\/wp-json\/wp\/v2\/product\/138965","targetHints":{"allow":["GET"]}}],"collection":[{"href":"https:\/\/stylingagenten.com\/fi\/wp-json\/wp\/v2\/product"}],"about":[{"href":"https:\/\/stylingagenten.com\/fi\/wp-json\/wp\/v2\/types\/product"}],"replies":[{"embeddable":true,"href":"https:\/\/stylingagenten.com\/fi\/wp-json\/wp\/v2\/comments?post=138965"}],"version-history":[{"count":0,"href":"https:\/\/stylingagenten.com\/fi\/wp-json\/wp\/v2\/product\/138965\/revisions"}],"wp:featuredmedia":[{"embeddable":true,"href":"https:\/\/stylingagenten.com\/fi\/wp-json\/wp\/v2\/media\/138959"}],"wp:attachment":[{"href":"https:\/\/stylingagenten.com\/fi\/wp-json\/wp\/v2\/media?parent=138965"}],"wp:term":[{"taxonomy":"product_brand","embeddable":true,"href":"https:\/\/stylingagenten.com\/fi\/wp-json\/wp\/v2\/product_brand?post=138965"},{"taxonomy":"product_cat","embeddable":true,"href":"https:\/\/stylingagenten.com\/fi\/wp-json\/wp\/v2\/product_cat?post=138965"},{"taxonomy":"product_tag","embeddable":true,"href":"https:\/\/stylingagenten.com\/fi\/wp-json\/wp\/v2\/product_tag?post=138965"},{"taxonomy":"berocket_brand","embeddable":true,"href":"https:\/\/stylingagenten.com\/fi\/wp-json\/wp\/v2\/berocket_brand?post=138965"}],"curies":[{"name":"wp","href":"https:\/\/api.w.org\/{rel}","templated":true}]}}