{"id":138936,"date":"2025-05-18T23:00:36","date_gmt":"2025-05-18T23:00:36","guid":{"rendered":"https:\/\/staging2.stylingagenten.com\/fi\/produkt\/boucheron-pour-homme-edt-100ml\/"},"modified":"2026-04-12T20:38:28","modified_gmt":"2026-04-12T20:38:28","slug":"boucheron-pour-homme-edt-100ml","status":"publish","type":"product","link":"https:\/\/stylingagenten.com\/fi\/tuote\/boucheron-pour-homme-edt-100ml\/","title":{"rendered":"Boucheron Pour Homme EdT 100ml"},"content":{"rendered":"<p>Boucheron Pour Homme on intohimoinen ja sensaatiomainen hajuvesi itsevarmalle ja menestyv\u00e4lle miehelle. Varattu herrasmiehille.<br \/>Tuoksu t\u00e4ynn\u00e4 virkist\u00e4vi\u00e4 sitrushedelmi\u00e4 ja vahvoja maskuliinisia harmonia, jotka yhdess\u00e4 luovat tuoksun, joka huokuu eleganssia ja hienostuneisuutta.<\/p>\n<p>Yl\u00e4tuoksu: Laventeli, basilika ja bergamotti<br \/>Syd\u00e4ntuoksu: Jasmiini, kielo ja orris-juuri<br \/>Pohjatuoksu: santelipuu, meripihka ja myski<\/p>\n","protected":false},"excerpt":{"rendered":"<p>Boucheron Pour Homme on intohimoinen ja sensaatiomainen hajuvesi itsevarmalle ja menestyv\u00e4lle miehelle. Varattu herrasmiehille.Tuoksu t\u00e4ynn\u00e4 virkist\u00e4vi\u00e4 sitrushedelmi\u00e4 ja vahvoja maskuliinisia harmonia, jotka yhdess\u00e4 luovat tuoksun, joka huokuu eleganssia ja hienostuneisuutta. Yl\u00e4tuoksu: Laventeli, basilika ja bergamottiSyd\u00e4ntuoksu: Jasmiini, kielo ja orris-juuriPohjatuoksu: santelipuu, meripihka ja myski<\/p>\n","protected":false},"featured_media":138934,"comment_status":"open","ping_status":"closed","template":"","meta":{"_trash_the_other_posts":false},"product_brand":[],"product_cat":[1000,709,735],"product_tag":[2574],"berocket_brand":[1148],"class_list":{"0":"post-138936","1":"product","2":"type-product","3":"status-publish","4":"has-post-thumbnail","6":"product_cat-kampanjatarjous-miehelle","7":"product_cat-miesten-eau-de-toilette","8":"product_cat-kampanjamme","9":"product_tag-boucheron-pour-homme-edt","10":"pa_brand-boucheron","11":"pa_variantti-100ml","12":"berocket_brand-boucheron","14":"first","15":"instock","16":"sale","17":"taxable","18":"shipping-taxable","19":"purchasable","20":"product-type-simple"},"_links":{"self":[{"href":"https:\/\/stylingagenten.com\/fi\/wp-json\/wp\/v2\/product\/138936","targetHints":{"allow":["GET"]}}],"collection":[{"href":"https:\/\/stylingagenten.com\/fi\/wp-json\/wp\/v2\/product"}],"about":[{"href":"https:\/\/stylingagenten.com\/fi\/wp-json\/wp\/v2\/types\/product"}],"replies":[{"embeddable":true,"href":"https:\/\/stylingagenten.com\/fi\/wp-json\/wp\/v2\/comments?post=138936"}],"version-history":[{"count":0,"href":"https:\/\/stylingagenten.com\/fi\/wp-json\/wp\/v2\/product\/138936\/revisions"}],"wp:featuredmedia":[{"embeddable":true,"href":"https:\/\/stylingagenten.com\/fi\/wp-json\/wp\/v2\/media\/138934"}],"wp:attachment":[{"href":"https:\/\/stylingagenten.com\/fi\/wp-json\/wp\/v2\/media?parent=138936"}],"wp:term":[{"taxonomy":"product_brand","embeddable":true,"href":"https:\/\/stylingagenten.com\/fi\/wp-json\/wp\/v2\/product_brand?post=138936"},{"taxonomy":"product_cat","embeddable":true,"href":"https:\/\/stylingagenten.com\/fi\/wp-json\/wp\/v2\/product_cat?post=138936"},{"taxonomy":"product_tag","embeddable":true,"href":"https:\/\/stylingagenten.com\/fi\/wp-json\/wp\/v2\/product_tag?post=138936"},{"taxonomy":"berocket_brand","embeddable":true,"href":"https:\/\/stylingagenten.com\/fi\/wp-json\/wp\/v2\/berocket_brand?post=138936"}],"curies":[{"name":"wp","href":"https:\/\/api.w.org\/{rel}","templated":true}]}}