{"id":138933,"date":"2025-05-18T23:00:35","date_gmt":"2025-05-18T23:00:35","guid":{"rendered":"https:\/\/staging2.stylingagenten.com\/fi\/produkt\/hermes-un-jardin-sur-le-toit-edt-50-ml\/"},"modified":"2026-03-25T14:27:54","modified_gmt":"2026-03-25T14:27:54","slug":"hermes-un-jardin-sur-le-toit-edt-50-ml","status":"publish","type":"product","link":"https:\/\/stylingagenten.com\/fi\/tuote\/hermes-un-jardin-sur-le-toit-edt-50-ml\/","title":{"rendered":"Hermes Un Jardin Sur Le Toit Edt 50 ml"},"content":{"rendered":"<p>Un Jardin sur le Toit Eau de Toilette on Herm&eacute;sin eloisa unsiex-tuoksu. T\u00e4m\u00e4 hajuvesi kuvaa salaista puutaloa Pariisin kaupungin syd\u00e4mess\u00e4. Riippuva puinen sein\u00e4, joka sijaitsee talon katto Herm&egrave;s osoitteessa 24, faubourg Saint-Honor&eacute;. Omenapuu, p\u00e4\u00e4ryn\u00e4puu, villiruohon tuoksu ja ripaus magnoliaa Pariisin ilmassa luovat t\u00e4m\u00e4n valon ja ilon tuoksun, houkuttelevan ja t\u00e4ynn\u00e4 naurua. Siin\u00e4 on vihre\u00e4 tuoksu, jossa on ruusujen, p\u00e4\u00e4ryn\u00f6iden, omenoiden ja vihre\u00e4n villiruohon vivahteita.<\/p>\n","protected":false},"excerpt":{"rendered":"<p>Un Jardin sur le Toit Eau de Toilette on Herm&eacute;sin eloisa unsiex-tuoksu. T\u00e4m\u00e4 hajuvesi kuvaa salaista puutaloa Pariisin kaupungin syd\u00e4mess\u00e4. Riippuva puinen sein\u00e4, joka sijaitsee talon katto Herm&egrave;s osoitteessa 24, faubourg Saint-Honor&eacute;. Omenapuu, p\u00e4\u00e4ryn\u00e4puu, villiruohon tuoksu ja ripaus magnoliaa Pariisin ilmassa luovat t\u00e4m\u00e4n valon ja ilon tuoksun, houkuttelevan ja t\u00e4ynn\u00e4 naurua. Siin\u00e4 on vihre\u00e4 tuoksu, [&hellip;]<\/p>\n","protected":false},"featured_media":138928,"comment_status":"open","ping_status":"closed","template":"","meta":{"_trash_the_other_posts":false},"product_brand":[],"product_cat":[1000,709,735],"product_tag":[],"berocket_brand":[1337],"class_list":{"0":"post-138933","1":"product","2":"type-product","3":"status-publish","4":"has-post-thumbnail","6":"product_cat-kampanjatarjous-miehelle","7":"product_cat-miesten-eau-de-toilette","8":"product_cat-kampanjamme","9":"pa_brand-hermes","10":"berocket_brand-hermes","12":"first","13":"instock","14":"sale","15":"taxable","16":"shipping-taxable","17":"purchasable","18":"product-type-simple"},"_links":{"self":[{"href":"https:\/\/stylingagenten.com\/fi\/wp-json\/wp\/v2\/product\/138933","targetHints":{"allow":["GET"]}}],"collection":[{"href":"https:\/\/stylingagenten.com\/fi\/wp-json\/wp\/v2\/product"}],"about":[{"href":"https:\/\/stylingagenten.com\/fi\/wp-json\/wp\/v2\/types\/product"}],"replies":[{"embeddable":true,"href":"https:\/\/stylingagenten.com\/fi\/wp-json\/wp\/v2\/comments?post=138933"}],"version-history":[{"count":0,"href":"https:\/\/stylingagenten.com\/fi\/wp-json\/wp\/v2\/product\/138933\/revisions"}],"wp:featuredmedia":[{"embeddable":true,"href":"https:\/\/stylingagenten.com\/fi\/wp-json\/wp\/v2\/media\/138928"}],"wp:attachment":[{"href":"https:\/\/stylingagenten.com\/fi\/wp-json\/wp\/v2\/media?parent=138933"}],"wp:term":[{"taxonomy":"product_brand","embeddable":true,"href":"https:\/\/stylingagenten.com\/fi\/wp-json\/wp\/v2\/product_brand?post=138933"},{"taxonomy":"product_cat","embeddable":true,"href":"https:\/\/stylingagenten.com\/fi\/wp-json\/wp\/v2\/product_cat?post=138933"},{"taxonomy":"product_tag","embeddable":true,"href":"https:\/\/stylingagenten.com\/fi\/wp-json\/wp\/v2\/product_tag?post=138933"},{"taxonomy":"berocket_brand","embeddable":true,"href":"https:\/\/stylingagenten.com\/fi\/wp-json\/wp\/v2\/berocket_brand?post=138933"}],"curies":[{"name":"wp","href":"https:\/\/api.w.org\/{rel}","templated":true}]}}